{"id":1286,"date":"2018-01-09T19:47:57","date_gmt":"2018-01-09T19:47:57","guid":{"rendered":"https:\/\/isalidellavita.it\/philosophy\/"},"modified":"2018-02-10T06:37:25","modified_gmt":"2018-02-10T06:37:25","slug":"die-philosophie","status":"publish","type":"page","link":"https:\/\/isalidellavita.it\/de\/die-philosophie\/","title":{"rendered":"Die Philosophie"},"content":{"rendered":"<p>[vc_row][vc_column css=&#8220;.vc_custom_1515528031623{padding-top: 60px !important;padding-bottom: 60px !important;}&#8220;][vc_column_text el_class=&#8220;about-des&#8220;]<\/p>\n<h4>Wasser ist Leben<\/h4>\n<p>Ausgangspunkte der \u201cI Sali della Vita\u201d, der Lebenssalze, sind einerseits das Bewusstsein, in welchem Ma\u00dfe dieses Konzept zutiefst wahr und unumg\u00e4nglich ist, und andererseits die Entwicklung einer Idee, die gleicherma\u00dfen einfach und genial ist: Beim Entspannen im Pool oder im Wellness-Center neben Vergn\u00fcgen und Erholung auch gleichzeitig etwas f\u00fcr unsere Gesundheit und Sch\u00f6nheit zu tun.<\/p>\n<p>So wie das Wasser nachweislich bereits in fr\u00fchesten Kulturen als Grundlage von Fruchtbarkeit und Wohlbefinden betrachtet wurde, verhindert der hektische Rhythmus des westlich gepr\u00e4gten Lebens unbestreitbar den vollst\u00e4ndigen, regelm\u00e4\u00dfigen und bewussten Genuss seiner wohltuenden Eigenschaften.<\/p>\n<p>\u201cI Sali della Vita\u201d wollen angesichts dieses Mangels an Zeit und Raum Abhilfe schaffen: f\u00fcr erholsame Momente sind keine langen Reisen an Kurorte mehr n\u00f6tig, und auch an der eigenen Pool-Anlage sind keine aufw\u00e4ndigen Umbauten erforderlich.<\/p>\n<p>\u201cI Sali della Vita \u2013 Acqua Madre\u201d (Mutterlauge) besitzen \u2013 dank des Verfahrens der Biostabilisierung \u2013 die Merkmale der wertvollsten alkalisch-erdigen Thermalquellen und entfalten direkt im Pool oder in der Spa zu Hause die ganze wohlt\u00e4tige Wirkung der gesundheitsf\u00f6rdernden Mineralsalze Magnesium (Mg), Kalium (K) und Jod (I).<\/p>\n<p>In der Natur sind Mutterlaugen konzentrierte L\u00f6sungen, die sich infolge der Sonneneinstrahlung in Salzlagern durch Verdunstung des Meereswassers bilden: die Langsamkeit des Vorgangs und die Perfektion, mit der die Vorg\u00e4nge in der Natur ablaufen, machen diese L\u00f6sungen stabil und in konstantem Gleichgewicht zwischen ges\u00e4ttigter L\u00f6sung und Bodenk\u00f6rper.<\/p>\n<p>Die Barchemicals Laboratorien haben eine innovative Methode zur Perfektionierung der Biostabilisierung entwickelt zur Produktion dessen, wozu die Natur Hunderte von Jahren ben\u00f6tigt, durch nat\u00fcrliche S\u00e4ttigung der L\u00f6sung in relativ kurzen Zeiten. So werden die Lebenssalze, die \u201cI Sali della Vita\u201d gewonnen.<\/p>\n<p>5 Produktlinien f\u00fcr unterschiedliche Anwendungen \u2013 eigens entwickelt, um jegliche strukturelle und anlagentechnische Restriktion einfach zu \u00fcberwinden \u2013 versetzen Sie in eine neue Welt,in der Sie auf bestechend einfache Weise eine andauernde Erfahrung aus Gesundheitspflege,Entspannung, Wellness und Vergn\u00fcgen erleben.[\/vc_column_text][\/vc_column][\/vc_row]<\/p>\n","protected":false},"excerpt":{"rendered":"<p>[vc_row][vc_column css=&#8220;.vc_custom_1515528031623{padding-top: 60px !important;padding-bottom: 60px !important;}&#8220;][vc_column_text el_class=&#8220;about-des&#8220;] Wasser ist Leben Ausgangspunkte der \u201cI Sali della Vita\u201d, der Lebenssalze, sind einerseits das Bewusstsein, in welchem Ma\u00dfe dieses Konzept zutiefst wahr und unumg\u00e4nglich ist, und andererseits die Entwicklung einer Idee, die gleicherma\u00dfen einfach und genial ist: Beim Entspannen im Pool oder im Wellness-Center neben Vergn\u00fcgen und Erholung&#8230;<\/p>\n","protected":false},"author":2,"featured_media":0,"parent":0,"menu_order":0,"comment_status":"closed","ping_status":"closed","template":"","meta":[],"_links":{"self":[{"href":"https:\/\/isalidellavita.it\/de\/wp-json\/wp\/v2\/pages\/1286"}],"collection":[{"href":"https:\/\/isalidellavita.it\/de\/wp-json\/wp\/v2\/pages"}],"about":[{"href":"https:\/\/isalidellavita.it\/de\/wp-json\/wp\/v2\/types\/page"}],"author":[{"embeddable":true,"href":"https:\/\/isalidellavita.it\/de\/wp-json\/wp\/v2\/users\/2"}],"replies":[{"embeddable":true,"href":"https:\/\/isalidellavita.it\/de\/wp-json\/wp\/v2\/comments?post=1286"}],"version-history":[{"count":2,"href":"https:\/\/isalidellavita.it\/de\/wp-json\/wp\/v2\/pages\/1286\/revisions"}],"predecessor-version":[{"id":1339,"href":"https:\/\/isalidellavita.it\/de\/wp-json\/wp\/v2\/pages\/1286\/revisions\/1339"}],"wp:attachment":[{"href":"https:\/\/isalidellavita.it\/de\/wp-json\/wp\/v2\/media?parent=1286"}],"curies":[{"name":"wp","href":"https:\/\/api.w.org\/{rel}","templated":true}]}}