{"id":1288,"date":"2018-01-09T19:46:46","date_gmt":"2018-01-09T19:46:46","guid":{"rendered":"https:\/\/isalidellavita.it\/the-minerals\/"},"modified":"2018-02-10T14:34:10","modified_gmt":"2018-02-10T14:34:10","slug":"die-minerale","status":"publish","type":"page","link":"https:\/\/isalidellavita.it\/de\/die-minerale\/","title":{"rendered":"Die Minerale"},"content":{"rendered":"<p>[vc_row][vc_column el_class=&#8220;about-des&#8220; css=&#8220;.vc_custom_1515527488435{padding-top: 60px !important;padding-bottom: 60px !important;}&#8220;][vc_column_text]<\/p>\n<h4>Magnesium<\/h4>\n<p>Magnesium (Mg) ist f\u00fcr die Funktionsweise des menschlichen K\u00f6rpers von grundlegender Bedeutung; es reguliert beinahe 350 biochemische Reaktionen.<\/p>\n<p>Aber dieses Mineralsalz kann seine wichtigen Funktionen nur dann aus\u00fcben, wenn es in ausreichender Menge zugef\u00fchrt wird. Dabei ist zu beachten, dass nur ein Drittel der Gesamtmenge an Magnesium, das wir \u00fcber die Ern\u00e4hrung zu uns nehmen, auch vom K\u00f6rper aufgenommen wird.<\/p>\n<p>Stress, unausgewogene Di\u00e4ten, ungesunder Lebensstil sind Problemfaktoren, denen wir Tag f\u00fcr Tag ausgesetzt sind. Eine korrekte Magnesiumzufuhr hilft dabei, unser psychophysisches Gleichgewicht wiederzufinden.<\/p>\n<p>Zu den Hauptaufgaben des Magnesiums geh\u00f6ren: Erhalt der normalen Muskel- und Nervent\u00e4tigkeit, Regulierung des Herzschlags, St\u00e4rkung des Immunsystems und Kr\u00e4ftigung des Knochengewebes. Magnesium wirkt zudem entz\u00fcndungshemmend auf Haut und Schleimhaut und wirkt auf einige innere Organe abschwellend.<\/p>\n<h4>Kalium und Jod<\/h4>\n<p>Auch Kalium (K) ist von gro\u00dfer Bedeutung und sogar lebenswichtig, denn es spielt eine entscheidende Rolle bei der Eiwei\u00dfsynthese und bei der Umwandlung des Zuckers in Glykogen; es aktiviert zahlreiche Enzyme und insbesondere jene, die die Produktion von Energie betreffen, und schlie\u00dflich stimuliert es die Insulinsekretion.<\/p>\n<p>Unsere heutige Ern\u00e4hrung aus gekochten oder in hohem Ma\u00dfe verarbeiteten Speisen ist sehr arm an Kalium, das im Wesentlichen in Obst, rohem Gem\u00fcse, H\u00fclsenfr\u00fcchten, Vollkorn, N\u00fcssen, Bananen und Avocados enthalten ist. Ein Bad in Wasser, das im korrekten Ma\u00dfe kaliumhaltig ist, hilft somit, diesen Mangel auszugleichen.<\/p>\n<p>Schlie\u00dflich sei auch ein biologisch wichtiges Spurenelement wie das Jod (I) nicht vernachl\u00e4ssigt, das an vielen Prozessen des Stoffwechsels und Hormonhaushalts beteiligt ist.[\/vc_column_text][\/vc_column][\/vc_row]<\/p>\n","protected":false},"excerpt":{"rendered":"<p>[vc_row][vc_column el_class=&#8220;about-des&#8220; css=&#8220;.vc_custom_1515527488435{padding-top: 60px !important;padding-bottom: 60px !important;}&#8220;][vc_column_text] Magnesium Magnesium (Mg) ist f\u00fcr die Funktionsweise des menschlichen K\u00f6rpers von grundlegender Bedeutung; es reguliert beinahe 350 biochemische Reaktionen. Aber dieses Mineralsalz kann seine wichtigen Funktionen nur dann aus\u00fcben, wenn es in ausreichender Menge zugef\u00fchrt wird. Dabei ist zu beachten, dass nur ein Drittel der Gesamtmenge an Magnesium,&#8230;<\/p>\n","protected":false},"author":2,"featured_media":0,"parent":0,"menu_order":0,"comment_status":"closed","ping_status":"closed","template":"","meta":[],"_links":{"self":[{"href":"https:\/\/isalidellavita.it\/de\/wp-json\/wp\/v2\/pages\/1288"}],"collection":[{"href":"https:\/\/isalidellavita.it\/de\/wp-json\/wp\/v2\/pages"}],"about":[{"href":"https:\/\/isalidellavita.it\/de\/wp-json\/wp\/v2\/types\/page"}],"author":[{"embeddable":true,"href":"https:\/\/isalidellavita.it\/de\/wp-json\/wp\/v2\/users\/2"}],"replies":[{"embeddable":true,"href":"https:\/\/isalidellavita.it\/de\/wp-json\/wp\/v2\/comments?post=1288"}],"version-history":[{"count":3,"href":"https:\/\/isalidellavita.it\/de\/wp-json\/wp\/v2\/pages\/1288\/revisions"}],"predecessor-version":[{"id":1345,"href":"https:\/\/isalidellavita.it\/de\/wp-json\/wp\/v2\/pages\/1288\/revisions\/1345"}],"wp:attachment":[{"href":"https:\/\/isalidellavita.it\/de\/wp-json\/wp\/v2\/media?parent=1288"}],"curies":[{"name":"wp","href":"https:\/\/api.w.org\/{rel}","templated":true}]}}