{"id":1290,"date":"2018-01-09T19:45:57","date_gmt":"2018-01-09T19:45:57","guid":{"rendered":"https:\/\/isalidellavita.it\/wellness\/"},"modified":"2018-02-10T14:41:37","modified_gmt":"2018-02-10T14:41:37","slug":"wellness","status":"publish","type":"page","link":"https:\/\/isalidellavita.it\/de\/wellness\/","title":{"rendered":"Wellness"},"content":{"rendered":"<p>[vc_row][vc_column el_class=&#8220;about-des&#8220; css=&#8220;.vc_custom_1515528385267{padding-top: 60px !important;padding-bottom: 60px !important;}&#8220;][vc_column_text el_class=&#8220;about-des&#8220;]<\/p>\n<h4>I Sali della Vita f\u00fcr die Gesundheit und die Wiederherstellung der Funktionsf\u00e4higkeit<\/h4>\n<p>Wellness-Einrichtungen wie Schwimmb\u00e4der, Spas und Fitness-Clubs k\u00f6nnen heute nicht mehr auf Wasser verzichten, um ihren G\u00e4sten Wege zu Form und Fitness zu garantieren. So wie der Bau eines Wellness- oder Fitness-Zentrums gro\u00dfe Sorgfalt bei der Projektierung von R\u00e4umen erfordert, die alle Sinne der Besucher stimulieren, ist die Qualit\u00e4t des Wassers, in das die G\u00e4ste eintauchen, ebenso wichtig.<\/p>\n<p>Besondere Aufmerksamkeit hinsichtlich der chemisch-physikalischen und vor allem der bakteriologischen Aspekte des Wassers bietet Gew\u00e4hr daf\u00fcr, dass Momente der Erholung ollkommen unbesorgt erlebt werden k\u00f6nnen.<\/p>\n<p>Es gibt zahlreiche M\u00f6glichkeiten der Desinfektion und Aufbereitung, aber heute steht ein neues System zur Verf\u00fcgung, das einerseits ein f\u00fcr den K\u00f6rper ges\u00fcnderes Wasser garantiert und andererseits mit weniger Chemikalien zur Wasserdesinfektion auskommt: I Sali della Vita.<\/p>\n<h4>Die Gesundheit kann nicht warten<\/h4>\n<p>Die gesundheitsf\u00f6rdernde Wirkung der Inhaltsstoffe der Sali della Vita wie Mg, K, I sind seit Jahrzehnten bekannt, das hei\u00dft seitdem die Wissenschaft, die sich mit Thermalwasser besch\u00e4ftigt, mit wissenschaftlichen Erkenntnissen best\u00e4tigt hat, welche Wirkstoffe diese Wasser zu wahren, nat\u00fcrlichen Allheilmitteln machen.<br \/>\nIn diesem Sinne kann der Gebrauch der Sali della Vita in Schwimmb\u00e4dern, die insbesondere von Personen mit gesundheitlichen Problemen besucht werden (Haut und Schleimhaut mit \u00dcberempfindlichkeit vor allem gegen gechlortes Wasser, Bedarf an funktioneller, posttraumatischer Rehabilitation usw.) dazu beitragen, den Erholungsprozess zu beschleunigen und die durch das Chlor und seine Nebenprodukte bedingten Sensibilisierungserscheinungen zu mindern.<br \/>\nDer Gebrauch von \u201cI Sali della Vita\u201d in Schwimmb\u00e4dern f\u00fcr die funktionelle Rehabilitation und jene der Gehf\u00e4higkeit in der Physiotherapie nach Operationen oder Unf\u00e4llen verk\u00fcrzt die f\u00fcr Kalzifikation und Geweberegeneration erforderlichen Zeiten und beschleunigt damit die Heilung.<\/p>\n<h4>Tauchen Sie ein in das neue Wellness-Erlebnis<\/h4>\n<p>Das t\u00e4gliche Eintauchen in mit den Sali della Vita versetztes Wasser bewirkt einen Dr\u00e4nage- und Gl\u00e4ttungseffekt der Haut; die Epidermis trocknet nicht aus, da der Hautschutzmantel unversehrt bleibt.<br \/>\nDie Salze lagern sich an der Hautoberfl\u00e4che ab und vermeiden so das Austrocknen.<br \/>\nMg, K, I wirken auch reinigend: Die besondere Zusammensetzung der Sali della Vita erzeugt ein hom\u00f6ostatisches, eudermisches Geleichgewicht, durch das die Elimination der Toxine aus den oberen Hautschichten gef\u00f6rdert wird.<br \/>\nDas synergetische Gleichgewicht der enthaltenen Salzverbindungen unterst\u00fctzt den Organismus durch die Konzentration an Elementen, die den korrekten Hautstoffwechsel regulieren.<br \/>\nEin Bad in den Sali della Vita ist stets eine hervorragende Methode, um den S\u00e4urespiegel des K\u00f6rpers zu senken und den nat\u00fcrlichen pH-Wert der Haut wiederherzustellen.<br \/>\nMagnesium, Kalium und Jod sind, potenziert durch die besonderen Bio-Spurenelemente der Sali della Vita, in der Lage, die nat\u00fcrliche Zellerneuerung zu aktivieren, das Immunsystem zu st\u00e4rken und den Schlaf zu f\u00f6rdern. Und nicht zuletzt wirken sie intensiv gegen Stress sowie herzst\u00e4rkend.<br \/>\nIn Spas, Swimming Pools und Hydromassagebecken werden die Wirkstoffe der Sali della Vita dank der Vernebelung durch die Hydro- und Luftmassaged\u00fcsen durch Einatmen aufgenommen, was ihre wohltuende Wirkung noch weiter erh\u00f6ht.[\/vc_column_text][\/vc_column][\/vc_row]<\/p>\n","protected":false},"excerpt":{"rendered":"<p>[vc_row][vc_column el_class=&#8220;about-des&#8220; css=&#8220;.vc_custom_1515528385267{padding-top: 60px !important;padding-bottom: 60px !important;}&#8220;][vc_column_text el_class=&#8220;about-des&#8220;] I Sali della Vita f\u00fcr die Gesundheit und die Wiederherstellung der Funktionsf\u00e4higkeit Wellness-Einrichtungen wie Schwimmb\u00e4der, Spas und Fitness-Clubs k\u00f6nnen heute nicht mehr auf Wasser verzichten, um ihren G\u00e4sten Wege zu Form und Fitness zu garantieren. So wie der Bau eines Wellness- oder Fitness-Zentrums gro\u00dfe Sorgfalt bei der&#8230;<\/p>\n","protected":false},"author":2,"featured_media":0,"parent":0,"menu_order":0,"comment_status":"closed","ping_status":"closed","template":"","meta":[],"_links":{"self":[{"href":"https:\/\/isalidellavita.it\/de\/wp-json\/wp\/v2\/pages\/1290"}],"collection":[{"href":"https:\/\/isalidellavita.it\/de\/wp-json\/wp\/v2\/pages"}],"about":[{"href":"https:\/\/isalidellavita.it\/de\/wp-json\/wp\/v2\/types\/page"}],"author":[{"embeddable":true,"href":"https:\/\/isalidellavita.it\/de\/wp-json\/wp\/v2\/users\/2"}],"replies":[{"embeddable":true,"href":"https:\/\/isalidellavita.it\/de\/wp-json\/wp\/v2\/comments?post=1290"}],"version-history":[{"count":1,"href":"https:\/\/isalidellavita.it\/de\/wp-json\/wp\/v2\/pages\/1290\/revisions"}],"predecessor-version":[{"id":1346,"href":"https:\/\/isalidellavita.it\/de\/wp-json\/wp\/v2\/pages\/1290\/revisions\/1346"}],"wp:attachment":[{"href":"https:\/\/isalidellavita.it\/de\/wp-json\/wp\/v2\/media?parent=1290"}],"curies":[{"name":"wp","href":"https:\/\/api.w.org\/{rel}","templated":true}]}}