{"id":1292,"date":"2018-01-09T19:45:21","date_gmt":"2018-01-09T19:45:21","guid":{"rendered":"https:\/\/isalidellavita.it\/armony-and-beauty\/"},"modified":"2018-02-10T14:46:35","modified_gmt":"2018-02-10T14:46:35","slug":"harmonie-und-schoenheit","status":"publish","type":"page","link":"https:\/\/isalidellavita.it\/de\/harmonie-und-schoenheit\/","title":{"rendered":"Harmonie und Sch\u00f6nheit"},"content":{"rendered":"<p>[vc_row][vc_column][vc_column_text el_class=&#8220;about-des&#8220; css=&#8220;.vc_custom_1517721985031{padding-top: 60px !important;padding-bottom: 60px !important;}&#8220;]<\/p>\n<h4>Eine einzige L\u00f6sung f\u00fcr Schwimmb\u00e4der und Spas<\/h4>\n<p>Seit jeher ist das Wasser ein unverzichtbares Element f\u00fcr Wellness-Bereiche, wo es zur Widererlangung der k\u00f6rperlichen Form und in Gesundheits-Parcours eingesetzt wird; dazu kommt die Entwicklung in der Fitness-Welt, der Hydrotherapie un dWassergymnastik, die zahlreiche Fitness-Studios dazu veranlasst hat, Becken und Hydrotherapieinstrumente anzuschaffen, mit denen die k\u00f6rperliche Verfassung der G\u00e4ste und ihr Wohlbefinden verbessert werden.<\/p>\n<p>Seit die Barchemicals Laboratorien die \u201cSali della Vita\u201d entwickelt haben, hat das Konzept \u201eSalus Per Aquam\u201d, das hei\u00dft \u201cGesundheit durch Wasser\u201d, eine gegen\u00fcber der Vergangenheit noch umfassendere Bedeutung erlangt.<\/p>\n<h4>So stark wie n\u00f6tig, aber sanft auf der Haut.<\/h4>\n<p>Die Versetzung von Schwimmbad- und Spa-Wasser mit Thermal- und Thalassotherapiewirkstoffen erm\u00f6glicht es den Nutzern, die gleiche wohltuende Wirkung zu erleben, als w\u00fcrden sie in ein Salzbad eintauchen, was die Hydrotherapie noch wirksamer macht.<\/p>\n<p>Historische Beispiele daf\u00fcr sind die Thermentradition der alten R\u00f6mer, sowie die Nutzung der therapeutischen Eigenschaften des Toten Meers, an dessen Ufern die Gr\u00fcndung es ersten \u201cWellness-Zentrums\u201d der Geschichte \u00fcberliefert wird.<\/p>\n<p>Der Legende zufolge waren Kleopatra und die K\u00f6nigin von Saba unter den ersten, die die kostbaren, feuchtigkeitsspendenden Eigenschaften der Mineralien und der Mutterlauge des Toten Meers zu sch\u00e4tzen wussten.<\/p>\n<p>Tats\u00e4chlich enth\u00e4lt sein Wasser mehr als 20 verschiedene Mineralarten, darunter Kalium, Magnesium und Kalzium, die jenen unserer Haut sehr \u00e4hneln.<br \/>\nW\u00e4hrend im \u201cnormalen\u201d Meersalz Natriumchlorid \u00fcberwiegt, ist dies im Toten Meer nur zu einem geringen Anteil vorhanden (15%), w\u00e4hrend Magnesium (32%) und Kalium (25%) mengenm\u00e4\u00dfig \u00fcberwiegen.<\/p>\n<p>Und es ist eben die mit der Biostabilisierung erzielte, hohe Konzentration an Magnesium und Kalium der Sali della Vita \u2013 Acqua Madre, die daf\u00fcr sorgt, dass diese Mineralstoffe durch Osmose von der Haut aufgenommen werden und eine wohltuende Wirkung auf den gesamten Organismus entfalten.<\/p>\n<p>[\/vc_column_text][\/vc_column][\/vc_row]<\/p>\n","protected":false},"excerpt":{"rendered":"<p>[vc_row][vc_column][vc_column_text el_class=&#8220;about-des&#8220; css=&#8220;.vc_custom_1517721985031{padding-top: 60px !important;padding-bottom: 60px !important;}&#8220;] Eine einzige L\u00f6sung f\u00fcr Schwimmb\u00e4der und Spas Seit jeher ist das Wasser ein unverzichtbares Element f\u00fcr Wellness-Bereiche, wo es zur Widererlangung der k\u00f6rperlichen Form und in Gesundheits-Parcours eingesetzt wird; dazu kommt die Entwicklung in der Fitness-Welt, der Hydrotherapie un dWassergymnastik, die zahlreiche Fitness-Studios dazu veranlasst hat, Becken und&#8230;<\/p>\n","protected":false},"author":2,"featured_media":0,"parent":0,"menu_order":0,"comment_status":"closed","ping_status":"closed","template":"","meta":[],"_links":{"self":[{"href":"https:\/\/isalidellavita.it\/de\/wp-json\/wp\/v2\/pages\/1292"}],"collection":[{"href":"https:\/\/isalidellavita.it\/de\/wp-json\/wp\/v2\/pages"}],"about":[{"href":"https:\/\/isalidellavita.it\/de\/wp-json\/wp\/v2\/types\/page"}],"author":[{"embeddable":true,"href":"https:\/\/isalidellavita.it\/de\/wp-json\/wp\/v2\/users\/2"}],"replies":[{"embeddable":true,"href":"https:\/\/isalidellavita.it\/de\/wp-json\/wp\/v2\/comments?post=1292"}],"version-history":[{"count":2,"href":"https:\/\/isalidellavita.it\/de\/wp-json\/wp\/v2\/pages\/1292\/revisions"}],"predecessor-version":[{"id":1348,"href":"https:\/\/isalidellavita.it\/de\/wp-json\/wp\/v2\/pages\/1292\/revisions\/1348"}],"wp:attachment":[{"href":"https:\/\/isalidellavita.it\/de\/wp-json\/wp\/v2\/media?parent=1292"}],"curies":[{"name":"wp","href":"https:\/\/api.w.org\/{rel}","templated":true}]}}