{"id":1294,"date":"2018-01-09T19:44:41","date_gmt":"2018-01-09T19:44:41","guid":{"rendered":"https:\/\/isalidellavita.it\/nature\/"},"modified":"2018-02-10T14:52:12","modified_gmt":"2018-02-10T14:52:12","slug":"natur","status":"publish","type":"page","link":"https:\/\/isalidellavita.it\/de\/natur\/","title":{"rendered":"Natur"},"content":{"rendered":"<p>[vc_row][vc_column][vc_column_text el_class=&#8220;about-des&#8220; css=&#8220;.vc_custom_1517722055377{padding-top: 60px !important;padding-bottom: 60px !important;}&#8220;]<\/p>\n<h4>F\u00fcr einen biologisch nachhaltigen Betrieb Ihres Pools<\/h4>\n<p>I Sali della Vita sind umweltfreundlich. Magnesium und Kalium sind nicht nur f\u00fcr das Tierreich unerl\u00e4ssliche Elemente, sondern auch f\u00fcr die Pflanzenwelt, wo sie eine entscheidende Rolle beim Wachstum spielen.<\/p>\n<p>Deshalb kann das Schwimmbadwasser aus der Gegensp\u00fclung der Filter unter Beachtung der gesetzlich festgelegten Salzkonzentration abgelassen oder zur Beregnung von Rasenfl\u00e4chen verwendet werden: nach Wiederherstellung des biologisch\u00a0zul\u00e4ssigen Salzgehalts verbrennt die Vegetation nicht, sondern wird gekr\u00e4ftigt.<\/p>\n<p>Im Gegensatz zum normalen Salz verursachen die Sali della Vita keinerlei salzbedingte Korrosion an Metallstrukturen oder ein Vergilben des Rasens in Beckenn\u00e4he.<\/p>\n<p>I Sali della Vita sind biokompatibel und biologisch getestet. In den Laboratorien von Barchemicals und Universit\u00e4ten durchgef\u00fchrte Tests haben nachgewiesen, dass L\u00f6sungen bis zu 5000 ppm Sali della Vita auch langfristig perfekt sowohl mit dem tierischen (Carassius Auratus) als auch mit dem pflanzlichen Leben kompatibel sind.<\/p>\n<p>Mit den \u201cSali della Vita\u201d ist Ihr Pool somit vollkommen desinfiziert, gesund und zugleich umweltschonend.<\/p>\n<p>Die starke synergetische, bakterizide und bakteriostatische Wirkung der Sali della Vita erlaubt eine deutliche Senkung der Mengen aggressiver Chemikalien, die dem Poolwasser f\u00fcr eine sichere Desinfektion und unbedenkliche Gesundheit zuzusetzen sind.<\/p>\n<p>Wird dieses Desinfektionssystem mit umweltfreundlichen Instrumenten kombiniert, so wird die normalerweise durch ein Schwimmbad bedingte Umweltbelastung drastisch reduziert.[\/vc_column_text][\/vc_column][\/vc_row]<\/p>\n","protected":false},"excerpt":{"rendered":"<p>[vc_row][vc_column][vc_column_text el_class=&#8220;about-des&#8220; css=&#8220;.vc_custom_1517722055377{padding-top: 60px !important;padding-bottom: 60px !important;}&#8220;] F\u00fcr einen biologisch nachhaltigen Betrieb Ihres Pools I Sali della Vita sind umweltfreundlich. Magnesium und Kalium sind nicht nur f\u00fcr das Tierreich unerl\u00e4ssliche Elemente, sondern auch f\u00fcr die Pflanzenwelt, wo sie eine entscheidende Rolle beim Wachstum spielen. Deshalb kann das Schwimmbadwasser aus der Gegensp\u00fclung der Filter unter Beachtung&#8230;<\/p>\n","protected":false},"author":2,"featured_media":0,"parent":0,"menu_order":0,"comment_status":"closed","ping_status":"closed","template":"","meta":[],"_links":{"self":[{"href":"https:\/\/isalidellavita.it\/de\/wp-json\/wp\/v2\/pages\/1294"}],"collection":[{"href":"https:\/\/isalidellavita.it\/de\/wp-json\/wp\/v2\/pages"}],"about":[{"href":"https:\/\/isalidellavita.it\/de\/wp-json\/wp\/v2\/types\/page"}],"author":[{"embeddable":true,"href":"https:\/\/isalidellavita.it\/de\/wp-json\/wp\/v2\/users\/2"}],"replies":[{"embeddable":true,"href":"https:\/\/isalidellavita.it\/de\/wp-json\/wp\/v2\/comments?post=1294"}],"version-history":[{"count":2,"href":"https:\/\/isalidellavita.it\/de\/wp-json\/wp\/v2\/pages\/1294\/revisions"}],"predecessor-version":[{"id":1350,"href":"https:\/\/isalidellavita.it\/de\/wp-json\/wp\/v2\/pages\/1294\/revisions\/1350"}],"wp:attachment":[{"href":"https:\/\/isalidellavita.it\/de\/wp-json\/wp\/v2\/media?parent=1294"}],"curies":[{"name":"wp","href":"https:\/\/api.w.org\/{rel}","templated":true}]}}