{"id":1296,"date":"2018-01-09T19:43:59","date_gmt":"2018-01-09T19:43:59","guid":{"rendered":"https:\/\/isalidellavita.it\/versatility\/"},"modified":"2018-02-10T14:57:04","modified_gmt":"2018-02-10T14:57:04","slug":"vielseitigkeit","status":"publish","type":"page","link":"https:\/\/isalidellavita.it\/de\/vielseitigkeit\/","title":{"rendered":"Vielseitigkeit"},"content":{"rendered":"<p>[vc_row][vc_column][vc_column_text el_class=&#8220;about-des&#8220; css=&#8220;.vc_custom_1517722095136{padding-top: 60px !important;padding-bottom: 60px !important;}&#8220;]<\/p>\n<h4>Die Wellness-Mineralstoffe<\/h4>\n<p>I Sali della Vita erm\u00f6glichen die Erzeugung der besonderen Eigenschaften von \u201ealkalischem, salz-, jod- und magnesiumhaltigem Wasser\u201c auch in Spas und Schwimmb\u00e4dern, in denen derartiges Wasser nicht zur Verf\u00fcgung steht, da entsprechende Thermalquellen weit entfernt sind.<br \/>\nI Sali della Vita k\u00f6nnen unter Ber\u00fccksichtigung der baulichen Merkmale der Strukturen in jeglichen Wasser- und Schwimmeinrichtungen eingesetzt werden.<br \/>\nZu diesem Zweck wurden f\u00fcnf verschiedene Produktlinien der \u201cSali della Vita\u201d entwickelt, so dass unabh\u00e4ngig von anlagentechnischen oder strukturellen Gegebenheiten stets eine korrekte Anwendung m\u00f6glich ist.<br \/>\nDie Barchemicals Experten und H\u00e4ndler empfehlen Ihnen jederzeit gern die Ihrem Bedarf entsprechenden Produkte.[\/vc_column_text][\/vc_column][\/vc_row]<\/p>\n","protected":false},"excerpt":{"rendered":"<p>[vc_row][vc_column][vc_column_text el_class=&#8220;about-des&#8220; css=&#8220;.vc_custom_1517722095136{padding-top: 60px !important;padding-bottom: 60px !important;}&#8220;] Die Wellness-Mineralstoffe I Sali della Vita erm\u00f6glichen die Erzeugung der besonderen Eigenschaften von \u201ealkalischem, salz-, jod- und magnesiumhaltigem Wasser\u201c auch in Spas und Schwimmb\u00e4dern, in denen derartiges Wasser nicht zur Verf\u00fcgung steht, da entsprechende Thermalquellen weit entfernt sind. I Sali della Vita k\u00f6nnen unter Ber\u00fccksichtigung der baulichen Merkmale&#8230;<\/p>\n","protected":false},"author":2,"featured_media":0,"parent":0,"menu_order":0,"comment_status":"closed","ping_status":"closed","template":"","meta":[],"_links":{"self":[{"href":"https:\/\/isalidellavita.it\/de\/wp-json\/wp\/v2\/pages\/1296"}],"collection":[{"href":"https:\/\/isalidellavita.it\/de\/wp-json\/wp\/v2\/pages"}],"about":[{"href":"https:\/\/isalidellavita.it\/de\/wp-json\/wp\/v2\/types\/page"}],"author":[{"embeddable":true,"href":"https:\/\/isalidellavita.it\/de\/wp-json\/wp\/v2\/users\/2"}],"replies":[{"embeddable":true,"href":"https:\/\/isalidellavita.it\/de\/wp-json\/wp\/v2\/comments?post=1296"}],"version-history":[{"count":2,"href":"https:\/\/isalidellavita.it\/de\/wp-json\/wp\/v2\/pages\/1296\/revisions"}],"predecessor-version":[{"id":1352,"href":"https:\/\/isalidellavita.it\/de\/wp-json\/wp\/v2\/pages\/1296\/revisions\/1352"}],"wp:attachment":[{"href":"https:\/\/isalidellavita.it\/de\/wp-json\/wp\/v2\/media?parent=1296"}],"curies":[{"name":"wp","href":"https:\/\/api.w.org\/{rel}","templated":true}]}}