{"id":1298,"date":"2018-01-09T19:43:28","date_gmt":"2018-01-09T19:43:28","guid":{"rendered":"https:\/\/isalidellavita.it\/product-lines\/"},"modified":"2018-02-10T15:01:54","modified_gmt":"2018-02-10T15:01:54","slug":"produktlinien","status":"publish","type":"page","link":"https:\/\/isalidellavita.it\/de\/produktlinien\/","title":{"rendered":"Produktlinien"},"content":{"rendered":"<p>[vc_row][vc_column][vc_column_text css=&#8220;.vc_custom_1517722153070{padding-top: 60px !important;padding-bottom: 60px !important;}&#8220; el_class=&#8220;about-des&#8220;]<\/p>\n<div id=\"entries\">\n<div id=\"post-310\" class=\"post-310 page type-page status-publish hentry\">\n<div class=\"entry\">\n<div class=\"contents\">\n<h4>Linie No-Chlor mit Sauerstoff<\/h4>\n<p>Die Hauptlinie der Sali della Vita. Insbesondere f\u00fcr private Swimming Pools und Spas bestimmt, in denen der Kunde nat\u00fcrliche und chlorfreie Produkte verwenden m\u00f6chte.<\/p>\n<p>\u2022 ACQUA MADRE: ges\u00e4ttigte, biostabilisierte L\u00f6sung.<br \/>\n\u2022 BIOACID \u2013 nat\u00fcrlicher pH-Korrektor.<br \/>\n\u2022 BIOZONO \u2013 Oxidationsmittel mit nat\u00fcrlichen Peroxys\u00e4uren.<\/p>\n<h4>Linie f\u00fcr Salzsterilisatoren<\/h4>\n<p>F\u00fcr Kunden, die das System der Sterilisierung mit Salz beibehalten, dabei aber zugleich etwas f\u00fcr die Gesundheit tun m\u00f6chten, indem sie das normale Kochsalz durch die Sali della Vita ersetzen.<br \/>\n\u2022 ACQUA MADRE: ges\u00e4ttigte, biostabilisierte L\u00f6sung.<br \/>\n\u2022 BIOACID \u2013 nat\u00fcrlicher pH-Korrektor.<br \/>\n\u2022 BIOSTART- Sali della Vita in Granulatform zum Saisonstart von mit Salz-Elektrolyse aufbereiteten Schwimmb\u00e4dern.<\/p>\n<h4>Linie f\u00fcr \u00f6ffentliche Schwimmb\u00e4der<\/h4>\n<p><em id=\"__mceDel\">Der Einsatz der Sali della Vita in \u00f6ffentlich genutzten Schwimmbecken erfordert zwingend den gleichzeitigen, gesetzlich vorgeschriebenen Gebrauch von Chlor als Grund-esinfektionsmittel. Die wohltuenden und bakteriostatischen Eigenschaften von I Sali della Vita Acqua Madre erhalten das Wasser in perfekt hygienischem Zustand und senken den Chlorbedarf.<br \/>\nDie unerw\u00fcnschten Wirkungen einer hohen Chlorkonzentration im Wasser lassen sich damit vermeiden.<br \/>\n\u2022 Acqua Madre: ges\u00e4ttigte, biostabilisierte L\u00f6sung.<br \/>\n\u2022 BIOACID \u2013 nat\u00fcrlicher pH-Korrektor.<br \/>\n\u2022 BIOQUARK Fast \u2013 Kalziumhypochlorit-Tabletten, versetzt mit I Sali della Vita und Entkalkungsmittel.<\/em><\/p>\n<h4><em id=\"__mceDel\">Linie SPA<\/em><\/h4>\n<p><em id=\"__mceDel\">Die Linie f\u00fcr Privatkunden, die in ihrer eigenen Spa oder in ihrem Hydromassagebecken die wohltuende Wirkung der Sali della Vita genie\u00dfen m\u00f6chten, aber auch f\u00fcr den Einsatz in Erlebnisduschen und Dampfb\u00e4dern.<br \/>\nDie besondere Zusammensetzung unter Zusatz nat\u00fcrlicher, \u00e4therischer \u00d6le intensiviert die entspannende, positive Wirkung, die durch das Einatmen der durch die D\u00fcsen erzeugten Salznebel noch weiter verst\u00e4rkt wird.<br \/>\n\u2022 BIOSOL \u2013 I Sali della Vita. Ges\u00e4ttigte, parf\u00fcmierte L\u00f6sung, in verschiedenen Duftnoten erh\u00e4ltlich: Eukalyptus, Menthol, Algaribe, Vanille.<\/em><\/p>\n<h4><em id=\"__mceDel\">Linie Bioteiche und Bioschwimmb\u00e4der<\/em><\/h4>\n<p><em id=\"__mceDel\">Linie f\u00fcr die Freunde und Besitzer von Bioteichen oder Bioschwimmb\u00e4dern, die die nat\u00fcrlichen Eigenschaften der Sali della Vita nutzen m\u00f6chten.<br \/>\nDas Produkt ist biokompatibel und beeintr\u00e4chtigt nicht das Gleichgewicht der Mikroflora und Fauna des Wassers.<br \/>\n\u2022 BIOLAKE \u2013 Ges\u00e4ttigte L\u00f6sung mit ausgewogener Zusammensetzung f\u00fcr Bioteiche und Bioschwimmb\u00e4der.<br \/>\nZusatzprodukte<br \/>\n\u2022 BIOSAN \u2013 Bakterizid, Algizid, Aufheller<br \/>\n\u2022 BIOSHOCK \u2013 Spezialprodukt zur Schockaufbereitung<br \/>\n\u2022 BIOSTAB \u2013 Spezialaktivator\/-stabilisator<br \/>\n\u2022 BIOQUARK \u2013 Longtime \u2013 Kalziumhypochlorit und Sali della Vita als<br \/>\nLangzeittabletten \u2013 nur f\u00fcr Skimmer.<br \/>\n\u2022 BIOROCK \u2013 Salzgranulat f\u00fcr Salzr\u00e4ume und \u2013grotten<\/em><\/p>\n<\/div>\n<\/div>\n<\/div>\n<\/div>\n<p>[\/vc_column_text][\/vc_column][\/vc_row]<\/p>\n","protected":false},"excerpt":{"rendered":"<p>[vc_row][vc_column][vc_column_text css=&#8220;.vc_custom_1517722153070{padding-top: 60px !important;padding-bottom: 60px !important;}&#8220; el_class=&#8220;about-des&#8220;] Linie No-Chlor mit Sauerstoff Die Hauptlinie der Sali della Vita. Insbesondere f\u00fcr private Swimming Pools und Spas bestimmt, in denen der Kunde nat\u00fcrliche und chlorfreie Produkte verwenden m\u00f6chte. \u2022 ACQUA MADRE: ges\u00e4ttigte, biostabilisierte L\u00f6sung. \u2022 BIOACID \u2013 nat\u00fcrlicher pH-Korrektor. \u2022 BIOZONO \u2013 Oxidationsmittel mit nat\u00fcrlichen Peroxys\u00e4uren. Linie f\u00fcr&#8230;<\/p>\n","protected":false},"author":2,"featured_media":0,"parent":0,"menu_order":0,"comment_status":"closed","ping_status":"closed","template":"","meta":[],"_links":{"self":[{"href":"https:\/\/isalidellavita.it\/de\/wp-json\/wp\/v2\/pages\/1298"}],"collection":[{"href":"https:\/\/isalidellavita.it\/de\/wp-json\/wp\/v2\/pages"}],"about":[{"href":"https:\/\/isalidellavita.it\/de\/wp-json\/wp\/v2\/types\/page"}],"author":[{"embeddable":true,"href":"https:\/\/isalidellavita.it\/de\/wp-json\/wp\/v2\/users\/2"}],"replies":[{"embeddable":true,"href":"https:\/\/isalidellavita.it\/de\/wp-json\/wp\/v2\/comments?post=1298"}],"version-history":[{"count":2,"href":"https:\/\/isalidellavita.it\/de\/wp-json\/wp\/v2\/pages\/1298\/revisions"}],"predecessor-version":[{"id":1354,"href":"https:\/\/isalidellavita.it\/de\/wp-json\/wp\/v2\/pages\/1298\/revisions\/1354"}],"wp:attachment":[{"href":"https:\/\/isalidellavita.it\/de\/wp-json\/wp\/v2\/media?parent=1298"}],"curies":[{"name":"wp","href":"https:\/\/api.w.org\/{rel}","templated":true}]}}