{"id":1300,"date":"2018-01-09T19:41:53","date_gmt":"2018-01-09T19:41:53","guid":{"rendered":"https:\/\/isalidellavita.it\/products\/"},"modified":"2018-02-10T15:06:34","modified_gmt":"2018-02-10T15:06:34","slug":"produkte","status":"publish","type":"page","link":"https:\/\/isalidellavita.it\/de\/produkte\/","title":{"rendered":"Produkte"},"content":{"rendered":"<p>[vc_row][vc_column width=&#8220;2\/3&#8243;][vc_column_text el_class=&#8220;about-des&#8220; css=&#8220;.vc_custom_1517722304082{padding-top: 60px !important;padding-bottom: 60px !important;}&#8220;]<strong>ACQUA MADRE<\/strong>\u00a0(Mutterlauge) \u2013 Ges\u00e4ttigte, biostabilisierte L\u00f6sung<br \/>\nIn fl\u00fcssiger Form. Eine ausgewogene Mischung aus Mineralsalzen mit Magnesium, Kalium, Jod und Bio-Spurenelementen zur Herstellung hom\u00f6ostatischer L\u00f6sungen f\u00fcr Badeeinrichtungen. Enth\u00e4lt Kalkschutzmittel. Die fl\u00fcssige Form der Mutterlauge erleichtert die Aufl\u00f6sung des Produkts und vermeidet Fehldosierungen.<br \/>\nAbpackung: 1 \u2013 5 \u2013 10 Liter.<\/p>\n<p><strong>BIOACID<\/strong>\u00a0\u2013 Saurer, nat\u00fcrlicher pH-Korrektor in fl\u00fcssiger Form, mit Pufferwirkung gegen Bakterien und Algen f\u00fcr Schwimmb\u00e4der. Enth\u00e4lt gepufferte, anorganische S\u00e4uren und Mineralsalze. Mit Magnesium und Kalium. Durch die besondere, ausgewogene Zusammensetzung werden der Anteil organischer Schadstoffe gesenkt und die Bakterien- und Algenflora unter Kontrolle gehalten. So entstehen weder Biofilme noch Kalkablagerungen an den Filtern.<br \/>\nAbpackung: 1 \u2013 5 \u2013 10 Liter.<\/p>\n<p><strong>BIOZONO<\/strong>\u00a0\u2013 Mildes Biooxidations- und Hygienemittel in fl\u00fcssiger Form mit nat\u00fcrlichen, stabilisierten Peroxyden und Spurenelementen f\u00fcr die chlorfreie Schwimmbadwasser-Aufbereitung.<br \/>\nEntwickelt Aktivsauerstoff in statu nascendi.<br \/>\nAbpackung: 5 \u2013 10 Liter.<\/p>\n<p><strong>BIO-OXI<\/strong>\u00a0\u2013 Bio Oxidationsmittel in fl\u00fcssiger Form. Entwickelt von aktivem Sauerstoff. Besonders geeignet f\u00fcr Wasser mit hohem Salzgehalt<br \/>\nAbpackung: 5 \u2013 10 Liter<\/p>\n<p><strong>BIOSTART<\/strong>&#8211; Sali della Vita &#8211;<br \/>\nGranulat. Biostart ist eine Mineralsalzmischung mit Magnesium, Kalium, Jod und f\u00fcr die Herstellung hom\u00f6ostatischer Schwimmbadwasserl\u00f6sungen wichtigen Spurenelementen. Enth\u00e4lt Chlorstabilisierungs- und Kalkschutzmittel. Insbesondere in Phase 1 zur Inbetriebnahme von Schwimmb\u00e4dern und Spas mit auf Salzsterilisatoren basierenden Desinfektionssystemen zu verwenden.<br \/>\nAbpackung: 25 kg.<\/p>\n<p><strong>BIOLAKE<\/strong>\u00a0\u2013 Mutterlauge und nat\u00fcrliche Bio-Polymere. In fl\u00fcssiger Form: Tr\u00e4gt zu Saisonbeginn in Bioschwimmb\u00e4dern und Bioteichen dazu bei, den Mineralstoffgehalt des Wassers auszugleichen, und f\u00f6rdert so das Gleichgewicht von Bioplankton und Phytoplankton. Unterst\u00fctzt die Entwicklung der Wasserpflanzen im Fr\u00fchjahr und die Kontrolle der Algen; macht au\u00dferdem das Wasser klarer.<br \/>\nAbpackung: 25 kg.<\/p>\n<p><strong>BIOQUARK<\/strong>\u00a0\u2013 Fast \u2013 Spezialtabletten aus Kalziumhypochlorit mit Sali della Vita, Entkalkungs- und Antialgenmittel \u2013 zur Verwendung in entsprechenden Verd\u00fcnnungssystemen (DDS). Mit kontrollierter Aufl\u00f6sung.<br \/>\nAbpackung: 10 und 25 kg.<\/p>\n<p><strong>BIOQUARK<\/strong>\u00a0\u2013 LongTime \u2013 Langsam aufl\u00f6sende Spezialtabletten aus Kalziumhypochlorit mit Sali della Vita, Entkalkungs- und Antialgenmittel \u2013 zur ausschlie\u00dflichen Verwendung in Skimmern von Schwimmb\u00e4dern oder Spas.<br \/>\nAbpackung: 5 und 10 kg.<\/p>\n<p><strong>BIOSOL<\/strong>\u00a0\u2013 Fl\u00fcssiges, balsamisches Produkt; ausgewogene Mischung aus Mineralsalzen mit Magnesium, Kalium, Jod, Balsamduft und Spurenelementen zur Herstellung hom\u00f6ostatischer L\u00f6sungen f\u00fcr Schwimmbadwasser mit intensiv bakteriostatischer Wirkung.<br \/>\nAbpackung: 1, 5 und 10 Liter.<\/p>\n<p><strong>BIOSAN<\/strong>\u00a0\u2013 Intensiv bakteriostatisch wirkende Fl\u00fcssigmischung mit langkettigen Polymeren und nat\u00fcrlichen Biopolymeren zur Aufbereitung von Schwimmbadwasser. Hemmt und bek\u00e4mpft Biofilmbildung und Veralgung.<br \/>\nAbpackung: 5 Liter.<\/p>\n<p><strong>BIOSHOCK<\/strong>\u00a0\u2013 Granulat. Oxidations- und Hygienemittel mit stabilisierten Peroxyden zur Schockaufbereitung von Schwimmbadwasser.<br \/>\nAbpackung: 5 Liter.<\/p>\n<p><strong>BIOSTAB<\/strong>\u00a0Spezial-Aktivatorgranulat f\u00fcr Salz-Elektrolysesysteme. Steigert die Chlorproduktion von Salzsterilisatoren. Reduziert die Kalkablagerung an den Elektroden durch Beg\u00fcnstigung und Stabilisierung der Chlorproduktion im Schwimmbad.<br \/>\nAbpackung: 5 kg.<\/p>\n<p><strong>BIOROCK<\/strong>\u00a0I Sali della Vita in Granulatform f\u00fcr Salzr\u00e4ume und Grotten.<br \/>\nAbpackung: 25 kg.<\/p>\n<h4>Zubeh\u00f6r<\/h4>\n<p>Die Barchemicals Laboratorien erforschen und entwickeln seit Jahren neue, biokompatible und umweltfreundliche Produkte und Technologien. Dieses Engagement f\u00fchrte zwangsl\u00e4ufig dazu, neben den Sali della Vita auch eine umfassende Palette an technischen Ausr\u00fcstungen bereitzustellen, die die Umweltbelastung der Aufbereitungs- und Desinfektionsprozesse des Wassers f\u00fcr Pools und Spas auf ein Minimum reduzieren.<\/p>\n<p><strong>Linie VitroSphere\u00ae Nano<\/strong>: neues Filtermaterial mit Glas-Mikrosph\u00e4ren zur Hemmung der Biofilmbildung.<br \/>\n<strong>Linie BioMat<\/strong>: Filtermittel auf Basis von Nanotechnologien zur Reduzierung der Chloramine.<br \/>\n<strong>Linie MultiCyclone<\/strong>: Zyklon-Vorfilter zur Wassereinsparung.<br \/>\n<strong>Linie BioSalt<\/strong>: Bio-Salzsterilisator mit kombinierter Technik; arbeitet mit niedrigem Salzkonzentrationen.<br \/>\n<strong>Linie BioSonic<\/strong>: Sterilisator mit Kavitationswirkung.<br \/>\n<strong>Linie BioTitanium<\/strong>: Serie aus UV-Schl\u00e4uchen mit nanotechnologisch verst\u00e4rkter Wirkung.<br \/>\n<strong>Linie Heliosan<\/strong>: Integriertes System, das die Sonnenstrahlung zur Beheizung und Desinfektion des Schwimmbadwassers nutzt.[\/vc_column_text][\/vc_column][vc_column width=&#8220;1\/3&#8243;][vc_single_image image=&#8220;728&#8243; img_size=&#8220;full&#8220; css=&#8220;.vc_custom_1515529903776{padding-top: 60px !important;}&#8220;][\/vc_column][\/vc_row]<\/p>\n","protected":false},"excerpt":{"rendered":"<p>[vc_row][vc_column width=&#8220;2\/3&#8243;][vc_column_text el_class=&#8220;about-des&#8220; css=&#8220;.vc_custom_1517722304082{padding-top: 60px !important;padding-bottom: 60px !important;}&#8220;]ACQUA MADRE\u00a0(Mutterlauge) \u2013 Ges\u00e4ttigte, biostabilisierte L\u00f6sung In fl\u00fcssiger Form. Eine ausgewogene Mischung aus Mineralsalzen mit Magnesium, Kalium, Jod und Bio-Spurenelementen zur Herstellung hom\u00f6ostatischer L\u00f6sungen f\u00fcr Badeeinrichtungen. Enth\u00e4lt Kalkschutzmittel. Die fl\u00fcssige Form der Mutterlauge erleichtert die Aufl\u00f6sung des Produkts und vermeidet Fehldosierungen. Abpackung: 1 \u2013 5 \u2013 10 Liter&#8230;.<\/p>\n","protected":false},"author":2,"featured_media":0,"parent":0,"menu_order":0,"comment_status":"closed","ping_status":"closed","template":"","meta":[],"_links":{"self":[{"href":"https:\/\/isalidellavita.it\/de\/wp-json\/wp\/v2\/pages\/1300"}],"collection":[{"href":"https:\/\/isalidellavita.it\/de\/wp-json\/wp\/v2\/pages"}],"about":[{"href":"https:\/\/isalidellavita.it\/de\/wp-json\/wp\/v2\/types\/page"}],"author":[{"embeddable":true,"href":"https:\/\/isalidellavita.it\/de\/wp-json\/wp\/v2\/users\/2"}],"replies":[{"embeddable":true,"href":"https:\/\/isalidellavita.it\/de\/wp-json\/wp\/v2\/comments?post=1300"}],"version-history":[{"count":3,"href":"https:\/\/isalidellavita.it\/de\/wp-json\/wp\/v2\/pages\/1300\/revisions"}],"predecessor-version":[{"id":1358,"href":"https:\/\/isalidellavita.it\/de\/wp-json\/wp\/v2\/pages\/1300\/revisions\/1358"}],"wp:attachment":[{"href":"https:\/\/isalidellavita.it\/de\/wp-json\/wp\/v2\/media?parent=1300"}],"curies":[{"name":"wp","href":"https:\/\/api.w.org\/{rel}","templated":true}]}}