{"id":1209,"date":"2018-01-09T19:47:57","date_gmt":"2018-01-09T19:47:57","guid":{"rendered":"https:\/\/isalidellavita.it\/philosophy\/"},"modified":"2018-02-10T06:36:09","modified_gmt":"2018-02-10T06:36:09","slug":"filosofia","status":"publish","type":"page","link":"https:\/\/isalidellavita.it\/es\/filosofia\/","title":{"rendered":"Filosof\u00eda"},"content":{"rendered":"<p>[vc_row][vc_column css=\u00bb.vc_custom_1515528031623{padding-top: 60px !important;padding-bottom: 60px !important;}\u00bb][vc_column_text el_class=\u00bbabout-des\u00bb]<\/p>\n<h4>El Agua es Vida<\/h4>\n<p>Los fundamentos de \u201cI Sali della Vita\u201d son, por un lado, el hondo convencimiento de que todos estos conceptos son intr\u00ednsecamente ciertos e imprescindibles y, por otro, el desarrollar una idea simple pero genial a la vez: transformar nuestros momentos de relax en la piscina y en los SPA en una ocasi\u00f3n para aunar salud, bienestar, placer y belleza.<\/p>\n<p>Se ha demostrado que en la cultura primitiva el agua se consideraba fuente de fertilidad y de bienestar, y es igualmente evidente que los ritmos estresantes de la vida occidental de nuestros d\u00edas nos impiden disfrutar de sus beneficios de modo pleno, continuo y consciente.<\/p>\n<p>\u201cI Sali della Vita\u201d nacen para colmar este vac\u00edo de tiempo y espacio: para obtener beneficios y placer ya no ser\u00e1 necesario hacer largos viajes hasta los establecimientos termales, y ello sin tener que alterar las instalaciones de la piscina con costosas obras.<\/p>\n<p>\u201cI Sali della Vita \u2013 Acqua Madre\u201d a trav\u00e9s del proceso de bioestabilizaci\u00f3n reconstruyen las caracter\u00edsticas de las mejores aguas termales de tipo alcalino terroso, y permiten obtener directamente en la piscina y en el SPA del propio hogar todas las ventajas relacionadas con las sales minerales de la salud: Magnesio (Mg), Potasio (K) y Yodo (I).<\/p>\n<p>En la naturaleza las Aguas Madres son soluciones concentradas que se forman en las salinas por evaporaci\u00f3n del agua marina gracias a la acci\u00f3n de los rayos solares: la lentitud y la perfecci\u00f3n de los procesos naturales favorecen la estabilidad de estas soluciones y el equilibrio constante entre la soluci\u00f3n saturada y el cuerpo de fondo.<br \/>\nLos Laboratorios Barchemicals han puesto a punto un m\u00e9todo innovador que permite perfeccionar el proceso de bioestabilizaci\u00f3n y, a trav\u00e9s de la saturaci\u00f3n natural de la soluci\u00f3n, producir en tiempos razonablemente breves lo que en la naturaleza se produce en centenares de a\u00f1os, obteniendo as\u00ed \u201cI Sali della Vita\u201d.<\/p>\n<p>5 L\u00edneas de utilizaci\u00f3n, espec\u00edficamente estudiadas para superar con facilidad cualquier supeditaci\u00f3n a estructuras e instalaciones, os transportar\u00e1n a un mundo nuevo donde la revoluci\u00f3n esencial de la simplicidad os permitir\u00e1 vivir una experiencia continua de placer, diversi\u00f3n, salud, bienestar y relax.[\/vc_column_text][\/vc_column][\/vc_row]<\/p>\n","protected":false},"excerpt":{"rendered":"<p>[vc_row][vc_column css=\u00bb.vc_custom_1515528031623{padding-top: 60px !important;padding-bottom: 60px !important;}\u00bb][vc_column_text el_class=\u00bbabout-des\u00bb] El Agua es Vida Los fundamentos de \u201cI Sali della Vita\u201d son, por un lado, el hondo convencimiento de que todos estos conceptos son intr\u00ednsecamente ciertos e imprescindibles y, por otro, el desarrollar una idea simple pero genial a la vez: transformar nuestros momentos de relax en la&#8230;<\/p>\n","protected":false},"author":2,"featured_media":0,"parent":0,"menu_order":0,"comment_status":"closed","ping_status":"closed","template":"","meta":[],"_links":{"self":[{"href":"https:\/\/isalidellavita.it\/es\/wp-json\/wp\/v2\/pages\/1209"}],"collection":[{"href":"https:\/\/isalidellavita.it\/es\/wp-json\/wp\/v2\/pages"}],"about":[{"href":"https:\/\/isalidellavita.it\/es\/wp-json\/wp\/v2\/types\/page"}],"author":[{"embeddable":true,"href":"https:\/\/isalidellavita.it\/es\/wp-json\/wp\/v2\/users\/2"}],"replies":[{"embeddable":true,"href":"https:\/\/isalidellavita.it\/es\/wp-json\/wp\/v2\/comments?post=1209"}],"version-history":[{"count":2,"href":"https:\/\/isalidellavita.it\/es\/wp-json\/wp\/v2\/pages\/1209\/revisions"}],"predecessor-version":[{"id":1222,"href":"https:\/\/isalidellavita.it\/es\/wp-json\/wp\/v2\/pages\/1209\/revisions\/1222"}],"wp:attachment":[{"href":"https:\/\/isalidellavita.it\/es\/wp-json\/wp\/v2\/media?parent=1209"}],"curies":[{"name":"wp","href":"https:\/\/api.w.org\/{rel}","templated":true}]}}