{"id":1210,"date":"2018-01-09T19:47:23","date_gmt":"2018-01-09T19:47:23","guid":{"rendered":"https:\/\/isalidellavita.it\/what-are\/"},"modified":"2018-02-10T14:19:36","modified_gmt":"2018-02-10T14:19:36","slug":"que-son","status":"publish","type":"page","link":"https:\/\/isalidellavita.it\/es\/que-son\/","title":{"rendered":"\u00bfQu\u00e9 son?"},"content":{"rendered":"<p>[vc_row][vc_column css=\u00bb.vc_custom_1515527889546{padding-top: 60px !important;padding-bottom: 60px !important;}\u00bb][vc_column_text el_class=\u00bbabout-des\u00bb]<\/p>\n<div id=\"entries\">\n<div id=\"post-50\" class=\"post-50 page type-page status-publish hentry\">\n<div class=\"entry\">\n<div class=\"contents\">\n<p>Gracias a \u201cI Sali della Vita\u201d, Barchemicals Group quiere impulsar una nueva filosof\u00eda, una idea que revoluciona la gesti\u00f3n de las piscinas y de los SPA aunando la belleza y la salud, el bienestar y la seguridad, y la m\u00e1s amplia flexibilidad a un reducido impacto en el ambiente.<\/p>\n<p>La idea ha surgido de un profundo estudio que ha confirmado las propiedades de las as\u00ed llamadas \u201cSales de la Salud\u201d (Magnesio, Potasio y Yodo). En efecto, la presencia de estas sales en la concentraci\u00f3n adecuada en las aguas de balneario no s\u00f3lo aporta beneficios para la salud, sino que tambi\u00e9n garantiza una mejor desinfecci\u00f3n de las aguas, reduciendo o incluso eliminando el uso de cloro y de otras sustancias qu\u00edmicas utilizadas para la pureza qu\u00edmico-f\u00edsica y bacteriol\u00f3gica del agua.<\/p>\n<p>As\u00ed han nacido \u201cI Sali della Vita\u201d, una mezcla de sales de Magnesio, Potasio y Yodo para adicionar a las aguas de piscinas y Spa.<br \/>\nA\u00f1adir estos oligoelementos y otros bioelementos esenciales permite reproducir las cualidades beneficiosas de las mejores aguas termales alcalino-magn\u00e9sicas.<\/p>\n<h4>Qu\u00e9 son \u201cI Sali della Vita\u201d<\/h4>\n<p>Magnesio, Potasio y otras sales minerales son fundamentales para la salud del hombre y, por lo general, se obtienen con una correcta alimentaci\u00f3n.<br \/>\nEstas sales tambi\u00e9n pueden ser asimiladas a trav\u00e9s de la piel y por inhalaci\u00f3n.<br \/>\nNumerosos estudios realizados han demostrado que el proceso de osmosis que se activa cuando un cuerpo se sumerge en una soluci\u00f3n salina es uno de los m\u00e9todos m\u00e1s eficaces para mantener los niveles esenciales de estos importantes minerales en nuestro organismo.<\/p>\n<p>Partiendo de estos presupuestos, los Laboratorios Barchemicals han creado \u201cI Sali della Vita\u201d, una mezcla de Magnesio, Potasio, Yodo y oligoelementos de alta actividad biol\u00f3gica para disolver en el agua.<\/p>\n<p>Soluciones a concentraciones de 30 cc\/l de \u201cI Sali della Vita\u201d corresponden a la \u201cSoluci\u00f3n de Delbet\u201d, conocida por sus propiedades eud\u00e9rmicas y regeneradoras de los tejidos biol\u00f3gicos, adem\u00e1s de por sus propiedades bacteriost\u00e1ticas y bactericidas.<\/p>\n<\/div>\n<\/div>\n<\/div>\n<\/div>\n<p>[\/vc_column_text][\/vc_column][\/vc_row]<\/p>\n","protected":false},"excerpt":{"rendered":"<p>[vc_row][vc_column css=\u00bb.vc_custom_1515527889546{padding-top: 60px !important;padding-bottom: 60px !important;}\u00bb][vc_column_text el_class=\u00bbabout-des\u00bb] Gracias a \u201cI Sali della Vita\u201d, Barchemicals Group quiere impulsar una nueva filosof\u00eda, una idea que revoluciona la gesti\u00f3n de las piscinas y de los SPA aunando la belleza y la salud, el bienestar y la seguridad, y la m\u00e1s amplia flexibilidad a un reducido impacto en el&#8230;<\/p>\n","protected":false},"author":2,"featured_media":0,"parent":0,"menu_order":0,"comment_status":"closed","ping_status":"closed","template":"","meta":[],"_links":{"self":[{"href":"https:\/\/isalidellavita.it\/es\/wp-json\/wp\/v2\/pages\/1210"}],"collection":[{"href":"https:\/\/isalidellavita.it\/es\/wp-json\/wp\/v2\/pages"}],"about":[{"href":"https:\/\/isalidellavita.it\/es\/wp-json\/wp\/v2\/types\/page"}],"author":[{"embeddable":true,"href":"https:\/\/isalidellavita.it\/es\/wp-json\/wp\/v2\/users\/2"}],"replies":[{"embeddable":true,"href":"https:\/\/isalidellavita.it\/es\/wp-json\/wp\/v2\/comments?post=1210"}],"version-history":[{"count":2,"href":"https:\/\/isalidellavita.it\/es\/wp-json\/wp\/v2\/pages\/1210\/revisions"}],"predecessor-version":[{"id":1224,"href":"https:\/\/isalidellavita.it\/es\/wp-json\/wp\/v2\/pages\/1210\/revisions\/1224"}],"wp:attachment":[{"href":"https:\/\/isalidellavita.it\/es\/wp-json\/wp\/v2\/media?parent=1210"}],"curies":[{"name":"wp","href":"https:\/\/api.w.org\/{rel}","templated":true}]}}