{"id":1213,"date":"2018-01-09T19:45:57","date_gmt":"2018-01-09T19:45:57","guid":{"rendered":"https:\/\/isalidellavita.it\/wellness\/"},"modified":"2018-02-10T14:40:50","modified_gmt":"2018-02-10T14:40:50","slug":"bienestar","status":"publish","type":"page","link":"https:\/\/isalidellavita.it\/es\/bienestar\/","title":{"rendered":"Bienestar"},"content":{"rendered":"<p>[vc_row][vc_column el_class=\u00bbabout-des\u00bb css=\u00bb.vc_custom_1515528385267{padding-top: 60px !important;padding-bottom: 60px !important;}\u00bb][vc_column_text el_class=\u00bbabout-des\u00bb]<\/p>\n<h4>\u201cI Sali della Vita\u201d al servicio de tu salud y de la recuperaci\u00f3n funcional<\/h4>\n<p>Hoy, las estructuras destinadas al wellness como piscinas, SPA y fitness club no pueden prescindir de la presencia del agua para proponer a los usuarios recorridos de bienestar y de salud. Al igual que la realizaci\u00f3n de un centro de bienestar y de un centro fitness implica un gran esfuerzo de dise\u00f1o finalizado a crear ambientes capaces de estimular todos los sentidos, la misma atenci\u00f3n hay que prestar a la calidad de las aguas en las que se sumergir\u00e1n los clientes.<br \/>\nEl especial cuidado de los aspectos qu\u00edmico-f\u00edsicos y, sobre todo, bacteriol\u00f3gicos del agua, podr\u00e1 asegurar que un momento de placer\u00a0 se viva en plenitud y sin ninguna contraindicaci\u00f3n.<br \/>\nLas posibilidades de desinfecci\u00f3n y de tratamiento son m\u00faltiples, pero hoy ha nacido un nuevo sistema capaz, por un lado, de garantizar un agua m\u00e1s saludable para el cuerpo y, por otro, de reducir la cantidad de elementos qu\u00edmicos necesarios para desinfectar el agua: \u201cI Sali della Vita\u201d.<\/p>\n<h4>La Salud no puede esperar<\/h4>\n<p>Los efectos saludables de los principios activos presentes en \u201cI Sali della Vita\u201d como Mg, K e I son conocidos desde hace decenios, y en especial desde que la ciencia que estudia las Aguas Termales ha dado respuestas cient\u00edficas para explicar cu\u00e1les eran los principios activos que hacen de estas aguas aut\u00e9nticas panaceas naturales.<br \/>\nEn este sentido se puede afirmar que el uso de \u201cI Sali della Vita\u201d en piscinas frecuentadas especialmente por usuarios con determinados problemas de salud (sensibilidad de la piel y de las mucosas, especialmente a las aguas cloradas, necesidad de rehabilitaci\u00f3n funcional postrauma, etc.) puede ayudar a acelerar la recuperaci\u00f3n del estado de salud y, a la vez, disminuir los efectos de sensibilizaci\u00f3n debidos al cloro y a sus derivados.<br \/>\nEl uso de \u201cI Sali della Vita\u201d en piscinas para la recuperaci\u00f3n funcional y de deambulaci\u00f3n, utilizadas para tratamientos fisioterap\u00e9uticos despu\u00e9s de intervenciones quir\u00fargicas y de accidentes, permite acelerar los procesos de calcificaci\u00f3n y regeneraci\u00f3n de los tejidos, con la consecuente reducci\u00f3n del<br \/>\nperiodo de curaci\u00f3n.<\/p>\n<h4>Sum\u00e9rgete en la nueva frontera del bienestar<\/h4>\n<p>La inmersi\u00f3n diaria en aguas tratadas con \u201cI Sali della Vita\u201d produce un efecto drenante y \u201calisador\u201d en el cutis; la capa protectora de la piel permanece intacta ya que las sales se depositan sobre la capa superficial del cutis, impidiendo as\u00ed que se seque la epidermis.<br \/>\nMg, K e I tambi\u00e9n ejercen un efecto purificante: la especial composici\u00f3n de \u201cI Sali della Vita\u201d determina un equilibrio homeost\u00e1tico eud\u00e9rmico que favorece la liberaci\u00f3n de las toxinas de las capas superficiales de la piel. El equilibrio sin\u00e9rgico de los complejos salinos contenidos favorece el bienestar del organismo a trav\u00e9s de la concentraci\u00f3n de elementos que potencian el correcto metabolismo de la dermis.<br \/>\nUn ba\u00f1o con \u201cI Sali della Vita\u201d es siempre un excelente m\u00e9todo para disminuir la acidez del cuerpo y reequilibrar el pH natural del cutis.<br \/>\nMagnesio, Potasio y Yodo, potenciados con los bio-oligoelementos especiales incluidos en la formulaci\u00f3n\u00a0 de \u201cI Sali della Vita\u201d, reactivan el proceso natural de regeneraci\u00f3n celular, refuerzan el sistema inmunitario y mejoran el sue\u00f1o, sin olvidar su fuerte acci\u00f3n antiestr\u00e9s y sus efectos cardiot\u00f3nicos.<br \/>\nEn los SPA, en las minipiscinas y en los hidromasajes los principios activos de \u201cI Sali della Vita\u201d, gracias a la nebulizaci\u00f3n producida por los chorros de hidromasaje y aeromasaje, son asimilados por inhalaci\u00f3n, aumentando los efectos beneficiosos de los mismos.[\/vc_column_text][\/vc_column][\/vc_row]<\/p>\n","protected":false},"excerpt":{"rendered":"<p>[vc_row][vc_column el_class=\u00bbabout-des\u00bb css=\u00bb.vc_custom_1515528385267{padding-top: 60px !important;padding-bottom: 60px !important;}\u00bb][vc_column_text el_class=\u00bbabout-des\u00bb] \u201cI Sali della Vita\u201d al servicio de tu salud y de la recuperaci\u00f3n funcional Hoy, las estructuras destinadas al wellness como piscinas, SPA y fitness club no pueden prescindir de la presencia del agua para proponer a los usuarios recorridos de bienestar y de salud. Al igual&#8230;<\/p>\n","protected":false},"author":2,"featured_media":0,"parent":0,"menu_order":0,"comment_status":"closed","ping_status":"closed","template":"","meta":[],"_links":{"self":[{"href":"https:\/\/isalidellavita.it\/es\/wp-json\/wp\/v2\/pages\/1213"}],"collection":[{"href":"https:\/\/isalidellavita.it\/es\/wp-json\/wp\/v2\/pages"}],"about":[{"href":"https:\/\/isalidellavita.it\/es\/wp-json\/wp\/v2\/types\/page"}],"author":[{"embeddable":true,"href":"https:\/\/isalidellavita.it\/es\/wp-json\/wp\/v2\/users\/2"}],"replies":[{"embeddable":true,"href":"https:\/\/isalidellavita.it\/es\/wp-json\/wp\/v2\/comments?post=1213"}],"version-history":[{"count":3,"href":"https:\/\/isalidellavita.it\/es\/wp-json\/wp\/v2\/pages\/1213\/revisions"}],"predecessor-version":[{"id":1229,"href":"https:\/\/isalidellavita.it\/es\/wp-json\/wp\/v2\/pages\/1213\/revisions\/1229"}],"wp:attachment":[{"href":"https:\/\/isalidellavita.it\/es\/wp-json\/wp\/v2\/media?parent=1213"}],"curies":[{"name":"wp","href":"https:\/\/api.w.org\/{rel}","templated":true}]}}