{"id":1215,"date":"2018-01-09T19:45:21","date_gmt":"2018-01-09T19:45:21","guid":{"rendered":"https:\/\/isalidellavita.it\/armony-and-beauty\/"},"modified":"2018-02-10T14:45:37","modified_gmt":"2018-02-10T14:45:37","slug":"armonia-y-belleza","status":"publish","type":"page","link":"https:\/\/isalidellavita.it\/es\/armonia-y-belleza\/","title":{"rendered":"Armon\u00eda y Belleza"},"content":{"rendered":"<p>[vc_row][vc_column][vc_column_text el_class=\u00bbabout-des\u00bb css=\u00bb.vc_custom_1517290770083{padding-top: 60px !important;padding-bottom: 60px !important;}\u00bb]<\/p>\n<div id=\"entries\">\n<div id=\"post-205\" class=\"post-205 page type-page status-publish hentry\">\n<div class=\"entry\">\n<div class=\"contents\">\n<h4>Una \u00fanica soluci\u00f3n para piscinas y SPA<\/h4>\n<p>El contexto acu\u00e1tico siempre ha sido un elemento indispensable para el mundo del wellness, que lo utiliza en los procesos de \u201cpuesta en forma\u201d y en los recorridos de salud; a esto se a\u00f1ade la fuerte evoluci\u00f3n del mundo del fitness, de la hidroterapia y del aquagym, que ha llevado a muchos de los principales centros de\u00a0 fitness a equiparse con piscinas e instrumentos para la hidroterapia dise\u00f1ados para mejorar el bienestar y la forma f\u00edsica de sus clientes.<br \/>\nA partir de que los Laboratorios Barchemicals crearan \u201cI Sali della Vita\u201d el concepto de \u201cSalus Per Aquam\u201d, es decir, de \u201csalud a trav\u00e9s del agua\u201d, ha adquirido una acepci\u00f3n m\u00e1s amplia y profunda respecto al pasado.<\/p>\n<h4>Fuertes donde es necesario, delicados sobre la piel<\/h4>\n<p>La reconstrucci\u00f3n en piscinas y SPA de aguas con propiedades termales y talasoter\u00e1picas permite a los usuarios disfrutar de los beneficios derivados de la inmersi\u00f3n en una soluci\u00f3n salina, potenciando de este modo los efectos de la hidroterapia.<br \/>\nAlgunos ejemplos hist\u00f3ricos en este sentido se remontan a la tradici\u00f3n termal de los antiguos romanos, as\u00ed como al aprovechamiento de las propiedades terap\u00e9uticas de las aguas del Mar Muerto, en cuyas costas se narra que surgi\u00f3 el primer centro de bienestar de la historia.<br \/>\nSeg\u00fan cuenta la leyenda, Cleopatra y la Reina de Saba fueron las primeras en apreciar las valiosas propiedades hidratantes de los minerales y del agua madre del Mar Muerto.<br \/>\nY as\u00ed es, sus aguas contienen m\u00e1s de 20 tipos distintos de minerales, tales como potasio, magnesio y calcio, muy similares a los que se encuentran naturalmente en nuestra piel.<br \/>\nMientras en la \u201cnormal\u201d sal marina predomina la presencia de Cloruro de Sodio, en la sal del Mar Muerto este elemento s\u00f3lo est\u00e1 presente en un porcentaje m\u00ednimo (15%), siendo superior la cantidad de Magnesio (32%) y de Potasio (25%).<br \/>\nY es precisamente la alta concentraci\u00f3n de Magnesio y Potasio reproducida en \u201cI Sali della Vita \u2013 Acqua Madre\u201d a trav\u00e9s del proceso de bioestabilizaci\u00f3n la que permite que, por osmosis, se produzca una absorci\u00f3n de estos minerales a trav\u00e9s de la piel, garantizando una acci\u00f3n beneficiosa en todo el organismo.<\/p>\n<div class=\"clear\"><\/div>\n<\/div>\n<\/div>\n<\/div>\n<div id=\"comments\"><\/div>\n<\/div>\n<div id=\"noMainPageImg\"><\/div>\n<div class=\"clear\"><\/div>\n<p>[\/vc_column_text][\/vc_column][\/vc_row]<\/p>\n","protected":false},"excerpt":{"rendered":"<p>[vc_row][vc_column][vc_column_text el_class=\u00bbabout-des\u00bb css=\u00bb.vc_custom_1517290770083{padding-top: 60px !important;padding-bottom: 60px !important;}\u00bb] Una \u00fanica soluci\u00f3n para piscinas y SPA El contexto acu\u00e1tico siempre ha sido un elemento indispensable para el mundo del wellness, que lo utiliza en los procesos de \u201cpuesta en forma\u201d y en los recorridos de salud; a esto se a\u00f1ade la fuerte evoluci\u00f3n del mundo del fitness,&#8230;<\/p>\n","protected":false},"author":2,"featured_media":0,"parent":0,"menu_order":0,"comment_status":"closed","ping_status":"closed","template":"","meta":[],"_links":{"self":[{"href":"https:\/\/isalidellavita.it\/es\/wp-json\/wp\/v2\/pages\/1215"}],"collection":[{"href":"https:\/\/isalidellavita.it\/es\/wp-json\/wp\/v2\/pages"}],"about":[{"href":"https:\/\/isalidellavita.it\/es\/wp-json\/wp\/v2\/types\/page"}],"author":[{"embeddable":true,"href":"https:\/\/isalidellavita.it\/es\/wp-json\/wp\/v2\/users\/2"}],"replies":[{"embeddable":true,"href":"https:\/\/isalidellavita.it\/es\/wp-json\/wp\/v2\/comments?post=1215"}],"version-history":[{"count":2,"href":"https:\/\/isalidellavita.it\/es\/wp-json\/wp\/v2\/pages\/1215\/revisions"}],"predecessor-version":[{"id":1231,"href":"https:\/\/isalidellavita.it\/es\/wp-json\/wp\/v2\/pages\/1215\/revisions\/1231"}],"wp:attachment":[{"href":"https:\/\/isalidellavita.it\/es\/wp-json\/wp\/v2\/media?parent=1215"}],"curies":[{"name":"wp","href":"https:\/\/api.w.org\/{rel}","templated":true}]}}