{"id":1217,"date":"2018-01-09T19:44:41","date_gmt":"2018-01-09T19:44:41","guid":{"rendered":"https:\/\/isalidellavita.it\/nature\/"},"modified":"2018-02-10T14:51:43","modified_gmt":"2018-02-10T14:51:43","slug":"naturaleza","status":"publish","type":"page","link":"https:\/\/isalidellavita.it\/es\/naturaleza\/","title":{"rendered":"Naturaleza"},"content":{"rendered":"<p>[vc_row][vc_column][vc_column_text el_class=\u00bbabout-des\u00bb css=\u00bb.vc_custom_1517290829000{padding-top: 60px !important;padding-bottom: 60px !important;}\u00bb]<\/p>\n<h4>Para una gesti\u00f3n bio-sostenible de tu piscina<\/h4>\n<p>\u201cI Sali della Vita\u201d respetan el medio ambiente. El Magnesio y el Potasio son elementos esenciales no s\u00f3lo para el reino animal, sino tambi\u00e9n para el vegetal, en el que constituyen un factor determinante para el crecimiento de las plantas.<br \/>\nPor ello, respetando las concentraciones de sales previstas por la ley, se puede descargar el agua de piscina procedente del contralavado de los filtros o reutilizarla para regar el c\u00e9sped: una vez restaurada la concentraci\u00f3n salina dentro de los l\u00edmites biol\u00f3gicos no s\u00f3lo no se quema la vegetaci\u00f3n, sino que se obtiene un efecto vigorizante de la misma.<br \/>\nAdem\u00e1s, el uso de \u201cI Sali della Vita\u201d, a diferencia de lo que sucede con la sal com\u00fan, no ocasiona ning\u00fan efecto de corrosi\u00f3n por salobridad en las estructuras met\u00e1licas pr\u00f3ximas a la piscina ni el amarilleamiento del c\u00e9sped circunstante.<br \/>\n\u201cI Sali della Vita\u201d son bio-compatibles y est\u00e1n biol\u00f3gicamente testadas. Test realizados en los laboratorios Barchemicals y universitarios, han demostrado que soluciones hasta 5000 ppm de \u201cI Sali della Vita\u201d son perfectamente compatibles en test prolongados tanto con la vida animal (Carassius Auratus) como con la vegetal.<br \/>\nGracias a \u201cI Sali della Vita\u201d podr\u00e1s tener una piscina perfectamente desinfectada y, a la vez, amable con la naturaleza que nos circunda.<br \/>\nLa fuerte acci\u00f3n sin\u00e9rgica, bactericida y bacteriost\u00e1tica de \u201cI Sali della Vita\u201d permite reducir de modo significativo la cantidad de sustancias qu\u00edmicas agresivas que deben a\u00f1adirse al agua de tu piscina para estar seguros de su desinfecci\u00f3n y, por lo tanto, de su salubridad.<br \/>\nSi a este sistema de desinfecci\u00f3n se asocia el uso de instrumentos eco-friendly se reduce dr\u00e1sticamente el impacto ambiental que la gesti\u00f3n de una piscina comporta.[\/vc_column_text][\/vc_column][\/vc_row]<\/p>\n","protected":false},"excerpt":{"rendered":"<p>[vc_row][vc_column][vc_column_text el_class=\u00bbabout-des\u00bb css=\u00bb.vc_custom_1517290829000{padding-top: 60px !important;padding-bottom: 60px !important;}\u00bb] Para una gesti\u00f3n bio-sostenible de tu piscina \u201cI Sali della Vita\u201d respetan el medio ambiente. El Magnesio y el Potasio son elementos esenciales no s\u00f3lo para el reino animal, sino tambi\u00e9n para el vegetal, en el que constituyen un factor determinante para el crecimiento de las plantas. Por&#8230;<\/p>\n","protected":false},"author":2,"featured_media":0,"parent":0,"menu_order":0,"comment_status":"closed","ping_status":"closed","template":"","meta":[],"_links":{"self":[{"href":"https:\/\/isalidellavita.it\/es\/wp-json\/wp\/v2\/pages\/1217"}],"collection":[{"href":"https:\/\/isalidellavita.it\/es\/wp-json\/wp\/v2\/pages"}],"about":[{"href":"https:\/\/isalidellavita.it\/es\/wp-json\/wp\/v2\/types\/page"}],"author":[{"embeddable":true,"href":"https:\/\/isalidellavita.it\/es\/wp-json\/wp\/v2\/users\/2"}],"replies":[{"embeddable":true,"href":"https:\/\/isalidellavita.it\/es\/wp-json\/wp\/v2\/comments?post=1217"}],"version-history":[{"count":2,"href":"https:\/\/isalidellavita.it\/es\/wp-json\/wp\/v2\/pages\/1217\/revisions"}],"predecessor-version":[{"id":1233,"href":"https:\/\/isalidellavita.it\/es\/wp-json\/wp\/v2\/pages\/1217\/revisions\/1233"}],"wp:attachment":[{"href":"https:\/\/isalidellavita.it\/es\/wp-json\/wp\/v2\/media?parent=1217"}],"curies":[{"name":"wp","href":"https:\/\/api.w.org\/{rel}","templated":true}]}}