{"id":1219,"date":"2018-01-09T19:43:59","date_gmt":"2018-01-09T19:43:59","guid":{"rendered":"https:\/\/isalidellavita.it\/versatility\/"},"modified":"2018-02-10T14:56:23","modified_gmt":"2018-02-10T14:56:23","slug":"versatilidad","status":"publish","type":"page","link":"https:\/\/isalidellavita.it\/es\/versatilidad\/","title":{"rendered":"Versatilidad"},"content":{"rendered":"<p>[vc_row][vc_column][vc_column_text el_class=\u00bbabout-des\u00bb css=\u00bb.vc_custom_1517290892291{padding-top: 60px !important;padding-bottom: 60px !important;}\u00bb]<\/p>\n<h4>Los Minerales del Bienestar<\/h4>\n<p>\u201cI Sali della Vita\u201d permiten reconstruir las peculiares propiedades de las aguas \u201calcalino s\u00f3dico-yodo-magn\u00e9sicas\u201d tambi\u00e9n en SPA y en piscinas en las que, al est\u00e1n ubicadas muy lejos de las fuentes termales, no se puede utilizar este tipo de aguas.<br \/>\n\u201cI Sali della Vita\u201d pueden utilizarse en todo tipo de estructuras acu\u00e1ticas y natatorias compatiblemente con las caracter\u00edsticas constructivas de las piscinas.<br \/>\nPor este motivo se han desarrollado cinco l\u00edneas de utilizaci\u00f3n de \u201cI Sali della Vita\u201d, para permitir una correcta aplicaci\u00f3n independientemente de cualquier supeditaci\u00f3n a estructuras e instalaciones.<br \/>\nLos especialistas y revendedores Barchemicals est\u00e1n siempre a su disposici\u00f3n para aconsejarle los productos m\u00e1s id\u00f3neos para sus necesidades.[\/vc_column_text][\/vc_column][\/vc_row]<\/p>\n","protected":false},"excerpt":{"rendered":"<p>[vc_row][vc_column][vc_column_text el_class=\u00bbabout-des\u00bb css=\u00bb.vc_custom_1517290892291{padding-top: 60px !important;padding-bottom: 60px !important;}\u00bb] Los Minerales del Bienestar \u201cI Sali della Vita\u201d permiten reconstruir las peculiares propiedades de las aguas \u201calcalino s\u00f3dico-yodo-magn\u00e9sicas\u201d tambi\u00e9n en SPA y en piscinas en las que, al est\u00e1n ubicadas muy lejos de las fuentes termales, no se puede utilizar este tipo de aguas. \u201cI Sali della Vita\u201d&#8230;<\/p>\n","protected":false},"author":2,"featured_media":0,"parent":0,"menu_order":0,"comment_status":"closed","ping_status":"closed","template":"","meta":[],"_links":{"self":[{"href":"https:\/\/isalidellavita.it\/es\/wp-json\/wp\/v2\/pages\/1219"}],"collection":[{"href":"https:\/\/isalidellavita.it\/es\/wp-json\/wp\/v2\/pages"}],"about":[{"href":"https:\/\/isalidellavita.it\/es\/wp-json\/wp\/v2\/types\/page"}],"author":[{"embeddable":true,"href":"https:\/\/isalidellavita.it\/es\/wp-json\/wp\/v2\/users\/2"}],"replies":[{"embeddable":true,"href":"https:\/\/isalidellavita.it\/es\/wp-json\/wp\/v2\/comments?post=1219"}],"version-history":[{"count":2,"href":"https:\/\/isalidellavita.it\/es\/wp-json\/wp\/v2\/pages\/1219\/revisions"}],"predecessor-version":[{"id":1235,"href":"https:\/\/isalidellavita.it\/es\/wp-json\/wp\/v2\/pages\/1219\/revisions\/1235"}],"wp:attachment":[{"href":"https:\/\/isalidellavita.it\/es\/wp-json\/wp\/v2\/media?parent=1219"}],"curies":[{"name":"wp","href":"https:\/\/api.w.org\/{rel}","templated":true}]}}