{"id":1236,"date":"2018-01-09T19:43:28","date_gmt":"2018-01-09T19:43:28","guid":{"rendered":"https:\/\/isalidellavita.it\/product-line\/"},"modified":"2018-02-10T15:01:20","modified_gmt":"2018-02-10T15:01:20","slug":"utilizacion","status":"publish","type":"page","link":"https:\/\/isalidellavita.it\/es\/utilizacion\/","title":{"rendered":"Utilizaci\u00f3n"},"content":{"rendered":"<p>[vc_row][vc_column][vc_column_text css=\u00bb.vc_custom_1517291319118{padding-top: 60px !important;padding-bottom: 60px !important;}\u00bb el_class=\u00bbabout-des\u00bb]<\/p>\n<div id=\"entries\">\n<div id=\"post-310\" class=\"post-310 page type-page status-publish hentry\">\n<div class=\"entry\">\n<div class=\"contents\">\n<h4>L\u00ednea No-Chlor de Ox\u00edgeno<\/h4>\n<p>Es la l\u00ednea principal de \u201cI Sali della Vita\u201d. Est\u00e1 dirigida especialmente a piscinas privadas y SPA cuyos clientes deseen utilizar productos naturales sin cloro.<br \/>\n\u2022\u00a0<strong>AGUA MADRE:<\/strong>\u00a0soluci\u00f3n saturada bioestabilizada.<br \/>\n\u2022\u00a0<strong>BIOACID<\/strong>\u00a0\u2013 Corrector del pH natural.<br \/>\n\u2022\u00a0<strong>BIOZONO<\/strong>\u00a0\u2013 Oxidante a base de peroxi\u00e1cidos naturales.<\/p>\n<h4>L\u00ednea para Esterilizadores por Sal<\/h4>\n<p>Est\u00e1 dirigida a los clientes que, manteniendo el sistema de esterilizaci\u00f3n por sal, desean obtener las propiedades beneficiosas derivadas de la sustituci\u00f3n de la sal de cocina con \u201cI Sali della Vita\u201d.<br \/>\n\u2022\u00a0<strong>AGUA MADRE<\/strong>: soluci\u00f3n saturada bioestabilizada.<br \/>\n\u2022\u00a0<strong>BIOACID<\/strong>\u00a0\u2013 Corrector del pH natural.<br \/>\n\u2022\u00a0<strong>BIOSTART<\/strong>&#8211; \u201cI Sali della Vita\u201d en forma granular para piscinas tratadas con electrolisis salina.<\/p>\n<h4>L\u00ednea para piscinas p\u00fablicas<\/h4>\n<p>En las piscinas natatorias de uso p\u00fablico \u201cI Sali della Vita\u201d deben utilizarse en combinaci\u00f3n con el cloro como agente desinfectante de base, tal y como las normativas vigentes prescriben. Los efectos beneficiosos y bacteriost\u00e1ticos de \u201cI Sali della Vita \u2013 Acqua Madre\u201d, permiten mantener el agua en condiciones higi\u00e9nicamente \u00f3ptimas, reduciendo la concentraci\u00f3n del cloro necesario y evitando as\u00ed los efectos indeseados producidos por su uso a elevadas concentraciones.<br \/>\n\u2022\u00a0<strong>Agua Madre<\/strong>: soluci\u00f3n saturada bioestabilizada.<br \/>\n\u2022\u00a0<strong>BIOACID<\/strong>\u00a0\u2013 Corrector del pH natural.<br \/>\n\u2022\u00a0<strong>BIOQUARK Fast<\/strong>\u00a0\u2013 \u00d3vulos de calcio hipoclorito aditivado con \u201cI Sali della Vita\u201d y agente antiincrustante.<\/p>\n<h4>L\u00ednea SPA<\/h4>\n<p>Es la l\u00ednea creada para que los clientes privados puedan disfrutar en su propio SPA o hidromasaje de los efectos beneficiosos de \u201cI Sali della Vita\u201d, pero tambi\u00e9n para los usuarios de duchas emocionales y de Ba\u00f1os Turcos.<br \/>\nSu especial formulaci\u00f3n con esencias bals\u00e1micas naturales intensifica los efectos beneficiosos y relajantes, potenciados por la absorci\u00f3n a trav\u00e9s de la inhalaci\u00f3n de las nieblas salinas producidas por los chorros.<br \/>\n\u2022\u00a0<strong>BIOSOL<\/strong>\u00a0\u2013 \u201cI Sali della Vita\u201d: soluci\u00f3n saturada perfumada disponible en distintas fragancias: Eucalipto, Mentol, Algaribe y Vainilla.<\/p>\n<h4>L\u00ednea Biolagos y Biopiscinas<\/h4>\n<p>La l\u00ednea est\u00e1 dirigida a los amantes y propietarios de Biopiscinas o Biolagos que quieren disfrutar de las propiedades naturales de \u201cI Sali della Vita\u201d.<br \/>\nEl producto es biocompatible y no altera el equilibrio de la microflora y de la fauna acu\u00e1tica.<br \/>\n\u2022\u00a0<strong>BIOLAKE<\/strong>\u00a0\u2013 Soluci\u00f3n saturada de formulaci\u00f3n equilibrada para biopiscinas y biolagos.<\/p>\n<h4>Productos adicionales<\/h4>\n<p>\u2022\u00a0<strong>BIOSAN<\/strong>\u00a0\u2013 Bactericida, Alguicida, Aclarador<br \/>\n\u2022\u00a0<strong>BIOSHOCK<\/strong>\u00a0\u2013 Producto espec\u00edfico para tratamientos de choque<br \/>\n\u2022\u00a0<strong>BIOSTAB<\/strong>\u00a0\u2013 Activador\/Estabilizador especial<br \/>\n\u2022\u00a0<strong>BIOQUARK<\/strong>\u00a0\u2013 Longtime \u2013 \u00d3vulos a base de Calcio hipoclorito y \u201cSali della Vita\u201d de lenta liberaci\u00f3n \u2013 s\u00f3lo para skimmers.<br \/>\n\u2022\u00a0<strong>BIOROCK<\/strong>\u00a0\u2013 Sal granulada para Salas de Sal y Grutas Etruscas<\/p>\n<\/div>\n<\/div>\n<\/div>\n<\/div>\n<p>[\/vc_column_text][\/vc_column][\/vc_row]<\/p>\n","protected":false},"excerpt":{"rendered":"<p>[vc_row][vc_column][vc_column_text css=\u00bb.vc_custom_1517291319118{padding-top: 60px !important;padding-bottom: 60px !important;}\u00bb el_class=\u00bbabout-des\u00bb] L\u00ednea No-Chlor de Ox\u00edgeno Es la l\u00ednea principal de \u201cI Sali della Vita\u201d. Est\u00e1 dirigida especialmente a piscinas privadas y SPA cuyos clientes deseen utilizar productos naturales sin cloro. \u2022\u00a0AGUA MADRE:\u00a0soluci\u00f3n saturada bioestabilizada. \u2022\u00a0BIOACID\u00a0\u2013 Corrector del pH natural. \u2022\u00a0BIOZONO\u00a0\u2013 Oxidante a base de peroxi\u00e1cidos naturales. L\u00ednea para Esterilizadores&#8230;<\/p>\n","protected":false},"author":2,"featured_media":0,"parent":0,"menu_order":0,"comment_status":"closed","ping_status":"closed","template":"","meta":[],"_links":{"self":[{"href":"https:\/\/isalidellavita.it\/es\/wp-json\/wp\/v2\/pages\/1236"}],"collection":[{"href":"https:\/\/isalidellavita.it\/es\/wp-json\/wp\/v2\/pages"}],"about":[{"href":"https:\/\/isalidellavita.it\/es\/wp-json\/wp\/v2\/types\/page"}],"author":[{"embeddable":true,"href":"https:\/\/isalidellavita.it\/es\/wp-json\/wp\/v2\/users\/2"}],"replies":[{"embeddable":true,"href":"https:\/\/isalidellavita.it\/es\/wp-json\/wp\/v2\/comments?post=1236"}],"version-history":[{"count":4,"href":"https:\/\/isalidellavita.it\/es\/wp-json\/wp\/v2\/pages\/1236\/revisions"}],"predecessor-version":[{"id":1250,"href":"https:\/\/isalidellavita.it\/es\/wp-json\/wp\/v2\/pages\/1236\/revisions\/1250"}],"wp:attachment":[{"href":"https:\/\/isalidellavita.it\/es\/wp-json\/wp\/v2\/media?parent=1236"}],"curies":[{"name":"wp","href":"https:\/\/api.w.org\/{rel}","templated":true}]}}