{"id":1238,"date":"2018-01-09T19:41:53","date_gmt":"2018-01-09T19:41:53","guid":{"rendered":"https:\/\/isalidellavita.it\/products\/"},"modified":"2018-02-10T15:06:01","modified_gmt":"2018-02-10T15:06:01","slug":"productos","status":"publish","type":"page","link":"https:\/\/isalidellavita.it\/es\/productos\/","title":{"rendered":"Productos"},"content":{"rendered":"<p>[vc_row][vc_column width=\u00bb2\/3&#8243;][vc_column_text el_class=\u00bbabout-des\u00bb css=\u00bb.vc_custom_1517291415978{padding-top: 60px !important;padding-bottom: 60px !important;}\u00bb]<strong>AGUA MADRE<\/strong>\u00a0\u2013 Soluci\u00f3n Saturada Bioestabilizada<br \/>\nEn forma l\u00edquida. Es una mezcla equilibrada de sales minerales a base de Magnesio, Potasio, Yodo y bio- ligoelementos para la reconstrucci\u00f3n de soluciones homeost\u00e1ticas para balnearios. Contiene agentes con efecto antiincrustante. La formulaci\u00f3n l\u00edquida del Agua Madre facilita la disoluci\u00f3n del producto y evita errores de dosificaci\u00f3n.<br \/>\n<em>Envases: 1, 5 \u00f3 10 litros.<\/em><\/p>\n<p><strong>BIOACID<\/strong>\u00a0\u2013 En forma l\u00edquida es un corrector \u00e1cido del pH, natural, de efecto tamp\u00f3n\u00a0 bactericida y antialgas, para piscinas a base de \u00e1cidos inorg\u00e1nicos tamponados y sales minerales. Con Magnesio y Potasio. Su especial formulaci\u00f3n equilibrada reduce la presencia de contaminantes org\u00e1nicos y mantiene bajo control la flora bacteriana y algal, evitando la formaci\u00f3n de biofilm y de dep\u00f3sitos calc\u00e1reos en los equipos de filtrado.<br \/>\n<em>Envases: 1, 5 \u00f3 10 litros.<\/em><\/p>\n<p><strong>BIOZONO<\/strong>\u00a0\u2013 Bio Oxidante e Higienizante delicado en forma l\u00edquida a base de per\u00f3xidos naturales estabilizados y oligoelementos para el tratamiento No Chlor del agua de las piscinas.<br \/>\nLibera ox\u00edgeno activo en estado naciente.<br \/>\n<em>Envase: 5 \u00f3 10 litros.<\/em><\/p>\n<p><strong>BIO-OXI<\/strong>\u00a0\u2013 Bio agente oxidante en forma l\u00edquida. Desarrolla ox\u00edgeno activo. Especialmente adecuado para el agua con alto contenido de sal.<br \/>\n<em>Envases: 5 \u2013 10 litros.<\/em><\/p>\n<p><strong>BIOSTART<\/strong>&#8211; Sali della Vita &#8211;<br \/>\nEl forma granular. Biostart es una mezcla de sales minerales a base de Magnesio, Potasio, Yodo y oligoelementos esenciales para reconstrucci\u00f3n de soluciones homeost\u00e1ticas para balnearios. Contiene agentes estabilizantes del cloro y antiincrustantes. Su uso est\u00e1 especialmente indicado para la fase 1 de inicializaci\u00f3n de piscinas y SPA con sistemas de desinfecci\u00f3n basados en esterilizadores por sal.<br \/>\n<em>Envase: 25 kg.<\/em><\/p>\n<p><strong>BIOLAKE<\/strong>\u00a0\u2013 Agua Madre y Bio-Pol\u00edmeros naturales. En forma l\u00edquida: para aditivar al inicio de la emporada en biopiscinas y en los biolagos, ayuda a equilibrar el contenido de minerales en el agua y favorece el equilibrio del bioplancton y del fitoplancton, ayuda en el periodo primaveral al desarrollo de las plantas acu\u00e1ticas, ayuda a mantener bajo control las algas y mejora la limpidez del agua.<br \/>\n<em>Envase: 25 kg.<\/em><\/p>\n<p><strong>BIOQUARK \u2013 Fast<\/strong>\u00a0\u2013 \u00d3vulos especiales de calcio hipoclorito aditivado con \u201cI Sali della Vita\u201d, agentes antiincrustantes y agentes antialgas de disoluci\u00f3n controlada, para utilizar en los espec\u00edficos diluidores (DDS).<br \/>\n<em>Envases: 10 y 25 kg.<\/em><\/p>\n<p><strong>BIOQUARK \u2013 LongTime<\/strong>\u00a0\u2013 \u00d3vulos especiales de calcio hipoclorito aditivado con \u201cI Sali della Vita\u201d, agentes antiincrustantes y agentes antialgas de lenta disoluci\u00f3n, para utilizar exclusivamente en los Skimmer de piscinas o SPA.<br \/>\n<em>Envases: 5 y 10 kg.<\/em><\/p>\n<p><strong>BIOSOL<\/strong>\u00a0\u2013 Este producto se propone en formato l\u00edquido bals\u00e1mico y es una mezcla equilibrada de sales minerales a base de magnesio, potasio, yodo, fragancia bals\u00e1mica y oligoelementos para la reconstrucci\u00f3n de soluciones homeost\u00e1ticas para balnearios de fuerte efecto bacteriost\u00e1tico.<br \/>\n<em>Envases: 1, 5 y 10 litros.<\/em><\/p>\n<p><strong>BIOSAN<\/strong>\u00a0\u2013 Mezcla l\u00edquida de fuerte efecto antibacteriano a base de pol\u00edmeros de cadena larga y biopol\u00edmeros naturales para el tratamiento del agua de las piscinas. Previene y combate el biofilm y la proliferaci\u00f3n de algas.<br \/>\n<em>Envase: 5 litros.<\/em><\/p>\n<p><strong>BIOSHOCK<\/strong>\u00a0\u2013 En formato granular. Agente con efecto oxidante e higienizante a base de per\u00f3xidos estabilizados para el tratamiento de choque del agua de las piscinas.<br \/>\n<em>Envase: 5 kg.<\/em><\/p>\n<p><strong>BIOSTAB<\/strong><br \/>\nActivador espec\u00edfico en formato granular para sistemas por electr\u00f3lisis salina.<br \/>\nAumenta la producci\u00f3n de cloro de los esterilizadores por sal. Reduce la formaci\u00f3n de dep\u00f3sitos calc\u00e1reos en los electrodos, favorece y estabiliza la producci\u00f3n del cloro en las piscinas.<br \/>\n<em>Envase: 5 kg.<\/em><\/p>\n<p><strong>BIOROCK<\/strong><br \/>\n\u201cI Sali della Vita\u201d en forma granular para usar en Salas de Sal y Grutas Etruscas.<br \/>\n<em>Envase: 25 kg.<\/em><\/p>\n<h4>Accesorios<\/h4>\n<p>Los Laboratorios Barchemicals, dedicados desde hace a\u00f1os a la investigaci\u00f3n y desarrollo de nuevos productos y de nuevas tecnolog\u00edas bio-compatibles y respetuosas con el medio ambiente, no pod\u00eda dejar de desarrollar, junto a \u201cI Sali della Vita\u201d, una vasta gama de tecnolog\u00edas aptas para minimizar el impacto ambiental de las mismas en los procesos para el tratamiento y la desinfecci\u00f3n de las aguas de las piscinas y SPA.<br \/>\n<strong>L\u00ednea VitroSphere\u00ae Nano<\/strong>: Nuevo material filtrante realizado con microesferas v\u00edtreas, previene la formaci\u00f3n del biofilm.<br \/>\n<strong>L\u00ednea BioMat<\/strong>: Medio de filtrado a base de nanotecnolog\u00edas para la reducci\u00f3n de las cloroaminas.<br \/>\n<strong>L\u00ednea MultiCyclone<\/strong>: Prefiltro cicl\u00f3nico para el ahorro h\u00eddrico.<br \/>\n<strong>L\u00ednea BioSalt<\/strong>: Bio-esterilizador salino de tecnolog\u00eda combinada, trabaja a base de concentraciones salinas.<br \/>\n<strong>L\u00ednea BioSonic<\/strong>: Esterilizador de efecto cavitacional.<br \/>\n<strong>L\u00ednea BioTitanium<\/strong>: Serie de tubos UV de efecto potenciado gracias a las nanotecnolog\u00edas.<br \/>\n<strong>L\u00ednea Heliosan<\/strong>: Sistema integrado que aprovecha los rayos solares para calentar y desinfectar el agua de piscinas.[\/vc_column_text][\/vc_column][vc_column width=\u00bb1\/3&#8243;][vc_single_image image=\u00bb728&#8243; img_size=\u00bbfull\u00bb css=\u00bb.vc_custom_1515529903776{padding-top: 60px !important;}\u00bb][\/vc_column][\/vc_row]<\/p>\n","protected":false},"excerpt":{"rendered":"<p>[vc_row][vc_column width=\u00bb2\/3&#8243;][vc_column_text el_class=\u00bbabout-des\u00bb css=\u00bb.vc_custom_1517291415978{padding-top: 60px !important;padding-bottom: 60px !important;}\u00bb]AGUA MADRE\u00a0\u2013 Soluci\u00f3n Saturada Bioestabilizada En forma l\u00edquida. Es una mezcla equilibrada de sales minerales a base de Magnesio, Potasio, Yodo y bio- ligoelementos para la reconstrucci\u00f3n de soluciones homeost\u00e1ticas para balnearios. Contiene agentes con efecto antiincrustante. La formulaci\u00f3n l\u00edquida del Agua Madre facilita la disoluci\u00f3n del producto&#8230;<\/p>\n","protected":false},"author":2,"featured_media":0,"parent":0,"menu_order":0,"comment_status":"closed","ping_status":"closed","template":"","meta":[],"_links":{"self":[{"href":"https:\/\/isalidellavita.it\/es\/wp-json\/wp\/v2\/pages\/1238"}],"collection":[{"href":"https:\/\/isalidellavita.it\/es\/wp-json\/wp\/v2\/pages"}],"about":[{"href":"https:\/\/isalidellavita.it\/es\/wp-json\/wp\/v2\/types\/page"}],"author":[{"embeddable":true,"href":"https:\/\/isalidellavita.it\/es\/wp-json\/wp\/v2\/users\/2"}],"replies":[{"embeddable":true,"href":"https:\/\/isalidellavita.it\/es\/wp-json\/wp\/v2\/comments?post=1238"}],"version-history":[{"count":2,"href":"https:\/\/isalidellavita.it\/es\/wp-json\/wp\/v2\/pages\/1238\/revisions"}],"predecessor-version":[{"id":1252,"href":"https:\/\/isalidellavita.it\/es\/wp-json\/wp\/v2\/pages\/1238\/revisions\/1252"}],"wp:attachment":[{"href":"https:\/\/isalidellavita.it\/es\/wp-json\/wp\/v2\/media?parent=1238"}],"curies":[{"name":"wp","href":"https:\/\/api.w.org\/{rel}","templated":true}]}}