{"id":1240,"date":"2018-01-09T19:37:47","date_gmt":"2018-01-09T19:37:47","guid":{"rendered":"https:\/\/isalidellavita.it\/about-us\/"},"modified":"2018-02-10T15:09:59","modified_gmt":"2018-02-10T15:09:59","slug":"sobre-nosotros","status":"publish","type":"page","link":"https:\/\/isalidellavita.it\/es\/sobre-nosotros\/","title":{"rendered":"Sobre nosotros"},"content":{"rendered":"<p>[vc_row][vc_column][vc_column_text el_class=\u00bbabout-des\u00bb css=\u00bb.vc_custom_1517291644398{padding-top: 60px !important;padding-bottom: 60px !important;}\u00bb]<\/p>\n<h2>La f\u00f3rmula perfecta<\/h2>\n<p>El Barchemicals Group representa una empresa italiana de r\u00e1pida expansi\u00f3n que consta de 6 compa\u00f1\u00edas operativas y 2 firmas de bienes ra\u00edces que comparten proyectos, perspectivas y valores. Opera en el sector del tratamiento primario, de agua potable y de piscinas, tanto en Italia como en el extranjero, y puede abordar todo tipo de problemas de gesti\u00f3n, con especial atenci\u00f3n al sector de la desinfecci\u00f3n y el tratamiento del agua, la desinfecci\u00f3n y desinfecci\u00f3n del medioambiente, sistemas de control de dosificaci\u00f3n y automatizaci\u00f3n.<\/p>\n<p>El grupo opera en varios segmentos gracias a las diferentes compa\u00f1\u00edas miembros. De hecho, cada uno de estos ha sido creado para proporcionar a los clientes de Barchemicals Group un servicio integral y especializado.<\/p>\n<h3>Gobierno corporativo<\/h3>\n<p>El grupo Barchemicals puede presumir de una alta agilidad en la toma de decisiones y la eficiencia operativa gracias a una estrategia de gesti\u00f3n en la cual los gerentes de la compa\u00f1\u00eda son parte de la estructura social de la misma. Esto asegura la estabilidad del grupo, la eficiencia, la capacidad de respuesta y la fiabilidad.<\/p>\n<p>Opera en el campo del tratamiento primario de agua, agua potable y piscinas, tanto en Italia como en el extranjero, abarcando 360 grados de cada uno de los temas de gesti\u00f3n, particularmente con respecto a los sistemas de desinfecci\u00f3n y tratamiento de agua, desinfecci\u00f3n y sanitizaci\u00f3n, dosificaci\u00f3n y control de automatizaci\u00f3n.<\/p>\n<h3>Nuestros valores<\/h3>\n<p><strong>1. Atenci\u00f3n al cliente:<\/strong><br \/>\nNuestros productos y servicios deben satisfacer las necesidades de nuestros clientes<br \/>\nEscuchamos sus consejos para mejorar nuestra oferta y satisfacer sus necesidades<br \/>\nNuestro objetivo es crear un v\u00ednculo duradero con nuestros clientes, basado en la confianza, confiabilidad y cooperaci\u00f3n<br \/>\nApoyamos a los clientes con un servicio eficiente, r\u00e1pido y profesional<\/p>\n<p><strong>2. Excelencia en calidad de productos y servicios:<\/strong><br \/>\nSiempre trabajamos con altos est\u00e1ndares de calidad<br \/>\nMejoramos constantemente nuestra oferta y fiabilidad de nuestros productos gracias a nuestro sistema de calidad ISO 9001<br \/>\nOfrecemos a nuestros clientes soluciones t\u00e9cnicas y patentes de alto valor agregado<\/p>\n<p><strong>3. Centrarse en la innovaci\u00f3n y la evoluci\u00f3n:<\/strong><br \/>\nNuestra oficina de Investigaci\u00f3n y Desarrollo nos permite adelantarnos a su tiempo ofreciendo productos y tecnolog\u00edas<br \/>\nTomamos en serio las ideas de nuestros empleados<br \/>\nNuestra presencia durante m\u00e1s de 30 a\u00f1os en la industria es la base de nuestra investigaci\u00f3n y nuestro desarrollo<\/p>\n<p><strong>4. Creemos en el equipo:<\/strong><br \/>\nNuestros \u00e9xitos son el resultado de la colaboraci\u00f3n entre nuestro personal, nuestros clientes y nuestros proveedores<br \/>\nSomos conscientes de que nuestra fortaleza radica en nuestros recursos humanos<br \/>\nPromovemos el desarrollo personal y profesional de quienes trabajan con nosotros<\/p>\n<p><strong>5. Promover el Made in Italy en el mundo:<\/strong><br \/>\nCreemos en el estilo, en el estro y en las ideas revolucionarias del esp\u00edritu italiano y lo promovemos en el mundo<\/p>\n<p><strong>6. Creemos en la internacionalizaci\u00f3n:<\/strong><br \/>\nCreemos en el mercado global sin prejuicios hacia las innovaciones y tecnolog\u00edas de otros pa\u00edses<\/p>\n<h3>Nuestras marcas<\/h3>\n<p><strong>Barchemicals<\/strong> opera en el sector de tratamiento de aguas y piscinas.<\/p>\n<p><strong>Engineering<\/strong> <strong>Corporation<\/strong> es un fabricante l\u00edder de plantas de tratamiento de agua y sistemas de control y dosificaci\u00f3n.<\/p>\n<p><strong>Barchemicals<\/strong> <strong>Biopharma<\/strong> fue creado para atender la necesidad de proteger la salud de las personas.<br \/>\nAl explotar las habilidades qu\u00edmico-farmac\u00e9uticas de sus empleados, opera en el campo de investigaci\u00f3n y desarrollo de productos, y sistemas y m\u00e9todos capaces de garantizar el equilibrio y la bioseguridad del agua potable, el agua caliente dom\u00e9stica y las aguas recreativas. Tambi\u00e9n promueve la capacitaci\u00f3n del personal interno y del cliente.<\/p>\n<p><strong>B &amp; B Service<\/strong> fue la \u00faltima compa\u00f1\u00eda en ser creada, pero esto no significa que sea la menos importante. Representa la nueva filosof\u00eda corporativa en la medida en que el marketing operativo y estrat\u00e9gico, la capacitaci\u00f3n del personal y la supervisi\u00f3n de la satisfacci\u00f3n del cliente ser\u00e1n fundamentales para nuestro enfoque de Cliente durante la pr\u00f3xima d\u00e9cada.<\/p>\n<p><strong>RPI<\/strong>, Ricerca Progetti Impianti, opera principalmente en el campo de asistencia t\u00e9cnica y de ventas, poniendo a disposici\u00f3n de las empresas del grupo y sus clientes servicios confiables y de alta calidad, as\u00ed como una red de ventas extraordinaria.<\/p>\n<p><strong>ALPHA AQUA<\/strong> opera en el campo de tecnolog\u00edas y sistemas de tratamiento, desinfecci\u00f3n y filtraci\u00f3n de agua para piscinas. Comercializa las marcas.<\/p>\n<p><img loading=\"lazy\" class=\"alignnone size-medium wp-image-1044\" src=\"https:\/\/isalidellavita.it\/wp-content\/uploads\/2018\/01\/perfect.jpg\" alt=\"\" width=\"600\" height=\"596\" \/>[\/vc_column_text][\/vc_column][\/vc_row]<\/p>\n","protected":false},"excerpt":{"rendered":"<p>[vc_row][vc_column][vc_column_text el_class=\u00bbabout-des\u00bb css=\u00bb.vc_custom_1517291644398{padding-top: 60px !important;padding-bottom: 60px !important;}\u00bb] La f\u00f3rmula perfecta El Barchemicals Group representa una empresa italiana de r\u00e1pida expansi\u00f3n que consta de 6 compa\u00f1\u00edas operativas y 2 firmas de bienes ra\u00edces que comparten proyectos, perspectivas y valores. Opera en el sector del tratamiento primario, de agua potable y de piscinas, tanto en Italia como&#8230;<\/p>\n","protected":false},"author":2,"featured_media":0,"parent":0,"menu_order":0,"comment_status":"closed","ping_status":"closed","template":"","meta":[],"_links":{"self":[{"href":"https:\/\/isalidellavita.it\/es\/wp-json\/wp\/v2\/pages\/1240"}],"collection":[{"href":"https:\/\/isalidellavita.it\/es\/wp-json\/wp\/v2\/pages"}],"about":[{"href":"https:\/\/isalidellavita.it\/es\/wp-json\/wp\/v2\/types\/page"}],"author":[{"embeddable":true,"href":"https:\/\/isalidellavita.it\/es\/wp-json\/wp\/v2\/users\/2"}],"replies":[{"embeddable":true,"href":"https:\/\/isalidellavita.it\/es\/wp-json\/wp\/v2\/comments?post=1240"}],"version-history":[{"count":2,"href":"https:\/\/isalidellavita.it\/es\/wp-json\/wp\/v2\/pages\/1240\/revisions"}],"predecessor-version":[{"id":1255,"href":"https:\/\/isalidellavita.it\/es\/wp-json\/wp\/v2\/pages\/1240\/revisions\/1255"}],"wp:attachment":[{"href":"https:\/\/isalidellavita.it\/es\/wp-json\/wp\/v2\/media?parent=1240"}],"curies":[{"name":"wp","href":"https:\/\/api.w.org\/{rel}","templated":true}]}}