{"id":1072,"date":"2017-07-20T08:45:43","date_gmt":"2017-07-20T08:45:43","guid":{"rendered":"https:\/\/isalidellavita.it\/home-01\/"},"modified":"2018-01-23T07:58:52","modified_gmt":"2018-01-23T07:58:52","slug":"home-01","status":"publish","type":"page","link":"https:\/\/isalidellavita.it\/fr\/","title":{"rendered":"Home"},"content":{"rendered":"<p>[vc_row][vc_column]<link href=\"https:\/\/fonts.googleapis.com\/css?family=Open+Sans:400%2C600\" rel=\"stylesheet\" property=\"stylesheet\" type=\"text\/css\" media=\"all\">\n<div id=\"rev_slider_1_1_wrapper\" class=\"rev_slider_wrapper fullwidthbanner-container\" data-source=\"gallery\" style=\"margin:0px auto;background:transparent;padding:0px;margin-top:0px;margin-bottom:0px;\">\n<!-- START REVOLUTION SLIDER 5.4.3.1 fullwidth mode -->\n\t<div id=\"rev_slider_1_1\" class=\"rev_slider fullwidthabanner\" style=\"display:none;\" data-version=\"5.4.3.1\">\n<ul>\t<!-- SLIDE  -->\n\t<li data-index=\"rs-1\" data-transition=\"fade\" data-slotamount=\"default\" data-hideafterloop=\"0\" data-hideslideonmobile=\"off\"  data-easein=\"default\" data-easeout=\"default\" data-masterspeed=\"300\"  data-rotate=\"0\"  data-saveperformance=\"off\"  data-title=\"Slide\" data-param1=\"\" data-param2=\"\" data-param3=\"\" data-param4=\"\" data-param5=\"\" data-param6=\"\" data-param7=\"\" data-param8=\"\" data-param9=\"\" data-param10=\"\" data-description=\"\">\n\t\t<!-- MAIN IMAGE -->\n\t\t<img src=\"https:\/\/isalidellavita.it\/wp-content\/uploads\/2018\/01\/slider.jpg\"  alt=\"\" title=\"slider\"  width=\"1860\" height=\"870\" data-bgposition=\"center center\" data-bgfit=\"cover\" data-bgrepeat=\"no-repeat\" class=\"rev-slidebg\" data-no-retina>\n\t\t<!-- LAYERS -->\n\n\t\t<!-- LAYER NR. 1 -->\n\t\t<div class=\"tp-caption rev-btn \" \n\t\t\t id=\"slide-1-layer-4\" \n\t\t\t data-x=\"['left','left','left','left']\" data-hoffset=\"['224','224','285','285']\" \n\t\t\t data-y=\"['top','top','top','top']\" data-voffset=\"['691','691','772','772']\" \n\t\t\t\t\t\tdata-width=\"none\"\n\t\t\tdata-height=\"none\"\n\t\t\tdata-whitespace=\"nowrap\"\n \n\t\t\tdata-type=\"button\" \n\t\t\tdata-actions='[{\"event\":\"click\",\"action\":\"simplelink\",\"target\":\"_self\",\"url\":\"http:\\\/\\\/isalidellavita.it\\\/en\\\/philosophy\\\/\",\"delay\":\"\"}]'\n\t\t\tdata-responsive_offset=\"on\" \n\t\t\tdata-responsive=\"off\"\n\t\t\tdata-frames='[{\"delay\":9.9432373046875,\"speed\":2000,\"frame\":\"0\",\"from\":\"y:[-100%];z:0;rX:0deg;rY:0;rZ:0;sX:1;sY:1;skX:0;skY:0;\",\"to\":\"o:1;\",\"ease\":\"Power3.easeInOut\"},{\"delay\":\"wait\",\"speed\":309.943,\"frame\":\"999\",\"to\":\"opacity:0;\",\"ease\":\"Power3.easeInOut\"},{\"frame\":\"hover\",\"speed\":\"0\",\"ease\":\"Linear.easeNone\",\"to\":\"o:1;rX:0;rY:0;rZ:0;z:0;\",\"style\":\"c:rgba(255, 255, 255, 1);bg:rgba(25, 128, 216, 1);bs:solid;bw:0 0 0 0;\"}]'\n\t\t\tdata-textAlign=\"['inherit','inherit','inherit','inherit']\"\n\t\t\tdata-paddingtop=\"[15,15,15,15]\"\n\t\t\tdata-paddingright=\"[40,40,40,40]\"\n\t\t\tdata-paddingbottom=\"[15,15,15,15]\"\n\t\t\tdata-paddingleft=\"[40,40,40,40]\"\n\n\t\t\tstyle=\"z-index: 5; white-space: nowrap; font-size: 16px; line-height: 24px; font-weight: 400; color: rgba(255,255,255,1); letter-spacing: px;font-family:Open Sans;background-color:rgb(155,155,155);border-color:rgba(0, 0, 0, 1);outline:none;box-shadow:none;box-sizing:border-box;-moz-box-sizing:border-box;-webkit-box-sizing:border-box;cursor:pointer;\">LEARN MORE <\/div>\n\n\t\t<!-- LAYER NR. 2 -->\n\t\t<div class=\"tp-caption tp-shape tp-shapewrapper \" \n\t\t\t id=\"slide-1-layer-5\" \n\t\t\t data-x=\"['left','left','left','left']\" data-hoffset=\"['23','23','95','95']\" \n\t\t\t data-y=\"['top','top','top','top']\" data-voffset=\"['494','494','565','565']\" \n\t\t\t\t\t\tdata-fontweight=\"['400','600','600','600']\"\n\t\t\tdata-width=\"['544','522','522','351']\"\n\t\t\tdata-height=\"['181','182','182','118']\"\n\t\t\tdata-whitespace=\"nowrap\"\n \n\t\t\tdata-type=\"shape\" \n\t\t\tdata-responsive_offset=\"off\" \n\t\t\tdata-responsive=\"off\"\n\t\t\tdata-frames='[{\"delay\":9.9432373046875,\"speed\":1509.94,\"frame\":\"0\",\"from\":\"opacity:0;\",\"to\":\"o:1;\",\"ease\":\"Power3.easeInOut\"},{\"delay\":\"wait\",\"speed\":309.943,\"frame\":\"999\",\"to\":\"opacity:0;\",\"ease\":\"Power3.easeInOut\"}]'\n\t\t\tdata-textAlign=\"['inherit','inherit','inherit','inherit']\"\n\t\t\tdata-paddingtop=\"[0,0,0,0]\"\n\t\t\tdata-paddingright=\"[0,0,0,0]\"\n\t\t\tdata-paddingbottom=\"[0,0,0,0]\"\n\t\t\tdata-paddingleft=\"[0,0,0,0]\"\n\n\t\t\tstyle=\"z-index: 6;background-color:rgba(0, 122, 255, 0.26);cursor:pointer;\"> <\/div>\n\n\t\t<!-- LAYER NR. 3 -->\n\t\t<h2 class=\"tp-caption  \" \n\t\t\t id=\"slide-1-layer-2\" \n\t\t\t data-x=\"['left','left','left','left']\" data-hoffset=\"['92','92','179','179']\" \n\t\t\t data-y=\"['top','top','top','top']\" data-voffset=\"['518','518','589','589']\" \n\t\t\t\t\t\tdata-fontsize=\"['54','54','54','40']\"\n\t\t\tdata-width=\"none\"\n\t\t\tdata-height=\"none\"\n\t\t\tdata-whitespace=\"nowrap\"\n \n\t\t\tdata-type=\"text\" \n\t\t\tdata-responsive_offset=\"off\" \n\n\t\t\tdata-frames='[{\"delay\":9.9432373046875,\"speed\":1489.91,\"frame\":\"0\",\"from\":\"y:[-100%];z:0;rX:0deg;rY:0;rZ:0;sX:1;sY:1;skX:0;skY:0;\",\"mask\":\"x:0px;y:0px;s:inherit;e:inherit;\",\"to\":\"o:1;\",\"ease\":\"Power3.easeInOut\"},{\"delay\":\"wait\",\"speed\":509.94300000000004,\"frame\":\"999\",\"ease\":\"Back.easeIn\"}]'\n\t\t\tdata-textAlign=\"['inherit','inherit','inherit','inherit']\"\n\t\t\tdata-paddingtop=\"[0,0,0,0]\"\n\t\t\tdata-paddingright=\"[0,0,0,0]\"\n\t\t\tdata-paddingbottom=\"[0,0,0,0]\"\n\t\t\tdata-paddingleft=\"[0,0,0,0]\"\n\n\t\t\tstyle=\"z-index: 7; white-space: nowrap; font-size: 54px; line-height: 60px; font-weight: 600; color: #ffffff; letter-spacing: px;font-family:Open Sans;background-color:rgba(255, 255, 255, 0);\">I Sali della Vita <\/h2>\n\n\t\t<!-- LAYER NR. 4 -->\n\t\t<div class=\"tp-caption   tp-resizeme\" \n\t\t\t id=\"slide-1-layer-6\" \n\t\t\t data-x=\"['left','left','left','left']\" data-hoffset=\"['95','95','95','95']\" \n\t\t\t data-y=\"['top','top','top','top']\" data-voffset=\"['595','595','595','595']\" \n\t\t\t\t\t\tdata-width=\"none\"\n\t\t\tdata-height=\"none\"\n\t\t\tdata-whitespace=\"nowrap\"\n \n\t\t\tdata-type=\"text\" \n\t\t\tdata-responsive_offset=\"on\" \n\n\t\t\tdata-frames='[{\"delay\":9.9432373046875,\"speed\":1509.94,\"frame\":\"0\",\"from\":\"opacity:0;\",\"to\":\"o:1;\",\"ease\":\"Power3.easeInOut\"},{\"delay\":\"wait\",\"speed\":300,\"frame\":\"999\",\"to\":\"opacity:0;\",\"ease\":\"Power3.easeInOut\"}]'\n\t\t\tdata-textAlign=\"['inherit','inherit','inherit','inherit']\"\n\t\t\tdata-paddingtop=\"[0,0,0,0]\"\n\t\t\tdata-paddingright=\"[0,0,0,0]\"\n\t\t\tdata-paddingbottom=\"[0,0,0,0]\"\n\t\t\tdata-paddingleft=\"[0,0,0,0]\"\n\n\t\t\tstyle=\"z-index: 8; white-space: nowrap; font-size: 20px; line-height: 26px; font-weight: 400; color: #ffffff; letter-spacing: 0px;font-family:Open Sans;\">TO REBORN EVERY DAY<BR>\nFROM WATER TO AIR <\/div>\n\t<\/li>\n<\/ul>\n<div class=\"tp-bannertimer tp-bottom\" style=\"visibility: hidden !important;\"><\/div>\t<\/div>\n<script>var htmlDiv = document.getElementById(\"rs-plugin-settings-inline-css\"); var htmlDivCss=\"\";\r\n\t\t\t\tif(htmlDiv) {\r\n\t\t\t\t\thtmlDiv.innerHTML = htmlDiv.innerHTML + htmlDivCss;\r\n\t\t\t\t}else{\r\n\t\t\t\t\tvar htmlDiv = document.createElement(\"div\");\r\n\t\t\t\t\thtmlDiv.innerHTML = \"<style>\" + htmlDivCss + \"<\/style>\";\r\n\t\t\t\t\tdocument.getElementsByTagName(\"head\")[0].appendChild(htmlDiv.childNodes[0]);\r\n\t\t\t\t}\r\n\t\t\t<\/script>\n\t\t<script type=\"text\/javascript\">\r\nsetREVStartSize({c: jQuery('#rev_slider_1_1'), responsiveLevels: [1240,1024,778,480], gridwidth: [1240,1024,778,480], gridheight: [868,768,960,720], sliderLayout: 'fullwidth'});\r\n\t\t\t\r\nvar revapi1,\r\n\ttpj=jQuery;\r\n\t\t\t\r\ntpj(document).ready(function() {\n\tif(tpj(\"#rev_slider_1_1\").revolution == undefined){\n\t\trevslider_showDoubleJqueryError(\"#rev_slider_1_1\");\n\t}else{\n\t\trevapi1 = tpj(\"#rev_slider_1_1\").show().revolution({\n\t\t\tsliderType:\"standard\",\n\t\t\tjsFileLocation:\"\/\/isalidellavita.it\/wp-content\/plugins\/revolution-slider\/public\/assets\/js\/\",\n\t\t\tsliderLayout:\"fullwidth\",\n\t\t\tdottedOverlay:\"none\",\n\t\t\tdelay:9000,\n\t\t\tnavigation: {\n\t\t\t\tonHoverStop:\"off\",\n\t\t\t},\n\t\t\tresponsiveLevels:[1240,1024,778,480],\n\t\t\tvisibilityLevels:[1240,1024,778,480],\n\t\t\tgridwidth:[1240,1024,778,480],\n\t\t\tgridheight:[868,768,960,720],\n\t\t\tlazyType:\"none\",\n\t\t\tshadow:0,\n\t\t\tspinner:\"spinner0\",\n\t\t\tstopLoop:\"off\",\n\t\t\tstopAfterLoops:-1,\n\t\t\tstopAtSlide:-1,\n\t\t\tshuffle:\"off\",\n\t\t\tautoHeight:\"off\",\n\t\t\tdisableProgressBar:\"on\",\n\t\t\thideThumbsOnMobile:\"off\",\n\t\t\thideSliderAtLimit:0,\n\t\t\thideCaptionAtLimit:0,\n\t\t\thideAllCaptionAtLilmit:0,\n\t\t\tdebugMode:false,\n\t\t\tfallbacks: {\n\t\t\t\tsimplifyAll:\"off\",\n\t\t\t\tnextSlideOnWindowFocus:\"off\",\n\t\t\t\tdisableFocusListener:false,\n\t\t\t}\n\t\t});\n\t}\n\t\n});\t\/*ready*\/\n<\/script>\r\n\t\t<\/div><!-- END REVOLUTION SLIDER -->[\/vc_column][\/vc_row][vc_row css=\u00a0\u00bb.vc_custom_1506324647846{padding-top: 90px !important;padding-bottom: 90px !important;}\u00a0\u00bb][vc_column][vc_custom_heading text=\u00a0\u00bbL\u2019eau est la vie\u00a0\u00bb font_container=\u00a0\u00bbtag:h2|font_size:36px|text_align:center|color:%233e3e3e|line_height:38px\u00a0\u00bb use_theme_fonts=\u00a0\u00bbyes\u00a0\u00bb el_class=\u00a0\u00bbmain-color-line\u00a0\u00bb][vc_column_text]<\/p>\n<p style=\"text-align: center;\">\u201c\u00c0 la base de I Sali della Vita, d\u2019une part, la conscience que cette notion est vraie et indispensable en soi, et de l\u2019autre, la r\u00e9alisation d\u2019une id\u00e9e \u00e0 la fois simple et g\u00e9niale, \u00e0 savoir transformer les moments de d\u00e9tente, en piscine et en spa, en une occasion o\u00f9 allier sant\u00e9, bien-\u00eatre, plaisir et beaut\u00e9.\u201d<\/p>\n<p>[\/vc_column_text][vc_empty_space height=\u00a0\u00bb60px\u00a0\u00bb][vc_row_inner][vc_column_inner width=\u00a0\u00bb1\/3&Prime; offset=\u00a0\u00bbvc_col-lg-4 vc_col-md-12 vc_col-xs-12&Prime;][feature feature_title=\u00a0\u00bbPhilosophie\u00a0\u00bb title_color=\u00a0\u00bb\u00a0\u00bb feature_image=\u00a0\u00bb787&Prime; link=\u00a0\u00bburl:%2Ffr%2Fphilosophie|||\u00a0\u00bb]Pour profiter des bienfaits et du relax des eaux thermales, vous ne devrez plus entreprendre de longs voyages[\/feature][\/vc_column_inner][vc_column_inner width=\u00a0\u00bb1\/3&Prime; offset=\u00a0\u00bbvc_col-lg-4 vc_col-md-12 vc_col-xs-12&Prime;][feature feature_title=\u00a0\u00bbqu\u2019est-ce qu&rsquo;ils sont?\u00a0\u00bb title_color=\u00a0\u00bb\u00a0\u00bb feature_image=\u00a0\u00bb803&Prime; link=\u00a0\u00bburl:%2Ffr%2Fquest-ce-quils-sont|||\u00a0\u00bb]Le magn\u00e9sium, le potassium et les autres sels min\u00e9raux sont essentiels pour la sant\u00e9 de l\u2019homme et, en g\u00e9n\u00e9ral, ils sont apport\u00e9s par une alimentation saine.[\/feature][\/vc_column_inner][vc_column_inner width=\u00a0\u00bb1\/3&Prime; offset=\u00a0\u00bbvc_col-lg-4 vc_col-md-12 vc_col-xs-12&Prime;][feature feature_title=\u00a0\u00bbLes min\u00e9raux\u00a0\u00bb title_color=\u00a0\u00bb\u00a0\u00bb feature_image=\u00a0\u00bb804&Prime; link=\u00a0\u00bburl:%2Ffr%2Fles-mineraux|||\u00a0\u00bb]Le magn\u00e9sium (M), le potassium (K) et l&rsquo;iode (I) nous aident \u00e0 retrouver l&rsquo;\u00e9quilibre psychophysique et sont \u00e0 la base de nombreux processus m\u00e9taboliques et hormonaux.[\/feature][\/vc_column_inner][\/vc_row_inner][\/vc_column][\/vc_row][vc_row full_width=\u00a0\u00bbstretch_row\u00a0\u00bb css=\u00a0\u00bb.vc_custom_1515531556635{padding-top: 90px !important;padding-bottom: 90px !important;background-image: url(https:\/\/isalidellavita.it\/wp-content\/uploads\/2018\/01\/event-bg.jpg?id=789) !important;}\u00a0\u00bb][vc_column][vc_custom_heading text=\u00a0\u00bbNos avantages<br \/>\n\u00a0\u00bb font_container=\u00a0\u00bbtag:h2|font_size:36px|text_align:center|color:%23ffffff|line_height:42px\u00a0\u00bb use_theme_fonts=\u00a0\u00bbyes\u00a0\u00bb el_class=\u00a0\u00bbwhite-color-line\u00a0\u00bb][vc_empty_space height=\u00a0\u00bb60px\u00a0\u00bb][vc_row_inner][vc_column_inner el_class=\u00a0\u00bbminis-flex-parent\u00a0\u00bb][ministries minis_title=\u00a0\u00bbBien-\u00eatre\u00a0\u00bb title_color=\u00a0\u00bb\u00a0\u00bb link=\u00a0\u00bburl:%2Fbien-etre%2F|||\u00a0\u00bb minis_image=\u00a0\u00bb797&Prime;][ministries minis_title=\u00a0\u00bbHarmonie et beaut\u00e9\u00a0\u00bb title_color=\u00a0\u00bb\u00a0\u00bb link=\u00a0\u00bburl:%2Fharmonie-et-beaute|||\u00a0\u00bb minis_image=\u00a0\u00bb798&Prime;][ministries minis_title=\u00a0\u00bbNature\u00a0\u00bb title_color=\u00a0\u00bb\u00a0\u00bb link=\u00a0\u00bburl:%2Fnature|||\u00a0\u00bb minis_image=\u00a0\u00bb799&Prime;][ministries minis_title=\u00a0\u00bbSouplesse d&#8217;emploi\u00a0\u00bb title_color=\u00a0\u00bb\u00a0\u00bb link=\u00a0\u00bburl:%2Fsouplesse-demploi|||\u00a0\u00bb minis_image=\u00a0\u00bb800&Prime;][\/vc_column_inner][\/vc_row_inner][\/vc_column][\/vc_row][vc_row full_width=\u00a0\u00bbstretch_row\u00a0\u00bb css=\u00a0\u00bb.vc_custom_1515533699250{padding-top: 90px !important;padding-bottom: 90px !important;background-image: url(https:\/\/isalidellavita.it\/wp-content\/uploads\/2018\/01\/background.jpg?id=808) !important;background-position: center !important;background-repeat: no-repeat !important;background-size: cover !important;}\u00a0\u00bb][vc_column width=\u00a0\u00bb7\/12&Prime; offset=\u00a0\u00bbvc_col-lg-7 vc_col-md-12 vc_col-xs-12&Prime;][vc_custom_heading text=\u00a0\u00bbDiscover who we are\u00a0\u00bb font_container=\u00a0\u00bbtag:h2|font_size:36px|text_align:left|color:%233e3e3e|line_height:42px\u00a0\u00bb use_theme_fonts=\u00a0\u00bbyes\u00a0\u00bb][vc_column_text]<\/p>\n<div class=\"page\" title=\"Page 23\">\n<div class=\"section\">\n<div class=\"layoutArea\">\n<div class=\"column\">\n<p>The Barchemicals Laboratories, committed for years to the research and development of new products and new Bio-compatible technologies that respect the environment.<\/p>\n<\/div>\n<\/div>\n<\/div>\n<\/div>\n<p>[\/vc_column_text][vc_empty_space][vc_row_inner][vc_column_inner el_class=\u00a0\u00bbipad-width\u00a0\u00bb width=\u00a0\u00bb1\/2&Prime; offset=\u00a0\u00bbvc_col-lg-6 vc_col-md-12 vc_col-xs-12&Prime;][social_activities act_title=\u00a0\u00bbPhilosophie\u00a0\u00bb title_color=\u00a0\u00bb\u00a0\u00bb icon=\u00a0\u00bbuse-font-icon\u00a0\u00bb font_icon=\u00a0\u00bbfa fa-info\u00a0\u00bb font_size=\u00a0\u00bb24px\u00a0\u00bb font_color=\u00a0\u00bb#8f8f8f\u00a0\u00bb link=\u00a0\u00bburl:%2Fphilosophie|||\u00a0\u00bb][\/social_activities][social_activities act_title=\u00a0\u00bbQu&rsquo;est-ce qu&rsquo;ils sont?\u00a0\u00bb title_color=\u00a0\u00bb\u00a0\u00bb icon=\u00a0\u00bbuse-font-icon\u00a0\u00bb font_icon=\u00a0\u00bbfa fa-info\u00a0\u00bb font_size=\u00a0\u00bb24px\u00a0\u00bb font_color=\u00a0\u00bb#8f8f8f\u00a0\u00bb link=\u00a0\u00bburl:%2Fquest-ce-quils-sont|||\u00a0\u00bb][\/social_activities][social_activities act_title=\u00a0\u00bbGammes\u00a0\u00bb title_color=\u00a0\u00bb\u00a0\u00bb icon=\u00a0\u00bbuse-font-icon\u00a0\u00bb font_icon=\u00a0\u00bbfa fa-pencil-square-o\u00a0\u00bb font_size=\u00a0\u00bb24px\u00a0\u00bb font_color=\u00a0\u00bb#8f8f8f\u00a0\u00bb link=\u00a0\u00bburl:%2Fgammes|||\u00a0\u00bb][\/social_activities][\/vc_column_inner][vc_column_inner el_class=\u00a0\u00bbipad-width\u00a0\u00bb width=\u00a0\u00bb1\/2&Prime; offset=\u00a0\u00bbvc_col-lg-6 vc_col-md-12 vc_col-xs-12&Prime;][social_activities act_title=\u00a0\u00bbProduits\u00a0\u00bb title_color=\u00a0\u00bb\u00a0\u00bb icon=\u00a0\u00bbuse-font-icon\u00a0\u00bb font_icon=\u00a0\u00bbfa fa-book\u00a0\u00bb font_size=\u00a0\u00bb24px\u00a0\u00bb font_color=\u00a0\u00bb#8f8f8f\u00a0\u00bb link=\u00a0\u00bburl:%2Fproduits|||\u00a0\u00bb][\/social_activities][social_activities act_title=\u00a0\u00bbA propos de nous\u00a0\u00bb title_color=\u00a0\u00bb\u00a0\u00bb icon=\u00a0\u00bbuse-font-icon\u00a0\u00bb font_icon=\u00a0\u00bbfa fa-user-o\u00a0\u00bb font_size=\u00a0\u00bb24px\u00a0\u00bb font_color=\u00a0\u00bb#8f8f8f\u00a0\u00bb link=\u00a0\u00bburl:%2Fqui-etes|||\u00a0\u00bb][\/social_activities][social_activities act_title=\u00a0\u00bbContacts\u00a0\u00bb title_color=\u00a0\u00bb\u00a0\u00bb icon=\u00a0\u00bbuse-font-icon\u00a0\u00bb font_icon=\u00a0\u00bbfa fa-address-card-o\u00a0\u00bb font_size=\u00a0\u00bb24px\u00a0\u00bb font_color=\u00a0\u00bb#8f8f8f\u00a0\u00bb link=\u00a0\u00bburl:%2Fcontacts|||\u00a0\u00bb][\/social_activities][\/vc_column_inner][\/vc_row_inner][\/vc_column][vc_column width=\u00a0\u00bb5\/12&Prime;][\/vc_column][\/vc_row]<\/p>\n","protected":false},"excerpt":{"rendered":"<p>[vc_row][vc_column][\/vc_column][\/vc_row][vc_row css=\u00a0\u00bb.vc_custom_1506324647846{padding-top: 90px !important;padding-bottom: 90px !important;}\u00a0\u00bb][vc_column][vc_custom_heading text=\u00a0\u00bbL\u2019eau est la vie\u00a0\u00bb font_container=\u00a0\u00bbtag:h2|font_size:36px|text_align:center|color:%233e3e3e|line_height:38px\u00a0\u00bb use_theme_fonts=\u00a0\u00bbyes\u00a0\u00bb el_class=\u00a0\u00bbmain-color-line\u00a0\u00bb][vc_column_text] \u201c\u00c0 la base de I Sali della Vita, d\u2019une part, la conscience que cette notion est vraie et indispensable en soi, et de l\u2019autre, la r\u00e9alisation d\u2019une id\u00e9e \u00e0 la fois simple et g\u00e9niale, \u00e0 savoir transformer les moments de d\u00e9tente, en&#8230;<\/p>\n","protected":false},"author":1,"featured_media":0,"parent":0,"menu_order":0,"comment_status":"closed","ping_status":"closed","template":"","meta":[],"_links":{"self":[{"href":"https:\/\/isalidellavita.it\/fr\/wp-json\/wp\/v2\/pages\/1072"}],"collection":[{"href":"https:\/\/isalidellavita.it\/fr\/wp-json\/wp\/v2\/pages"}],"about":[{"href":"https:\/\/isalidellavita.it\/fr\/wp-json\/wp\/v2\/types\/page"}],"author":[{"embeddable":true,"href":"https:\/\/isalidellavita.it\/fr\/wp-json\/wp\/v2\/users\/1"}],"replies":[{"embeddable":true,"href":"https:\/\/isalidellavita.it\/fr\/wp-json\/wp\/v2\/comments?post=1072"}],"version-history":[{"count":8,"href":"https:\/\/isalidellavita.it\/fr\/wp-json\/wp\/v2\/pages\/1072\/revisions"}],"predecessor-version":[{"id":1167,"href":"https:\/\/isalidellavita.it\/fr\/wp-json\/wp\/v2\/pages\/1072\/revisions\/1167"}],"wp:attachment":[{"href":"https:\/\/isalidellavita.it\/fr\/wp-json\/wp\/v2\/media?parent=1072"}],"curies":[{"name":"wp","href":"https:\/\/api.w.org\/{rel}","templated":true}]}}