{"id":1106,"date":"2018-01-09T19:47:57","date_gmt":"2018-01-09T19:47:57","guid":{"rendered":"https:\/\/isalidellavita.it\/filosofia\/"},"modified":"2018-02-10T06:36:40","modified_gmt":"2018-02-10T06:36:40","slug":"philosophie","status":"publish","type":"page","link":"https:\/\/isalidellavita.it\/fr\/philosophie\/","title":{"rendered":"Philosophie"},"content":{"rendered":"<p>[vc_row][vc_column css=\u00a0\u00bb.vc_custom_1515528031623{padding-top: 60px !important;padding-bottom: 60px !important;}\u00a0\u00bb][vc_column_text el_class=\u00a0\u00bbabout-des\u00a0\u00bb]<\/p>\n<div id=\"entries\">\n<div id=\"post-14\" class=\"post-14 page type-page status-publish hentry\">\n<div class=\"entry\">\n<div class=\"contents\">\n<h4>L\u2019eau est la vie<\/h4>\n<p>\u00c0 la base de I Sali della Vita, d\u2019une part, la conscience que cette notion est vraie et indispensable en soi, et de l\u2019autre, la r\u00e9alisation d\u2019une id\u00e9e \u00e0 la fois simple et g\u00e9niale, \u00e0 savoir transformer les moments de d\u00e9tente, en piscine et en spa, en une occasion o\u00f9 allier sant\u00e9, bien-\u00eatre, plaisir et beaut\u00e9.<\/p>\n<p>Si nous savons pertinemment que les cultures primitives attribuaient \u00e0 l\u2019eau des vertus de fertilit\u00e9 et de bien-\u00eatre, il est tout aussi \u00e9vident que les rythmes fr\u00e9n\u00e9tiques de la vie occidentale actuelle nous emp\u00eachent de profiter pleinement de ses bienfaits.<\/p>\n<p>I Sali della Vita veulent remplir ce vide temporel et spatial. Pour profiter des bienfaits et du relax des eaux thermales, vous ne devrez plus entreprendre de longs voyages, ni bouleverser la structure de votre piscine par des interventions exorbitantes.<\/p>\n<p>I Sali della Vita \u2013 Eau-m\u00e8re, gr\u00e2ce \u00e0 la biostabilisation, recomposent les caract\u00e9ristiques des meilleures eaux thermales de nature alcaline terreuse.<br \/>\nVous pourrez ainsi b\u00e9n\u00e9ficier, directement dans votre piscine ou dans votre spa, de tous les avantages apport\u00e9s par les sels min\u00e9raux de la sant\u00e9\u00a0: le magn\u00e9sium (Mg), le potassium (K) et l\u2019iode (I).<\/p>\n<p>Dans la nature, les eaux-m\u00e8res sont des solutions concentr\u00e9es qui se forment dans les marais salants par \u00e9vaporation de l\u2019eau de mer sous l\u2019effet du rayonnement solaire.<\/p>\n<p>La lenteur et la perfection des processus naturels assurent \u00e0 ces solutions une stabilit\u00e9 et un \u00e9quilibre constant entre la solution satur\u00e9e et le fond.<\/p>\n<p>Les laboratoires Barchemicals ont mis au point une m\u00e9thode r\u00e9volutionnaire qui perfectionne la biostabilisation et, par la saturation naturelle de la solution, produit dans des d\u00e9lais relativement courts ce que la nature fait en des centaines d\u2019ann\u00e9es, afin d\u2019obtenir I Sali della Vita.<\/p>\n<p>Les cinq gammes \u2013 faites tout sp\u00e9cialement pour supprimer facilement toutes les contraintes structurelles et infrastructurelles \u2013 vous feront conna\u00eetre un monde nouveau, o\u00f9 la r\u00e9volution essentielle de la simplicit\u00e9 vous fera vivre une exp\u00e9rience agr\u00e9able, amusante, b\u00e9n\u00e9fique pour la sant\u00e9, pour la forme physique et pour la forme mentale.<\/p>\n<div class=\"clear\"><\/div>\n<\/div>\n<\/div>\n<\/div>\n<div id=\"comments\"><\/div>\n<\/div>\n<div id=\"noMainPageImg\"><\/div>\n<div class=\"clear\"><\/div>\n<div id=\"footer-sidebar-bottom\" class=\"footer-sidebar-bottom\"><\/div>\n<p>[\/vc_column_text][\/vc_column][\/vc_row]<\/p>\n","protected":false},"excerpt":{"rendered":"<p>[vc_row][vc_column css=\u00a0\u00bb.vc_custom_1515528031623{padding-top: 60px !important;padding-bottom: 60px !important;}\u00a0\u00bb][vc_column_text el_class=\u00a0\u00bbabout-des\u00a0\u00bb] L\u2019eau est la vie \u00c0 la base de I Sali della Vita, d\u2019une part, la conscience que cette notion est vraie et indispensable en soi, et de l\u2019autre, la r\u00e9alisation d\u2019une id\u00e9e \u00e0 la fois simple et g\u00e9niale, \u00e0 savoir transformer les moments de d\u00e9tente, en piscine et&#8230;<\/p>\n","protected":false},"author":2,"featured_media":0,"parent":0,"menu_order":0,"comment_status":"closed","ping_status":"closed","template":"","meta":[],"_links":{"self":[{"href":"https:\/\/isalidellavita.it\/fr\/wp-json\/wp\/v2\/pages\/1106"}],"collection":[{"href":"https:\/\/isalidellavita.it\/fr\/wp-json\/wp\/v2\/pages"}],"about":[{"href":"https:\/\/isalidellavita.it\/fr\/wp-json\/wp\/v2\/types\/page"}],"author":[{"embeddable":true,"href":"https:\/\/isalidellavita.it\/fr\/wp-json\/wp\/v2\/users\/2"}],"replies":[{"embeddable":true,"href":"https:\/\/isalidellavita.it\/fr\/wp-json\/wp\/v2\/comments?post=1106"}],"version-history":[{"count":2,"href":"https:\/\/isalidellavita.it\/fr\/wp-json\/wp\/v2\/pages\/1106\/revisions"}],"predecessor-version":[{"id":1119,"href":"https:\/\/isalidellavita.it\/fr\/wp-json\/wp\/v2\/pages\/1106\/revisions\/1119"}],"wp:attachment":[{"href":"https:\/\/isalidellavita.it\/fr\/wp-json\/wp\/v2\/media?parent=1106"}],"curies":[{"name":"wp","href":"https:\/\/api.w.org\/{rel}","templated":true}]}}