{"id":1107,"date":"2018-01-09T19:47:23","date_gmt":"2018-01-09T19:47:23","guid":{"rendered":"https:\/\/isalidellavita.it\/cosa-sono\/"},"modified":"2018-02-10T14:16:16","modified_gmt":"2018-02-10T14:16:16","slug":"quest-ce-quils-sont","status":"publish","type":"page","link":"https:\/\/isalidellavita.it\/fr\/quest-ce-quils-sont\/","title":{"rendered":"Qu&rsquo;est-ce qu&rsquo;ils sont?"},"content":{"rendered":"<p>[vc_row][vc_column css=\u00a0\u00bb.vc_custom_1515527889546{padding-top: 60px !important;padding-bottom: 60px !important;}\u00a0\u00bb][vc_column_text el_class=\u00a0\u00bbabout-des\u00a0\u00bb]Avec I Sali della Vita, Barchemicals Group veut divulguer une nouvelle philosophie, une id\u00e9e pour r\u00e9volutionner la gestion des piscines et des spas, alliant beaut\u00e9 et sant\u00e9, bien-\u00eatre et s\u00e9curit\u00e9, souplesse d\u2019emploi et r\u00e9duction de l\u2019impact sur l\u2019environnement.<br \/>\nL\u2019id\u00e9e repose sur une recherche approfondie qui a confirm\u00e9 la valeur des \u00ab\u00a0sels de la sant\u00e9\u00a0\u00bb (magn\u00e9sium, potassium et iode) qui, \u00e0 la bonne concentration dans les eaux, non seulement apportent des bienfaits \u00e0 la sant\u00e9, mais garantissent aussi une meilleure d\u00e9sinfection, r\u00e9duisant, voire m\u00eame \u00e9liminant le besoin d\u2019ajouter du chlore ou d\u2019autres substances chimiques pour obtenir la puret\u00e9 physicochimique et bact\u00e9riologique de l\u2019eau.<br \/>\nC\u2019est ainsi que naissent I Sali della Vita, un m\u00e9lange de magn\u00e9sium, de potassium et d\u2019iode \u00e0 ajouter \u00e0 l\u2019eau des piscines et des spas.<br \/>\nCes oligo\u00e9l\u00e9ments et autres bio\u00e9l\u00e9ments essentiels recomposent les vertus des meilleures eaux thermales de nature alcaline magn\u00e9sienne.<\/p>\n<h4>I Sali della Vita, qu\u2019est-ce que c\u2019est\u00a0?<\/h4>\n<p>Le magn\u00e9sium, le potassium et les autres sels min\u00e9raux sont essentiels pour la sant\u00e9 de l\u2019homme et, en g\u00e9n\u00e9ral, ils sont apport\u00e9s par une alimentation saine.<br \/>\nCes sels peuvent aussi \u00eatre assimil\u00e9s par la peau et par inhalation.<br \/>\nEn effet, plusieurs recherches ont prouv\u00e9 que le processus d\u2019osmose qui s\u2019enclenche lorsqu\u2019un corps est immerg\u00e9 dans une solution saline, repr\u00e9sente l\u2019une des m\u00e9thodes les plus efficaces pour maintenir ces importants min\u00e9raux \u00e0 des niveaux appropri\u00e9s dans notre organisme.<br \/>\nPour cette raison, les laboratoires Barchemicals ont cr\u00e9\u00e9 I Sali della Vita, un m\u00e9lange de magn\u00e9sium, de potassium, d\u2019iode et d\u2019oligo\u00e9l\u00e9ments de haute valeur biologique, \u00e0 dissoudre dans l\u2019eau.<br \/>\n30 cm\u00b3\/l de la solution de I Sali della Vita correspondent \u00e0 la \u00ab\u00a0Solution Delbet\u00a0\u00bb, connue pour ses propri\u00e9t\u00e9s eudermiques et r\u00e9g\u00e9n\u00e9ratrices des tissus biologiques, ainsi que pour ses propri\u00e9t\u00e9s bact\u00e9riostatiques et bact\u00e9ricides.[\/vc_column_text][\/vc_column][\/vc_row]<\/p>\n","protected":false},"excerpt":{"rendered":"<p>[vc_row][vc_column css=\u00a0\u00bb.vc_custom_1515527889546{padding-top: 60px !important;padding-bottom: 60px !important;}\u00a0\u00bb][vc_column_text el_class=\u00a0\u00bbabout-des\u00a0\u00bb]Avec I Sali della Vita, Barchemicals Group veut divulguer une nouvelle philosophie, une id\u00e9e pour r\u00e9volutionner la gestion des piscines et des spas, alliant beaut\u00e9 et sant\u00e9, bien-\u00eatre et s\u00e9curit\u00e9, souplesse d\u2019emploi et r\u00e9duction de l\u2019impact sur l\u2019environnement. L\u2019id\u00e9e repose sur une recherche approfondie qui a confirm\u00e9 la valeur&#8230;<\/p>\n","protected":false},"author":2,"featured_media":0,"parent":0,"menu_order":0,"comment_status":"closed","ping_status":"closed","template":"","meta":[],"_links":{"self":[{"href":"https:\/\/isalidellavita.it\/fr\/wp-json\/wp\/v2\/pages\/1107"}],"collection":[{"href":"https:\/\/isalidellavita.it\/fr\/wp-json\/wp\/v2\/pages"}],"about":[{"href":"https:\/\/isalidellavita.it\/fr\/wp-json\/wp\/v2\/types\/page"}],"author":[{"embeddable":true,"href":"https:\/\/isalidellavita.it\/fr\/wp-json\/wp\/v2\/users\/2"}],"replies":[{"embeddable":true,"href":"https:\/\/isalidellavita.it\/fr\/wp-json\/wp\/v2\/comments?post=1107"}],"version-history":[{"count":2,"href":"https:\/\/isalidellavita.it\/fr\/wp-json\/wp\/v2\/pages\/1107\/revisions"}],"predecessor-version":[{"id":1121,"href":"https:\/\/isalidellavita.it\/fr\/wp-json\/wp\/v2\/pages\/1107\/revisions\/1121"}],"wp:attachment":[{"href":"https:\/\/isalidellavita.it\/fr\/wp-json\/wp\/v2\/media?parent=1107"}],"curies":[{"name":"wp","href":"https:\/\/api.w.org\/{rel}","templated":true}]}}