{"id":1108,"date":"2018-01-09T19:46:46","date_gmt":"2018-01-09T19:46:46","guid":{"rendered":"https:\/\/isalidellavita.it\/i-minerali\/"},"modified":"2018-02-10T14:25:09","modified_gmt":"2018-02-10T14:25:09","slug":"les-mineraux","status":"publish","type":"page","link":"https:\/\/isalidellavita.it\/fr\/les-mineraux\/","title":{"rendered":"Les min\u00e9raux"},"content":{"rendered":"<p>[vc_row][vc_column el_class=\u00a0\u00bbabout-des\u00a0\u00bb css=\u00a0\u00bb.vc_custom_1515527488435{padding-top: 60px !important;padding-bottom: 60px !important;}\u00a0\u00bb][vc_column_text]<\/p>\n<h4>Le magn\u00e9sium<\/h4>\n<p>Le magn\u00e9sium (Mg) joue un r\u00f4le essentiel pour le bon fonctionnement de l\u2019organisme, et plus pr\u00e9cis\u00e9ment, pour pr\u00e8s de 350 r\u00e9actions biochimiques du corps.<br \/>\nCependant, ce sel min\u00e9ral peut exercer ses importantes fonctions dans notre organisme uniquement s\u2019il est pr\u00e9sent en quantit\u00e9 suffisante.<br \/>\nDe plus, seul un tiers du magn\u00e9sium apport\u00e9 par l\u2019alimentation est absorb\u00e9.<br \/>\nLes \u00e9pisodes de stress, les d\u00e9s\u00e9quilibres alimentaires, les mauvaises habitudes de vie nous menacent tous les jours.<br \/>\nUn bon apport en magn\u00e9sium contribue \u00e0 r\u00e9tablir l\u2019\u00e9quilibre psychophysique.<br \/>\nSes effets principaux englobent le maintien de la fonction musculaire et nerveuse normale, la r\u00e9gulation du rythme cardiaque, la stimulation du syst\u00e8me immunitaire, la formation et l\u2019entretien du tissu osseux. De plus, le magn\u00e9sium exerce une activit\u00e9 anti-inflammatoire sur la peau et sur les muqueuses, et il a aussi des propri\u00e9t\u00e9s d\u00e9congestionnantes sur certains organes internes.<\/p>\n<h4>Le potassium et l\u2019iode<\/h4>\n<p>Le potassium (K) est \u00e9galement tr\u00e8s important, voire m\u00eame crucial pour notre vie, parce qu\u2019il exerce une action essentielle dans la synth\u00e8se des prot\u00e9ines et dans la transformation du sucre en glycog\u00e8ne. Il active un tr\u00e8s grand nombre d\u2019enzymes, et notamment les enzymes li\u00e9es \u00e0 la production d\u2019\u00e9nergie, et il stimule la s\u00e9cr\u00e9tion de l\u2019insuline.<br \/>\nLe r\u00e9gime alimentaire actuel, \u00e0 base de denr\u00e9es cuites ou raffin\u00e9es, est tr\u00e8s pauvre en potassium, qui est pr\u00e9sent principalement dans les fruits, les crudit\u00e9s, les l\u00e9gumes, les c\u00e9r\u00e9ales int\u00e9grales, les noisettes, les bananes et les avocats.<br \/>\nPar cons\u00e9quent, l\u2019immersion dans une eau riche en potassium, dans les bonnes proportions, nous aide \u00e0 combler ces lacunes.<br \/>\nEnfin, n\u2019oublions pas non plus l\u2019iode (I), un oligo\u00e9l\u00e9ment essentiel, qui intervient dans le m\u00e9tabolisme et dans la composition des hormones.[\/vc_column_text][\/vc_column][\/vc_row]<\/p>\n","protected":false},"excerpt":{"rendered":"<p>[vc_row][vc_column el_class=\u00a0\u00bbabout-des\u00a0\u00bb css=\u00a0\u00bb.vc_custom_1515527488435{padding-top: 60px !important;padding-bottom: 60px !important;}\u00a0\u00bb][vc_column_text] Le magn\u00e9sium Le magn\u00e9sium (Mg) joue un r\u00f4le essentiel pour le bon fonctionnement de l\u2019organisme, et plus pr\u00e9cis\u00e9ment, pour pr\u00e8s de 350 r\u00e9actions biochimiques du corps. Cependant, ce sel min\u00e9ral peut exercer ses importantes fonctions dans notre organisme uniquement s\u2019il est pr\u00e9sent en quantit\u00e9 suffisante. De plus, seul&#8230;<\/p>\n","protected":false},"author":2,"featured_media":0,"parent":0,"menu_order":0,"comment_status":"closed","ping_status":"closed","template":"","meta":[],"_links":{"self":[{"href":"https:\/\/isalidellavita.it\/fr\/wp-json\/wp\/v2\/pages\/1108"}],"collection":[{"href":"https:\/\/isalidellavita.it\/fr\/wp-json\/wp\/v2\/pages"}],"about":[{"href":"https:\/\/isalidellavita.it\/fr\/wp-json\/wp\/v2\/types\/page"}],"author":[{"embeddable":true,"href":"https:\/\/isalidellavita.it\/fr\/wp-json\/wp\/v2\/users\/2"}],"replies":[{"embeddable":true,"href":"https:\/\/isalidellavita.it\/fr\/wp-json\/wp\/v2\/comments?post=1108"}],"version-history":[{"count":2,"href":"https:\/\/isalidellavita.it\/fr\/wp-json\/wp\/v2\/pages\/1108\/revisions"}],"predecessor-version":[{"id":1123,"href":"https:\/\/isalidellavita.it\/fr\/wp-json\/wp\/v2\/pages\/1108\/revisions\/1123"}],"wp:attachment":[{"href":"https:\/\/isalidellavita.it\/fr\/wp-json\/wp\/v2\/media?parent=1108"}],"curies":[{"name":"wp","href":"https:\/\/api.w.org\/{rel}","templated":true}]}}