{"id":1110,"date":"2018-01-09T19:45:57","date_gmt":"2018-01-09T19:45:57","guid":{"rendered":"https:\/\/isalidellavita.it\/benessere\/"},"modified":"2018-02-10T14:38:29","modified_gmt":"2018-02-10T14:38:29","slug":"bien-etre","status":"publish","type":"page","link":"https:\/\/isalidellavita.it\/fr\/bien-etre\/","title":{"rendered":"Bien-\u00eatre"},"content":{"rendered":"<p>[vc_row][vc_column el_class=\u00a0\u00bbabout-des\u00a0\u00bb css=\u00a0\u00bb.vc_custom_1515528385267{padding-top: 60px !important;padding-bottom: 60px !important;}\u00a0\u00bb][vc_column_text]<\/p>\n<h4>I Sali della Vita au service de la sant\u00e9 et de la r\u00e9\u00e9ducation<\/h4>\n<p>Aujourd\u2019hui, les structures beaut\u00e9 et bien-\u00eatre, comme les piscines, les spas et les clubs de fitness, passent irr\u00e9m\u00e9diablement par l\u2019eau pour proposer \u00e0 leurs clients des parcours de bien-\u00eatre et de sant\u00e9.<br \/>\nSi la construction d\u2019un institut de bien-\u00eatre et d\u2019un centre de fitness implique un grand effort conceptuel pour mettre en sc\u00e8ne des espaces capables d\u2019\u00e9veiller tous les sens de la client\u00e8le, une tr\u00e8s grande attention doit aussi \u00eatre port\u00e9e \u00e0 la qualit\u00e9 des eaux dans lesquelles la client\u00e8le s\u2019immergera.<br \/>\nLes propri\u00e9t\u00e9s physicochimiques, et surtout la qualit\u00e9 bact\u00e9riologique de l\u2019eau, assureront un moment total de bien-\u00eatre et s\u00e9r\u00e9nit\u00e9, sans contre-indications.<br \/>\nLa d\u00e9sinfection et le traitement de l\u2019eau peuvent se faire de plusieurs fa\u00e7ons, mais aujourd\u2019hui, un nouveau syst\u00e8me garantit aussi bien une eau plus saine pour le corps, que la r\u00e9duction des \u00e9l\u00e9ments chimiques n\u00e9cessaire pour d\u00e9sinfecter l\u2019eau\u00a0: I Sali della Vita.<\/p>\n<h4>La sant\u00e9 ne peut pas attendre<\/h4>\n<p>Les bienfaits des principes actifs pr\u00e9sents dans I Sali della Vita (Mg, K et I) sont connus depuis des dizaines d\u2019ann\u00e9es, lorsque la science qui \u00e9tudie les eaux thermales a apport\u00e9 des r\u00e9ponses scientifiques pour expliquer les principes actifs qui transforment ces eaux en des v\u00e9ritables panac\u00e9es naturelles.<br \/>\nEn ce sens, nous pouvons affirmer que I Sali della Vita, dans les piscines fr\u00e9quent\u00e9es surtout par une client\u00e8le qui conna\u00eet des probl\u00e8mes de sant\u00e9 particuliers (sensibilit\u00e9 de la peau et des muqueuses, notamment aux eaux chlor\u00e9es, besoin de r\u00e9\u00e9ducation apr\u00e8s un traumatisme, etc.), peuvent acc\u00e9l\u00e9rer la remise en forme, tout en diminuant les effets de sensibilisation provoqu\u00e9s par le chlore et ses d\u00e9riv\u00e9s.<br \/>\nI Sali della Vita, dans les piscines de r\u00e9\u00e9ducation et de remise en forme utilis\u00e9es pour les s\u00e9ances de physioth\u00e9rapie apr\u00e8s les op\u00e9rations chirurgicales et les accidents, acc\u00e9l\u00e8rent les processus de calcification et de r\u00e9g\u00e9n\u00e9ration des tissus, et par cons\u00e9quent, la gu\u00e9rison.<\/p>\n<h4>La nouvelle fronti\u00e8re du bien-\u00eatre<\/h4>\n<p>Un bain journalier dans les eaux additionn\u00e9es de I Sali della Vita draine et \u00ab\u00a0lisse\u00a0\u00bb la peau. L\u2019\u00e9piderme ne devient pas sec, car la couche de protection reste intacte. En effet, les sels se d\u00e9posent sur la couche superficielle de la peau et pr\u00e9viennent son dess\u00e8chement.<br \/>\nLe magn\u00e9sium, le potassium et l\u2019iode purifient.<br \/>\nLa composition particuli\u00e8re de I Sali della Vita assure un \u00e9quilibre hom\u00e9ostatique qui lib\u00e8re les couches superficielles de la peau des toxines stock\u00e9es.<br \/>\nLa synergie des complexes salins permet de stimuler le bien-\u00eatre de l\u2019organisme par la concentration d\u2019 \u00e9l\u00e9ments en mesure de r\u00e9guler le m\u00e9tabolisme du derme.<br \/>\nUn bain dans I Sali della Vita est toujours une m\u00e9thode excellente pour faire chuter l\u2019acidit\u00e9 du corps et pour r\u00e9\u00e9quilibrer le pH naturel de la peau.<br \/>\nBoost\u00e9s par les oligo\u00e9l\u00e9ments contenus dans I Sali della Vita, le magn\u00e9sium, le potassium et l\u2019iode sont en mesure de stimuler la r\u00e9g\u00e9n\u00e9ration naturelle des cellules, de renforcer le syst\u00e8me immunitaire, d\u2019am\u00e9liorer la qualit\u00e9 du sommeil, d\u2019avoir une forte action antistress et des vertus cardiotoniques.<br \/>\nDans les spas, les minipiscines et les jacuzzis, les principes actifs de I Sali della Vita sont assimil\u00e9s par inhalation gr\u00e2ce \u00e0 la n\u00e9bulisation des jets d\u2019hydromassage et d\u2019a\u00e9romassage, augmentant ainsi leurs bienfaits.[\/vc_column_text][\/vc_column][\/vc_row]<\/p>\n","protected":false},"excerpt":{"rendered":"<p>[vc_row][vc_column el_class=\u00a0\u00bbabout-des\u00a0\u00bb css=\u00a0\u00bb.vc_custom_1515528385267{padding-top: 60px !important;padding-bottom: 60px !important;}\u00a0\u00bb][vc_column_text] I Sali della Vita au service de la sant\u00e9 et de la r\u00e9\u00e9ducation Aujourd\u2019hui, les structures beaut\u00e9 et bien-\u00eatre, comme les piscines, les spas et les clubs de fitness, passent irr\u00e9m\u00e9diablement par l\u2019eau pour proposer \u00e0 leurs clients des parcours de bien-\u00eatre et de sant\u00e9. Si la construction&#8230;<\/p>\n","protected":false},"author":2,"featured_media":0,"parent":0,"menu_order":0,"comment_status":"closed","ping_status":"closed","template":"","meta":[],"_links":{"self":[{"href":"https:\/\/isalidellavita.it\/fr\/wp-json\/wp\/v2\/pages\/1110"}],"collection":[{"href":"https:\/\/isalidellavita.it\/fr\/wp-json\/wp\/v2\/pages"}],"about":[{"href":"https:\/\/isalidellavita.it\/fr\/wp-json\/wp\/v2\/types\/page"}],"author":[{"embeddable":true,"href":"https:\/\/isalidellavita.it\/fr\/wp-json\/wp\/v2\/users\/2"}],"replies":[{"embeddable":true,"href":"https:\/\/isalidellavita.it\/fr\/wp-json\/wp\/v2\/comments?post=1110"}],"version-history":[{"count":2,"href":"https:\/\/isalidellavita.it\/fr\/wp-json\/wp\/v2\/pages\/1110\/revisions"}],"predecessor-version":[{"id":1125,"href":"https:\/\/isalidellavita.it\/fr\/wp-json\/wp\/v2\/pages\/1110\/revisions\/1125"}],"wp:attachment":[{"href":"https:\/\/isalidellavita.it\/fr\/wp-json\/wp\/v2\/media?parent=1110"}],"curies":[{"name":"wp","href":"https:\/\/api.w.org\/{rel}","templated":true}]}}