{"id":1112,"date":"2018-01-09T19:45:21","date_gmt":"2018-01-09T19:45:21","guid":{"rendered":"https:\/\/isalidellavita.it\/armonia-e-bellezza\/"},"modified":"2018-02-10T14:45:07","modified_gmt":"2018-02-10T14:45:07","slug":"harmonie-et-beaute","status":"publish","type":"page","link":"https:\/\/isalidellavita.it\/fr\/harmonie-et-beaute\/","title":{"rendered":"Harmonie et Beaut\u00e9"},"content":{"rendered":"<p>[vc_row][vc_column][vc_column_text el_class=\u00a0\u00bbabout-des\u00a0\u00bb css=\u00a0\u00bb.vc_custom_1516684717512{padding-top: 60px !important;padding-bottom: 60px !important;}\u00a0\u00bb]<\/p>\n<div id=\"entries\">\n<div id=\"post-205\" class=\"post-205 page type-page status-publish hentry\">\n<div class=\"entry\">\n<div class=\"contents\">\n<h4>Une seule solution pour les piscines et les spas<\/h4>\n<p>L\u2019eau est depuis toujours un \u00e9l\u00e9ment essentiel au bien-\u00eatre.<br \/>\nElle aide \u00e0 composer les programmes de \u00ab\u00a0remise en forme\u00a0\u00bb et les parcours de sant\u00e9.<br \/>\nQui plus est, l\u2019\u00e9volution du monde du fitness, de l\u2019hydroth\u00e9rapie et de l\u2019aquagym a pouss\u00e9 la plupart des salles de gym \u00e0 se munir de bassins et d\u2019accessoires d\u2019hydroth\u00e9rapie pour am\u00e9liorer la forme mentale et la forme physique de leur client\u00e8le.<br \/>\nDepuis que les laboratoires Barchemicals ont cr\u00e9\u00e9 I Sali della Vita, le concept de Salus Per Aquam, c.-\u00e0-d. \u00ab\u00a0la sant\u00e9 par l\u2019eau\u00a0\u00bb, a d\u00e9sormais une signification plus ample et plus profonde que par le pass\u00e9.<\/p>\n<h4>Forts o\u00f9 ils doivent l\u2019\u00eatre, mais d\u00e9licats sur la peau<\/h4>\n<p>En effet, la recomposition des eaux thermales et thalasso, dans les piscines et les spas, procure aux utilisateurs tous les bienfaits de l\u2019immersion dans une solution saline, et optimise ainsi les effets de l\u2019hydroth\u00e9rapie.<br \/>\nNous en voulons pour preuve la tradition thermale des anciens Romains, ainsi que l\u2019exploitation des propri\u00e9t\u00e9s th\u00e9rapeutiques des eaux de la Mer Morte, o\u00f9 aurait apparemment \u00e9t\u00e9 construit le tout premier institut bien-\u00eatre de l\u2019histoire.<br \/>\nSelon la l\u00e9gende, Cl\u00e9op\u00e2tre et la Reine de Saba furent les premi\u00e8res \u00e0 appr\u00e9cier les extraordinaires vertus hydratantes des min\u00e9raux et des eaux-m\u00e8res de la Mer Morte.<br \/>\nSes eaux contiennent, en effet, plus de vingt types de min\u00e9raux, dont le Potassium, le Magn\u00e9sium et le Calcium, tr\u00e8s semblables \u00e0 ceux qui se trouvent naturellement sur notre peau.<br \/>\nPar contre, le sel marin \u00ab\u00a0ordinaire\u00a0\u00bb pr\u00e9sente une forte concentration de Chlorure de sodium qui, dans les eaux de la Mer Morte, n\u2019est pr\u00e9sent qu\u2019\u00e0 un faible pourcentage (15%). Le sel de la Mer Morte est plus riche en Magn\u00e9sium (32%) et en Potassium (25%).<\/p>\n<p>C\u2019est pr\u00e9cis\u00e9ment la forte concentration en Magn\u00e9sium et en Potassium reproduite par biostabilisation dans I Sali della Vita \u2013 Eau-m\u00e8re qui entra\u00eene, par osmose, une absorption de ces min\u00e9raux par la peau, au profit d\u2019effets b\u00e9n\u00e9fiques sur tout l\u2019organisme.<\/p>\n<\/div>\n<\/div>\n<\/div>\n<\/div>\n<p>[\/vc_column_text][\/vc_column][\/vc_row]<\/p>\n","protected":false},"excerpt":{"rendered":"<p>[vc_row][vc_column][vc_column_text el_class=\u00a0\u00bbabout-des\u00a0\u00bb css=\u00a0\u00bb.vc_custom_1516684717512{padding-top: 60px !important;padding-bottom: 60px !important;}\u00a0\u00bb] Une seule solution pour les piscines et les spas L\u2019eau est depuis toujours un \u00e9l\u00e9ment essentiel au bien-\u00eatre. Elle aide \u00e0 composer les programmes de \u00ab\u00a0remise en forme\u00a0\u00bb et les parcours de sant\u00e9. Qui plus est, l\u2019\u00e9volution du monde du fitness, de l\u2019hydroth\u00e9rapie et de l\u2019aquagym a pouss\u00e9&#8230;<\/p>\n","protected":false},"author":2,"featured_media":0,"parent":0,"menu_order":0,"comment_status":"closed","ping_status":"closed","template":"","meta":[],"_links":{"self":[{"href":"https:\/\/isalidellavita.it\/fr\/wp-json\/wp\/v2\/pages\/1112"}],"collection":[{"href":"https:\/\/isalidellavita.it\/fr\/wp-json\/wp\/v2\/pages"}],"about":[{"href":"https:\/\/isalidellavita.it\/fr\/wp-json\/wp\/v2\/types\/page"}],"author":[{"embeddable":true,"href":"https:\/\/isalidellavita.it\/fr\/wp-json\/wp\/v2\/users\/2"}],"replies":[{"embeddable":true,"href":"https:\/\/isalidellavita.it\/fr\/wp-json\/wp\/v2\/comments?post=1112"}],"version-history":[{"count":2,"href":"https:\/\/isalidellavita.it\/fr\/wp-json\/wp\/v2\/pages\/1112\/revisions"}],"predecessor-version":[{"id":1127,"href":"https:\/\/isalidellavita.it\/fr\/wp-json\/wp\/v2\/pages\/1112\/revisions\/1127"}],"wp:attachment":[{"href":"https:\/\/isalidellavita.it\/fr\/wp-json\/wp\/v2\/media?parent=1112"}],"curies":[{"name":"wp","href":"https:\/\/api.w.org\/{rel}","templated":true}]}}