{"id":1114,"date":"2018-01-09T19:44:41","date_gmt":"2018-01-09T19:44:41","guid":{"rendered":"https:\/\/isalidellavita.it\/natura\/"},"modified":"2018-02-10T14:50:52","modified_gmt":"2018-02-10T14:50:52","slug":"nature","status":"publish","type":"page","link":"https:\/\/isalidellavita.it\/fr\/nature\/","title":{"rendered":"Nature"},"content":{"rendered":"<p>[vc_row][vc_column][vc_column_text el_class=\u00a0\u00bbabout-des\u00a0\u00bb css=\u00a0\u00bb.vc_custom_1516684769634{padding-top: 60px !important;padding-bottom: 60px !important;}\u00a0\u00bb]<\/p>\n<h4>Pour la gestion \u00e9cologique de votre piscine<\/h4>\n<p>I Sali della Vita assurent la durabilit\u00e9 biologique des piscines et respectent l\u2019environnement. Le magn\u00e9sium et le potassium sont essentiels, non seulement au monde animal, mais aussi au monde v\u00e9g\u00e9tal, puisqu\u2019ils constituent un facteur primordial pour la croissance des plantes.<br \/>\nC\u2019est d\u2019ailleurs pour cette raison que, \u00e0 condition de respecter les concentrations de sel pr\u00e9vues par la loi, il est possible de vidanger directement l\u2019eau de piscine provenant du lavage \u00e0 contre-courant des filtres, ou de la r\u00e9utiliser pour arroser les gazons.<br \/>\nUne fois que la concentration saline est r\u00e9tablie dans les limites biologiques, la v\u00e9g\u00e9tation est revigor\u00e9e, et non pas br\u00fbl\u00e9e.<br \/>\nContrairement au sel ordinaire, I Sali della Vita n\u2019entra\u00eenent pas la corrosion des structures m\u00e9talliques situ\u00e9es \u00e0 proximit\u00e9 des bassins, ni le jaunissement de l\u2019herbe alentour.<br \/>\nI Sali della Vita sont biocompatibles et test\u00e9s biologiquement.<br \/>\nLes tests men\u00e9s par les laboratoires Barchemicals et par les laboratoires universitaires, prouvent que les solutions I Sali della Vita de 5000 ppm sont compatibles, \u00e0 long terme, avec la faune (Carassius auratus) et avec la flore.<br \/>\nAvec I Sali della Vita, votre piscine sera parfaitement d\u00e9sinfect\u00e9e, propre et \u00e9cophile.<br \/>\nL\u2019action bact\u00e9ricide et bact\u00e9riostatique de I Sali della Vita permet de r\u00e9duire consid\u00e9rablement l\u2019usage des substances chimiques agressives qui sont g\u00e9n\u00e9ralement ajout\u00e9es \u00e0 l\u2019eau de la piscine pour garantir sa d\u00e9sinfection et, par cons\u00e9quent, sa propret\u00e9.<br \/>\nLa d\u00e9sinfection par I Sali della Vita peut aussi s\u2019assortir d\u2019instruments non nuisibles \u00e0 l\u2019environnement pour assurer une diminution significative des r\u00e9percussions que comporte la gestion d\u2019une piscine.[\/vc_column_text][\/vc_column][\/vc_row]<\/p>\n","protected":false},"excerpt":{"rendered":"<p>[vc_row][vc_column][vc_column_text el_class=\u00a0\u00bbabout-des\u00a0\u00bb css=\u00a0\u00bb.vc_custom_1516684769634{padding-top: 60px !important;padding-bottom: 60px !important;}\u00a0\u00bb] Pour la gestion \u00e9cologique de votre piscine I Sali della Vita assurent la durabilit\u00e9 biologique des piscines et respectent l\u2019environnement. Le magn\u00e9sium et le potassium sont essentiels, non seulement au monde animal, mais aussi au monde v\u00e9g\u00e9tal, puisqu\u2019ils constituent un facteur primordial pour la croissance des plantes. C\u2019est&#8230;<\/p>\n","protected":false},"author":2,"featured_media":0,"parent":0,"menu_order":0,"comment_status":"closed","ping_status":"closed","template":"","meta":[],"_links":{"self":[{"href":"https:\/\/isalidellavita.it\/fr\/wp-json\/wp\/v2\/pages\/1114"}],"collection":[{"href":"https:\/\/isalidellavita.it\/fr\/wp-json\/wp\/v2\/pages"}],"about":[{"href":"https:\/\/isalidellavita.it\/fr\/wp-json\/wp\/v2\/types\/page"}],"author":[{"embeddable":true,"href":"https:\/\/isalidellavita.it\/fr\/wp-json\/wp\/v2\/users\/2"}],"replies":[{"embeddable":true,"href":"https:\/\/isalidellavita.it\/fr\/wp-json\/wp\/v2\/comments?post=1114"}],"version-history":[{"count":2,"href":"https:\/\/isalidellavita.it\/fr\/wp-json\/wp\/v2\/pages\/1114\/revisions"}],"predecessor-version":[{"id":1129,"href":"https:\/\/isalidellavita.it\/fr\/wp-json\/wp\/v2\/pages\/1114\/revisions\/1129"}],"wp:attachment":[{"href":"https:\/\/isalidellavita.it\/fr\/wp-json\/wp\/v2\/media?parent=1114"}],"curies":[{"name":"wp","href":"https:\/\/api.w.org\/{rel}","templated":true}]}}