{"id":1116,"date":"2018-01-09T19:43:59","date_gmt":"2018-01-09T19:43:59","guid":{"rendered":"https:\/\/isalidellavita.it\/versatilita\/"},"modified":"2018-02-10T14:55:48","modified_gmt":"2018-02-10T14:55:48","slug":"souplesse-demploi","status":"publish","type":"page","link":"https:\/\/isalidellavita.it\/fr\/souplesse-demploi\/","title":{"rendered":"Souplesse d\u2019emploi"},"content":{"rendered":"<p>[vc_row][vc_column][vc_column_text el_class=\u00a0\u00bbabout-des\u00a0\u00bb css=\u00a0\u00bb.vc_custom_1516684843452{padding-top: 60px !important;padding-bottom: 60px !important;}\u00a0\u00bb]<\/p>\n<h4>Les min\u00e9raux du bien-\u00eatre<\/h4>\n<p>I Sali della Vita permettent de recomposer les propri\u00e9t\u00e9s des eaux \u00ab\u00a0alcalines sal\u00e9es iod\u00e9es magn\u00e9siennes\u00a0\u00bb dans les spas et dans les piscines, o\u00f9 il n\u2019est pas possible d\u2019utiliser des eaux de cette nature en raison de leur distance \u00e9loign\u00e9e des sources thermales.<br \/>\nI Sali della Vita conviennent \u00e0 tous les types de structures aquatiques et de bassins, conform\u00e9ment \u00e0 leur syst\u00e8me constructif.<br \/>\nCinq gammes I Sali della Vita sont propos\u00e9es pour les diverses applications, ind\u00e9pendamment des contraintes infrastructurelles et structurelles.<br \/>\nLes experts et revendeurs Barchemicals restent \u00e0 votre disposition pour vous conseiller les produits les plus adapt\u00e9s \u00e0 vos exigences et besoins.[\/vc_column_text][\/vc_column][\/vc_row]<\/p>\n","protected":false},"excerpt":{"rendered":"<p>[vc_row][vc_column][vc_column_text el_class=\u00a0\u00bbabout-des\u00a0\u00bb css=\u00a0\u00bb.vc_custom_1516684843452{padding-top: 60px !important;padding-bottom: 60px !important;}\u00a0\u00bb] Les min\u00e9raux du bien-\u00eatre I Sali della Vita permettent de recomposer les propri\u00e9t\u00e9s des eaux \u00ab\u00a0alcalines sal\u00e9es iod\u00e9es magn\u00e9siennes\u00a0\u00bb dans les spas et dans les piscines, o\u00f9 il n\u2019est pas possible d\u2019utiliser des eaux de cette nature en raison de leur distance \u00e9loign\u00e9e des sources thermales. I Sali&#8230;<\/p>\n","protected":false},"author":2,"featured_media":0,"parent":0,"menu_order":0,"comment_status":"closed","ping_status":"closed","template":"","meta":[],"_links":{"self":[{"href":"https:\/\/isalidellavita.it\/fr\/wp-json\/wp\/v2\/pages\/1116"}],"collection":[{"href":"https:\/\/isalidellavita.it\/fr\/wp-json\/wp\/v2\/pages"}],"about":[{"href":"https:\/\/isalidellavita.it\/fr\/wp-json\/wp\/v2\/types\/page"}],"author":[{"embeddable":true,"href":"https:\/\/isalidellavita.it\/fr\/wp-json\/wp\/v2\/users\/2"}],"replies":[{"embeddable":true,"href":"https:\/\/isalidellavita.it\/fr\/wp-json\/wp\/v2\/comments?post=1116"}],"version-history":[{"count":2,"href":"https:\/\/isalidellavita.it\/fr\/wp-json\/wp\/v2\/pages\/1116\/revisions"}],"predecessor-version":[{"id":1131,"href":"https:\/\/isalidellavita.it\/fr\/wp-json\/wp\/v2\/pages\/1116\/revisions\/1131"}],"wp:attachment":[{"href":"https:\/\/isalidellavita.it\/fr\/wp-json\/wp\/v2\/media?parent=1116"}],"curies":[{"name":"wp","href":"https:\/\/api.w.org\/{rel}","templated":true}]}}