{"id":1132,"date":"2018-01-09T19:43:28","date_gmt":"2018-01-09T19:43:28","guid":{"rendered":"https:\/\/isalidellavita.it\/linee\/"},"modified":"2018-02-10T15:00:31","modified_gmt":"2018-02-10T15:00:31","slug":"gammes","status":"publish","type":"page","link":"https:\/\/isalidellavita.it\/fr\/gammes\/","title":{"rendered":"Gammes"},"content":{"rendered":"<p>[vc_row][vc_column][vc_column_text css=\u00a0\u00bb.vc_custom_1516685035468{padding-top: 60px !important;padding-bottom: 60px !important;}\u00a0\u00bb el_class=\u00a0\u00bbabout-des\u00a0\u00bb]<\/p>\n<div id=\"entries\">\n<div id=\"post-310\" class=\"post-310 page type-page status-publish hentry\">\n<div class=\"entry\">\n<div class=\"contents\">\n<h4>Gamme No-Chlor ad Ossigeno (sans chlore \u00e0 l\u2019oxyg\u00e8ne)<\/h4>\n<p>Le top de gamme de I Sali della Vita. Applications\u00a0: piscines priv\u00e9es et spas, pour les adeptes des produits naturels<br \/>\nsans chlore.<br \/>\n\u2022 <strong>EAU-M\u00c8RE<\/strong> \u2013 solution satur\u00e9e biostabilis\u00e9e.<br \/>\n\u2022 <strong>BIOACID<\/strong> \u2013 correcteur de pH naturel.<br \/>\n\u2022 <strong>BIOZONO<\/strong> \u2013 oxydant \u00e0 base de peroxyacides naturels.<\/p>\n<h4>Gamme pour st\u00e9rilisateurs au sel<\/h4>\n<p>Elle s\u2019adresse aux clients qui veulent, \u00e0 la fois, garder une st\u00e9rilisation au sel et remplacer le sel de cuisine ordinaire par I Sali della Vita pour b\u00e9n\u00e9ficier de leurs bienfaits.<br \/>\n\u2022 <strong>EAU-M\u00c8RE<\/strong> \u2013 solution satur\u00e9e biostabilis\u00e9e.<br \/>\n\u2022 <strong>BIOACID<\/strong> \u2013 correcteur de pH naturel.<br \/>\n\u2022 <strong>BIOSTART\u00a0<\/strong>&#8211; I Sali della Vita en grains pour le d\u00e9marrage des bassins trait\u00e9s par \u00e9lectrolyse au sel.<\/p>\n<h4>Gamme pour piscines publiques<\/h4>\n<p>Conform\u00e9ment aux normes en vigueur , ind\u00e9pendamment de l\u2019application de I Sali della Vita dans le bassin des piscines publiques, le chlore reste obligatoire pour assurer la d\u00e9sinfection de base.<br \/>\nLes bienfaits et les caract\u00e9ristiques bact\u00e9riostatiques de I Sali della Vita \u2013 Eau-m\u00e8re assurent en permanence la qualit\u00e9 de l\u2019eau et une hygi\u00e8ne excellente. En effet, la solution diminue la concentration de chlore n\u00e9cessaire et \u00e9vite ainsi les effets secondaires occasionn\u00e9s par son emploi \u00e0 des fortes doses.<br \/>\n\u2022 <strong>EAU-M\u00c8RE<\/strong> \u2013 solution satur\u00e9e biostabilis\u00e9e.<br \/>\n\u2022 <strong>BIOACID<\/strong> \u2013 correcteur de pH naturel.<br \/>\n\u2022 <strong>BIOQUARK Fast<\/strong> \u2013 pastilles d\u2019hypochlorite de calcium additionn\u00e9 de I Sali della Vita et d\u2019anticalcaire.<\/p>\n<h4>Gamme SPA<\/h4>\n<p>Cette gamme repropose les bienfaits de I Sali della Vita dans les spas ou jacuzzis priv\u00e9s.<br \/>\nElle est aussi parfaite pour les douches \u00e9motionnelles et les bains turcs.<br \/>\nSa formule aux essences balsamiques naturelles magnifie la sensation de bien-\u00eatre et de relax, davantage exalt\u00e9e par l\u2019inhalation du brouillard salin d\u00e9gag\u00e9 par les jets.<br \/>\n\u2022 <strong>BIOSOL<\/strong> \u2013 I Sali della Vita, solution satur\u00e9e disponible en plusieurs parfums\u00a0: Eucalyptus, Menthol, Algaribe, Vanille.<\/p>\n<h4>Gamme Piscines naturelles et Piscines biologiques<\/h4>\n<p>La gamme s\u2019adresse aux amateurs et aux propri\u00e9taires de piscines biologiques ou naturelles qui veulent b\u00e9n\u00e9ficier des propri\u00e9t\u00e9s naturelles de I Sali della Vita.<br \/>\nLe produit est biocompatible et il ne modifie pas l\u2019\u00e9quilibre de la microflore ni celui de la faune aquatique.<br \/>\n\u2022 <strong>BIOLAKE<\/strong> \u2013 Solution satur\u00e9e formule \u00e9quilibr\u00e9e pour piscines biologiques et naturelles.<\/p>\n<h4>Produits accessoires<\/h4>\n<p>\u2022 <strong>BIOSAN<\/strong> \u2013 bact\u00e9ricide, algicide, clarificateur<br \/>\n\u2022 <strong>BIOSHOCK<\/strong> \u2013 produit sp\u00e9cial pour des traitements de choc<br \/>\n\u2022 <strong>BIOSTAB<\/strong> \u2013 activateur\/stabilisant sp\u00e9cial<br \/>\n\u2022 <strong>BIOQUARK<\/strong> \u2013 Longtime \u2013 pastilles d\u2019hypochlorite de calcium additionn\u00e9 de I Sali della Vita \u00e0 lib\u00e9ration lente \u2013 uniquement pour skimmers.<br \/>\n\u2022 <strong>BIOROCK<\/strong> \u2013 grains de sel pour les grottes de sel.<\/p>\n<\/div>\n<\/div>\n<\/div>\n<\/div>\n<p>[\/vc_column_text][\/vc_column][\/vc_row]<\/p>\n","protected":false},"excerpt":{"rendered":"<p>[vc_row][vc_column][vc_column_text css=\u00a0\u00bb.vc_custom_1516685035468{padding-top: 60px !important;padding-bottom: 60px !important;}\u00a0\u00bb el_class=\u00a0\u00bbabout-des\u00a0\u00bb] Gamme No-Chlor ad Ossigeno (sans chlore \u00e0 l\u2019oxyg\u00e8ne) Le top de gamme de I Sali della Vita. Applications\u00a0: piscines priv\u00e9es et spas, pour les adeptes des produits naturels sans chlore. \u2022 EAU-M\u00c8RE \u2013 solution satur\u00e9e biostabilis\u00e9e. \u2022 BIOACID \u2013 correcteur de pH naturel. \u2022 BIOZONO \u2013 oxydant \u00e0&#8230;<\/p>\n","protected":false},"author":2,"featured_media":0,"parent":0,"menu_order":0,"comment_status":"closed","ping_status":"closed","template":"","meta":[],"_links":{"self":[{"href":"https:\/\/isalidellavita.it\/fr\/wp-json\/wp\/v2\/pages\/1132"}],"collection":[{"href":"https:\/\/isalidellavita.it\/fr\/wp-json\/wp\/v2\/pages"}],"about":[{"href":"https:\/\/isalidellavita.it\/fr\/wp-json\/wp\/v2\/types\/page"}],"author":[{"embeddable":true,"href":"https:\/\/isalidellavita.it\/fr\/wp-json\/wp\/v2\/users\/2"}],"replies":[{"embeddable":true,"href":"https:\/\/isalidellavita.it\/fr\/wp-json\/wp\/v2\/comments?post=1132"}],"version-history":[{"count":2,"href":"https:\/\/isalidellavita.it\/fr\/wp-json\/wp\/v2\/pages\/1132\/revisions"}],"predecessor-version":[{"id":1141,"href":"https:\/\/isalidellavita.it\/fr\/wp-json\/wp\/v2\/pages\/1132\/revisions\/1141"}],"wp:attachment":[{"href":"https:\/\/isalidellavita.it\/fr\/wp-json\/wp\/v2\/media?parent=1132"}],"curies":[{"name":"wp","href":"https:\/\/api.w.org\/{rel}","templated":true}]}}