{"id":1134,"date":"2018-01-09T19:41:53","date_gmt":"2018-01-09T19:41:53","guid":{"rendered":"https:\/\/isalidellavita.it\/prodotti\/"},"modified":"2018-02-10T15:05:19","modified_gmt":"2018-02-10T15:05:19","slug":"produits","status":"publish","type":"page","link":"https:\/\/isalidellavita.it\/fr\/produits\/","title":{"rendered":"Produits"},"content":{"rendered":"<p>[vc_row][vc_column width=\u00a0\u00bb2\/3&Prime;][vc_column_text el_class=\u00a0\u00bbabout-des\u00a0\u00bb css=\u00a0\u00bb.vc_custom_1516685514619{padding-top: 60px !important;padding-bottom: 60px !important;}\u00a0\u00bb]<strong>EAU-M\u00c8RE<\/strong>\u00a0\u2013 Solution satur\u00e9e biostabilis\u00e9e.<br \/>\nSous forme liquide. Il s\u2019agit d\u2019un m\u00e9lange \u00e9quilibr\u00e9 de sels min\u00e9raux \u00e0 base de magn\u00e9sium, de potassium, d\u2019iode et d\u2019oligo\u00e9l\u00e9ments qui composent des solutions hom\u00e9ostatiques pour les installations baln\u00e9aires. Avec anticalcaire. La formule liquide de l\u2019eau-m\u00e8re facilite la lib\u00e9ration du produit et \u00e9vite ainsi toute erreur de dosage.<br \/>\n<em>Formats\u00a0: 1 \u2013 5 \u2013 10 litres.<\/em><\/p>\n<p><strong>BIOACID<\/strong>\u00a0\u2013 Sous forme liquide, ce produit est un correcteur de pH naturel pour piscines, effet tampon bact\u00e9ricide et algicide, \u00e0 base d\u2019acides inorganiques tamponn\u00e9s et de sels min\u00e9raux. Avec magn\u00e9sium et potassium. Sa formule sp\u00e9ciale \u00e9quilibr\u00e9e diminue les polluants organiques et ma\u00eetrise la flore bact\u00e9rienne et les algues pour \u00e9viter la formation du biofilm et les d\u00e9p\u00f4ts calcaires sur les m\u00e9dias filtrants.<br \/>\n<em>Formats\u00a0: 1 \u2013 5 \u2013 10 litres.<\/em><\/p>\n<p><strong>BIOZONO<\/strong>\u00a0\u2013 Bio-oxydant et d\u00e9sinfectant d\u00e9licat sous forme liquide \u00e0 base de peroxydes naturels stabilis\u00e9s et d\u2019oligo\u00e9l\u00e9ments pour le traitement \u00ab\u00a0No Chlor\u00a0\u00bb de l\u2019eau de piscine.<br \/>\nLe produit \u00e9met de l\u2019oxyg\u00e8ne naissant actif.<br \/>\n<em>Formats\u00a0: 5 \u2013 10 litres.<\/em><\/p>\n<p><strong>BIO-OXI<\/strong>\u00a0\u2013\u00a0<strong>Bio agent oxydant sous forme liquide.<\/strong>\u00a0D\u00e9veloppe oxyg\u00e8ne actif. Particuli\u00e8rement adapt\u00e9 pour l\u2019eau \u00e0 forte teneur en sel<br \/>\n<em>Formats: 5 \u2013 10 litres.<\/em><\/p>\n<p><strong>BIOSTART- I Sali della Vita &#8211;<\/strong><br \/>\nSous forme de grains. Biostart est un m\u00e9lange de sels min\u00e9raux \u00e0 base de magn\u00e9sium, de potassium, d\u2019iode et d\u2019oligo\u00e9l\u00e9ments qui composent des solutions hom\u00e9ostatiques pour les installations baln\u00e9aires. Le produit contient des stabilisants du chlore et un anticalcaire. Il convient tout sp\u00e9cialement \u00e0 l\u2019ouverture des piscines et des spas, dont les syst\u00e8mes de d\u00e9sinfection utilisent des st\u00e9rilisateurs au sel.<br \/>\n<em>Format\u00a0: 25 kg.<\/em><\/p>\n<p><strong>BIOLAKE<\/strong>\u00a0\u2013 Eau-m\u00e8re ou biopolym\u00e8res naturels. Sous forme liquide\u00a0: ajouter au d\u00e9but de la saison dans les piscines biologiques et naturelles pour \u00e9quilibrer la teneur en min\u00e9raux de l\u2019eau. Le produit favorise l\u2019\u00e9quilibre du Bioplancton et du phytoplancton pour acc\u00e9l\u00e9rer, au printemps, le d\u00e9veloppement des plantes aquatiques. Il contribue \u00e0 ma\u00eetriser les algues et optimise la clart\u00e9 de l\u2019eau.<br \/>\n<em>Format\u00a0: 25 kg.<\/em><\/p>\n<p><strong>BIOQUARK Fast<\/strong>\u00a0\u2013 Pastilles sp\u00e9ciales d\u2019hypochlorite de calcium additionn\u00e9 de I Sali della Vita, d\u2019agents anticalcaires et d\u2019agents algicides \u00e0 lib\u00e9ration contr\u00f4l\u00e9e \u2013 \u00e0 utiliser dans les syst\u00e8mes de dilution pr\u00e9vus \u00e0 cet effet (DDS).<br \/>\n<em>Formats\u00a0: 10 et 25 kg.<\/em><\/p>\n<p><strong>BIOQUARK \u2013 Long Time<\/strong>\u00a0\u2013 Pastilles sp\u00e9ciales d\u2019hypochlorite de calcium additionn\u00e9 de I Sali della Vita, d\u2019agents anticalcaires et d\u2019agents algicides \u00e0 lib\u00e9ration lente \u2013 \u00e0 utiliser exclusivement dans les skimmers de piscines ou spas.<br \/>\n<em>Formats\u00a0: 5 et 10 kg.<\/em><\/p>\n<p><strong>BIOSOL<\/strong>\u00a0\u2013 Ce produit est propos\u00e9 sous forme liquide balsamique. Il s\u2019agit d\u2019un m\u00e9lange \u00e9quilibr\u00e9 de sels min\u00e9raux \u00e0 base de magn\u00e9sium, de potassium, d\u2019iode, d\u2019essence balsamique et d\u2019oligo\u00e9l\u00e9ments qui composent des solutions hom\u00e9ostatiques \u00e0 haut pouvoir bact\u00e9riostatique pour les installations baln\u00e9aires.<br \/>\n<em>Formats\u00a0: 1 \u2013 5 \u2013 10 litres.<\/em><\/p>\n<p><strong>BIOSAN<\/strong>\u00a0\u2013 M\u00e9lange liquide \u00e0 haut pouvoir antibact\u00e9rien \u00e0 base de polym\u00e8res \u00e0 cha\u00eene longue et de biopolym\u00e8res naturels pour le traitement de l\u2019eau de piscine. Le produit pr\u00e9vient et combat la formation du biofilm et la prolif\u00e9ration des algues.<br \/>\n<em>Format\u00a0: 5 litres.<\/em><\/p>\n<p><strong>BIOSHOCK<\/strong>\u00a0\u2013 Sous forme de grains. Agent oxydant et d\u00e9sinfectant \u00e0 base de peroxydes stabilis\u00e9s pour un traitement choc de l\u2019eau de piscine.<br \/>\n<em>Format\u00a0: 5 kg.<\/em><\/p>\n<p><strong>BIOSTAB<\/strong><br \/>\nActivateur sp\u00e9cial sous forme de grains pour les bassins trait\u00e9s par \u00e9lectrolyse au sel. Le produit augmente la production de chlore des st\u00e9rilisateurs au sel. Il r\u00e9duit la formation des d\u00e9p\u00f4ts calcaires sur les \u00e9lectrodes pour favoriser et stabiliser la production de chlore dans le bassin.<br \/>\n<em>Format\u00a0: 5 kg.<\/em><\/p>\n<p><strong>BIOROCK<\/strong><br \/>\nI Sali della Vita sous forme de grains pour les grottes de sel.<br \/>\n<em>Format\u00a0: 25 kg.<\/em><\/p>\n<h4>Accessoires<\/h4>\n<p>Depuis plusieurs ann\u00e9es, les laboratoires Barchemicals s\u2019occupent de Recherche et D\u00e9veloppement dans le secteur des produits et technologies biocompatibles qui ne nuisent pas \u00e0 l\u2019environnement. Parall\u00e8lement \u00e0 I Sali della Vita, les laboratoires ont mis au point un large choix de technologies qui r\u00e9duisent au minimum l\u2019impact occasionn\u00e9 sur l\u2019environnement par les m\u00e9thodes de traitement et d\u00e9sinfection des piscines et spas.<\/p>\n<p><strong>Gamme VitroSphere\u00ae Nano<\/strong>: un nouveau m\u00e9dia filtrant \u00e0 base de microbilles de verre pour pr\u00e9venir la formation du biofilm.<br \/>\n<strong>Gamme BioMat<\/strong>\u00a0: un m\u00e9dia filtrant qui utilise les nanotechnologies pour la r\u00e9duction des<br \/>\nchloramines.<br \/>\n<strong>Gamme MultiCyclone<\/strong>\u00a0: pr\u00e9filtre cyclonique pour consommer moins d\u2019eau.<br \/>\n<strong>Gamme BioSalt<\/strong>\u00a0: biost\u00e9rilisateur sel \u00e0 technologie combin\u00e9e. Fonctionne avec des faibles concentrations de sel.<br \/>\n<strong>Gamme BioSonic<\/strong>\u00a0: st\u00e9rilisateur \u00e0 cavitation.<br \/>\n<strong>Gamme BioTitanium<\/strong>\u00a0: tuyaux UV effet optimis\u00e9 par les nanotechnologies.<br \/>\n<strong>Gamme Heliosan<\/strong>\u00a0: syst\u00e8me int\u00e9gr\u00e9 qui exploite le rayonnement solaire pour chauffer et pour d\u00e9sinfecter l\u2019eau de piscine.[\/vc_column_text][\/vc_column][vc_column width=\u00a0\u00bb1\/3&Prime;][vc_single_image image=\u00a0\u00bb728&Prime; img_size=\u00a0\u00bbfull\u00a0\u00bb css=\u00a0\u00bb.vc_custom_1515529903776{padding-top: 60px !important;}\u00a0\u00bb][\/vc_column][\/vc_row]<\/p>\n","protected":false},"excerpt":{"rendered":"<p>[vc_row][vc_column width=\u00a0\u00bb2\/3&Prime;][vc_column_text el_class=\u00a0\u00bbabout-des\u00a0\u00bb css=\u00a0\u00bb.vc_custom_1516685514619{padding-top: 60px !important;padding-bottom: 60px !important;}\u00a0\u00bb]EAU-M\u00c8RE\u00a0\u2013 Solution satur\u00e9e biostabilis\u00e9e. Sous forme liquide. Il s\u2019agit d\u2019un m\u00e9lange \u00e9quilibr\u00e9 de sels min\u00e9raux \u00e0 base de magn\u00e9sium, de potassium, d\u2019iode et d\u2019oligo\u00e9l\u00e9ments qui composent des solutions hom\u00e9ostatiques pour les installations baln\u00e9aires. Avec anticalcaire. La formule liquide de l\u2019eau-m\u00e8re facilite la lib\u00e9ration du produit et \u00e9vite ainsi&#8230;<\/p>\n","protected":false},"author":2,"featured_media":0,"parent":0,"menu_order":0,"comment_status":"closed","ping_status":"closed","template":"","meta":[],"_links":{"self":[{"href":"https:\/\/isalidellavita.it\/fr\/wp-json\/wp\/v2\/pages\/1134"}],"collection":[{"href":"https:\/\/isalidellavita.it\/fr\/wp-json\/wp\/v2\/pages"}],"about":[{"href":"https:\/\/isalidellavita.it\/fr\/wp-json\/wp\/v2\/types\/page"}],"author":[{"embeddable":true,"href":"https:\/\/isalidellavita.it\/fr\/wp-json\/wp\/v2\/users\/2"}],"replies":[{"embeddable":true,"href":"https:\/\/isalidellavita.it\/fr\/wp-json\/wp\/v2\/comments?post=1134"}],"version-history":[{"count":2,"href":"https:\/\/isalidellavita.it\/fr\/wp-json\/wp\/v2\/pages\/1134\/revisions"}],"predecessor-version":[{"id":1143,"href":"https:\/\/isalidellavita.it\/fr\/wp-json\/wp\/v2\/pages\/1134\/revisions\/1143"}],"wp:attachment":[{"href":"https:\/\/isalidellavita.it\/fr\/wp-json\/wp\/v2\/media?parent=1134"}],"curies":[{"name":"wp","href":"https:\/\/api.w.org\/{rel}","templated":true}]}}