{"id":1136,"date":"2018-01-09T19:37:47","date_gmt":"2018-01-09T19:37:47","guid":{"rendered":"https:\/\/isalidellavita.it\/chi-siamo\/"},"modified":"2018-02-10T15:09:21","modified_gmt":"2018-02-10T15:09:21","slug":"qui-etes","status":"publish","type":"page","link":"https:\/\/isalidellavita.it\/fr\/qui-etes\/","title":{"rendered":"Qui \u00eates"},"content":{"rendered":"<p>[vc_row][vc_column][vc_column_text el_class=\u00a0\u00bbabout-des\u00a0\u00bb css=\u00a0\u00bb.vc_custom_1516685895080{padding-top: 60px !important;padding-bottom: 60px !important;}\u00a0\u00bb]<\/p>\n<h2>La formule parfaite<\/h2>\n<p>Barchemicals Group repr\u00e9sente une r\u00e9alit\u00e9 enti\u00e8rement italienne compos\u00e9e aujourd&rsquo;hui de 5 entreprises qui partagent des projets, des visions et des valeurs.<\/p>\n<p>Elle intervient dans le secteur du traitement primaire, potable et des eaux de piscines, en Italie et \u00e0 l&rsquo;\u00e9tranger, couvrant tous les probl\u00e8mes de gestion, notamment en mati\u00e8re de d\u00e9sinfection et de traitement des eaux, de d\u00e9sinfection et d&rsquo;assainissement, de contr\u00f4le et d&rsquo;automatisation.<\/p>\n<h2>Gouvernance d&rsquo;entreprise<\/h2>\n<p>Le groupe Barchemicals peut se pr\u00e9valoir d&rsquo;un haut niveau de d\u00e9cision et d&rsquo;efficacit\u00e9 op\u00e9rationnelle gr\u00e2ce \u00e0 une strat\u00e9gie de gestion dans laquelle les dirigeants de l&rsquo;entreprise font souvent partie de la structure sociale de l&rsquo;entreprise. Cela garantit la stabilit\u00e9, l&rsquo;efficacit\u00e9, la r\u00e9activit\u00e9 et la fiabilit\u00e9 du groupe.<\/p>\n<p>Il intervient dans le secteur de l&rsquo;eau primaire, potable et de piscine, en Italie et \u00e0 l&rsquo;\u00e9tranger, couvrant tous les probl\u00e8mes de gestion, en particulier dans le domaine de la d\u00e9sinfection et du traitement de l&rsquo;eau, de la d\u00e9sinfection et de l&rsquo;assainissement. .<\/p>\n<h2>Nos valeurs<\/h2>\n<p><strong>1. Orientation client:<\/strong><br \/>\nNos produits et services doivent r\u00e9pondre aux besoins de nos clients<br \/>\nNous \u00e9coutons leurs conseils pour am\u00e9liorer notre offre et r\u00e9pondre \u00e0 leurs besoins<br \/>\nNous visons \u00e0 cr\u00e9er un lien durable avec eux bas\u00e9 sur la confiance, la fiabilit\u00e9 et la collaboration<br \/>\nNous soutenons les clients avec un service d&rsquo;assistance efficace, rapide et professionnel<\/p>\n<p><strong>2. Excellence dans la qualit\u00e9 des produits et services:<\/strong><br \/>\nNous travaillons toujours avec des standards de qualit\u00e9 \u00e9lev\u00e9s<br \/>\nNous am\u00e9liorons constamment notre offre et la fiabilit\u00e9 de nos produits gr\u00e2ce \u00e0 notre syst\u00e8me qualit\u00e9 ISO 9001<br \/>\nNous offrons \u00e0 nos clients des solutions techniques et des brevets \u00e0 forte valeur ajout\u00e9e<\/p>\n<p><strong>3. Mettre l&rsquo;accent sur l&rsquo;innovation et l&rsquo;\u00e9volution<\/strong><br \/>\nNotre bureau de recherche et d\u00e9veloppement nous permet d&rsquo;\u00eatre toujours en avance sur l&rsquo;offre de produits et de technologies<br \/>\nNous appr\u00e9cions les id\u00e9es de nos employ\u00e9s<br \/>\nNotre pr\u00e9sence dans le secteur depuis plus de 30 ans est la base de notre recherche et d\u00e9veloppement<\/p>\n<p><strong>4. Nous croyons en l&rsquo;\u00e9quipe:<\/strong><br \/>\nNos succ\u00e8s sont le fruit de la collaboration entre notre personnel, nos clients et nos fournisseurs<br \/>\nNous sommes conscients que notre force r\u00e9side dans nos ressources humaines<br \/>\nNous favorisons la croissance personnelle et professionnelle de ceux qui travaillent avec nous<\/p>\n<p><strong>5. Nous faisons la promotion du Made in Italy dans le monde:<\/strong><br \/>\nNous croyons au style, \u00e0 l&rsquo;inspiration et aux id\u00e9es r\u00e9volutionnaires de l&rsquo;esprit italien et nous le promouvons dans le monde<\/p>\n<p><strong>6. Nous croyons en l&rsquo;internationalisation:<\/strong><br \/>\nNous croyons au march\u00e9 mondial sans pr\u00e9jug\u00e9s envers les innovations et technologies d&rsquo;autres pays<\/p>\n<h2>Marques du groupe<\/h2>\n<p><strong>Barchemicals<\/strong> op\u00e8re dans le secteur de l&rsquo;eau et des piscines.<\/p>\n<p><strong>Engineering Corporation<\/strong> est un chef de file dans la production de syst\u00e8mes de purification de l&rsquo;eau et de syst\u00e8mes de contr\u00f4le et de comptage.<\/p>\n<p><strong>Barchemicals Biopharma<\/strong> a \u00e9t\u00e9 cr\u00e9\u00e9 pour satisfaire la n\u00e9cessit\u00e9 de garantir la sant\u00e9 des personnes.<br \/>\nProfitant des comp\u00e9tences chimico-pharmaceutiques de son personnel, elle intervient dans la recherche et le d\u00e9veloppement de produits, de syst\u00e8mes et de m\u00e9thodes pour assurer l&rsquo;\u00e9quilibre et la bios\u00e9curit\u00e9 des eaux potables, sanitaires et r\u00e9cr\u00e9atives. Il favorise \u00e9galement la formation du personnel interne et de ses clients.<\/p>\n<p><strong>Alpha Aqua<\/strong> est active dans le domaine des technologies et des syst\u00e8mes pour le traitement, la d\u00e9sinfection et la filtration de l&rsquo;eau de piscine.<\/p>\n<p><strong>B &amp; B Service<\/strong> est le dernier n\u00e9, mais pas le moins important pour cela. Il repr\u00e9sente la nouvelle philosophie de l&rsquo;entreprise o\u00f9 le marketing op\u00e9rationnel et strat\u00e9gique, la formation du personnel et le suivi de la satisfaction du client seront un point fort de notre approche du client dans la prochaine d\u00e9cennie.<\/p>\n<p><strong>RPI, Research Projects<\/strong>, intervient principalement dans le domaine de l&rsquo;assistance technique et commerciale, en fournissant aux entreprises du groupe et \u00e0 ses clients des services fiables et de qualit\u00e9, ainsi qu&rsquo;un r\u00e9seau de vente exceptionnel.<\/p>\n<p><img loading=\"lazy\" class=\"alignnone size-medium wp-image-1147\" src=\"https:\/\/isalidellavita.it\/wp-content\/uploads\/2018\/01\/perfect.jpg\" alt=\"\" width=\"600\" height=\"586\" srcset=\"https:\/\/isalidellavita.it\/wp-content\/uploads\/2018\/01\/perfect.jpg 1000w, https:\/\/isalidellavita.it\/wp-content\/uploads\/2018\/01\/perfect-300x293.jpg 300w, https:\/\/isalidellavita.it\/wp-content\/uploads\/2018\/01\/perfect-768x751.jpg 768w\" sizes=\"(max-width: 600px) 100vw, 600px\" \/><br \/>\n<strong>\u00a0<\/strong>[\/vc_column_text][\/vc_column][\/vc_row]<\/p>\n","protected":false},"excerpt":{"rendered":"<p>[vc_row][vc_column][vc_column_text el_class=\u00a0\u00bbabout-des\u00a0\u00bb css=\u00a0\u00bb.vc_custom_1516685895080{padding-top: 60px !important;padding-bottom: 60px !important;}\u00a0\u00bb] La formule parfaite Barchemicals Group repr\u00e9sente une r\u00e9alit\u00e9 enti\u00e8rement italienne compos\u00e9e aujourd&rsquo;hui de 5 entreprises qui partagent des projets, des visions et des valeurs. Elle intervient dans le secteur du traitement primaire, potable et des eaux de piscines, en Italie et \u00e0 l&rsquo;\u00e9tranger, couvrant tous les probl\u00e8mes de&#8230;<\/p>\n","protected":false},"author":2,"featured_media":0,"parent":0,"menu_order":0,"comment_status":"closed","ping_status":"closed","template":"","meta":[],"_links":{"self":[{"href":"https:\/\/isalidellavita.it\/fr\/wp-json\/wp\/v2\/pages\/1136"}],"collection":[{"href":"https:\/\/isalidellavita.it\/fr\/wp-json\/wp\/v2\/pages"}],"about":[{"href":"https:\/\/isalidellavita.it\/fr\/wp-json\/wp\/v2\/types\/page"}],"author":[{"embeddable":true,"href":"https:\/\/isalidellavita.it\/fr\/wp-json\/wp\/v2\/users\/2"}],"replies":[{"embeddable":true,"href":"https:\/\/isalidellavita.it\/fr\/wp-json\/wp\/v2\/comments?post=1136"}],"version-history":[{"count":4,"href":"https:\/\/isalidellavita.it\/fr\/wp-json\/wp\/v2\/pages\/1136\/revisions"}],"predecessor-version":[{"id":1149,"href":"https:\/\/isalidellavita.it\/fr\/wp-json\/wp\/v2\/pages\/1136\/revisions\/1149"}],"wp:attachment":[{"href":"https:\/\/isalidellavita.it\/fr\/wp-json\/wp\/v2\/media?parent=1136"}],"curies":[{"name":"wp","href":"https:\/\/api.w.org\/{rel}","templated":true}]}}